{"id":290587,"date":"2025-03-02T07:15:36","date_gmt":"2025-03-02T07:15:36","guid":{"rendered":"https:\/\/staging.nbg.eu\/prodcut\/two-vets-tripod-with-area-419-arcalock-dual-clamp-the-qdt-v2-ls-i\/"},"modified":"2025-03-27T10:50:28","modified_gmt":"2025-03-27T10:50:28","slug":"two-vets-trikojis-su-area-419-arcalock-dvigubu-spaustuku-qdt-v2-ls-i","status":"publish","type":"product","link":"https:\/\/staging.nbg.eu\/lt\/produktas\/two-vets-trikojis-su-area-419-arcalock-dvigubu-spaustuku-qdt-v2-ls-i\/","title":{"rendered":"Two Vets trikojis su Area 419 ARCALOCK dvigubu spaustuku &#8211; QDT V2 LS I"},"content":{"rendered":"<h2>Two Vets trikojis su Area 419 ARCALOCK dvigubu spaustuvu &#8211; QDT V2 LS I<\/h2>\n<p>Pristatome GripChanger, nauj\u0105 \u0161audymo pried\u0173 linij\u0105. \u0160is 1 svaro krep\u0161ys tinka greitam pozicijos nustatymui ir naudojimui ma\u017eose angose. Jo dizainas leid\u017eia prisitvirtinti prie bet kokio pavir\u0161iaus, suteikdamas stabili\u0105 platform\u0105.<\/p>\n<h2>Rinkin\u012f sudaro:<\/h2>\n<ul>\n<li>1 Area 419 GripChanger krep\u0161ys<\/li>\n<li>1 ARCALOCK spaustuvas<\/li>\n<li>1 Area 419 b\u0117gio keitimo rankena<\/li>\n<\/ul>\n<p><strong>Matmenys:<\/strong> 25,4 cm \u00d7 7,6 cm \u00d7 5,1 cm<br \/>\n<strong>Gamintojas:<\/strong> Armageddon Gear<\/p>\n<p>GripChanger rinkinys gali pagerinti j\u016bs\u0173 \u0161audymo patirt\u012f.<\/p>\n","protected":false},"excerpt":{"rendered":"<p>Universalus trikojis su dvigubu fiksatoriumi greitoms ir stabilioms fotografavimo pozicijoms.<\/p>\n","protected":false},"featured_media":233730,"template":"","meta":{"_acf_changed":false},"product_brand":[11048],"product_cat":[13734,13741],"product_tag":[],"class_list":{"0":"post-290587","1":"product","2":"type-product","3":"status-publish","4":"has-post-thumbnail","6":"product_brand-area-419","7":"product_cat-dvikojes-atramos","8":"product_cat-sautuvas","10":"first","11":"instock","12":"taxable","13":"shipping-taxable","14":"purchasable","15":"product-type-simple"},"acf":[],"_links":{"self":[{"href":"https:\/\/staging.nbg.eu\/lt\/wp-json\/wp\/v2\/product\/290587","targetHints":{"allow":["GET"]}}],"collection":[{"href":"https:\/\/staging.nbg.eu\/lt\/wp-json\/wp\/v2\/product"}],"about":[{"href":"https:\/\/staging.nbg.eu\/lt\/wp-json\/wp\/v2\/types\/product"}],"wp:featuredmedia":[{"embeddable":true,"href":"https:\/\/staging.nbg.eu\/lt\/wp-json\/wp\/v2\/media\/233730"}],"wp:attachment":[{"href":"https:\/\/staging.nbg.eu\/lt\/wp-json\/wp\/v2\/media?parent=290587"}],"wp:term":[{"taxonomy":"product_brand","embeddable":true,"href":"https:\/\/staging.nbg.eu\/lt\/wp-json\/wp\/v2\/product_brand?post=290587"},{"taxonomy":"product_cat","embeddable":true,"href":"https:\/\/staging.nbg.eu\/lt\/wp-json\/wp\/v2\/product_cat?post=290587"},{"taxonomy":"product_tag","embeddable":true,"href":"https:\/\/staging.nbg.eu\/lt\/wp-json\/wp\/v2\/product_tag?post=290587"}],"curies":[{"name":"wp","href":"https:\/\/api.w.org\/{rel}","templated":true}]}}