{"id":290477,"date":"2025-03-02T06:50:24","date_gmt":"2025-03-27T10:28:28","guid":{"rendered":"https:\/\/staging.nbg.eu\/prodcut\/area-419-railchanger-shmedium-from-armageddon-gear\/"},"modified":"2025-03-27T10:30:53","modified_gmt":"2025-03-27T10:30:53","slug":"area-419-railchanger-shmedium-is-armageddon-gear","status":"publish","type":"product","link":"https:\/\/staging.nbg.eu\/lt\/produktas\/area-419-railchanger-shmedium-is-armageddon-gear\/","title":{"rendered":"Area 419 &#8211; RailChanger Shmedium is Armageddon Gear"},"content":{"rendered":"<h2>Area 419 &#8211; RailChanger Shmedium<\/h2>\n<h2>gamintojas: Armageddon Gear<\/h2>\n<p>RailChanger Shmedium yra \u0161audymo priedas. \u0160is GameChanger pasi\u017eymi tinkamu dyd\u017eiu ir tankiu u\u017epildu, tod\u0117l yra naudingas \u0161audykloje.<\/p>\n<ul>\n<li><strong>Dizainas:<\/strong> Turi lazeriu i\u0161pjautas plok\u0161teles vir\u0161uje ir \u0161one, kad b\u016bt\u0173 galima pritvirtinti prie RCX<\/li>\n<li><strong>Dydis:<\/strong> 8 \u00d7 6 \u00d7 6 coli\u0173<\/li>\n<li><strong>Svoris:<\/strong> 7 svarai<\/li>\n<li><strong>Kokyb\u0117:<\/strong> Pagaminta Armageddon Gear<\/li>\n<\/ul>\n<p>RailChanger Shmedium yra krep\u0161ys, kur\u012f naudojame \u0161audykloje. Jis yra funkcionalus ir gerai suprojektuotas.<\/p>\n","protected":false},"excerpt":{"rendered":"<p>Kompakti\u0161kas, tankaus u\u017epildymo GameChanger skirtas RCX. Tobulas palydovas \u0161audykloje.<\/p>\n","protected":false},"featured_media":233498,"template":"","meta":{"_acf_changed":false},"product_brand":[11048],"product_cat":[13741,390],"product_tag":[],"class_list":{"0":"post-290477","1":"product","2":"type-product","3":"status-publish","4":"has-post-thumbnail","6":"product_brand-area-419","7":"product_cat-sautuvas","8":"product_cat-aiming","10":"first","11":"instock","12":"taxable","13":"shipping-taxable","14":"purchasable","15":"product-type-simple"},"acf":[],"_links":{"self":[{"href":"https:\/\/staging.nbg.eu\/lt\/wp-json\/wp\/v2\/product\/290477","targetHints":{"allow":["GET"]}}],"collection":[{"href":"https:\/\/staging.nbg.eu\/lt\/wp-json\/wp\/v2\/product"}],"about":[{"href":"https:\/\/staging.nbg.eu\/lt\/wp-json\/wp\/v2\/types\/product"}],"wp:featuredmedia":[{"embeddable":true,"href":"https:\/\/staging.nbg.eu\/lt\/wp-json\/wp\/v2\/media\/233498"}],"wp:attachment":[{"href":"https:\/\/staging.nbg.eu\/lt\/wp-json\/wp\/v2\/media?parent=290477"}],"wp:term":[{"taxonomy":"product_brand","embeddable":true,"href":"https:\/\/staging.nbg.eu\/lt\/wp-json\/wp\/v2\/product_brand?post=290477"},{"taxonomy":"product_cat","embeddable":true,"href":"https:\/\/staging.nbg.eu\/lt\/wp-json\/wp\/v2\/product_cat?post=290477"},{"taxonomy":"product_tag","embeddable":true,"href":"https:\/\/staging.nbg.eu\/lt\/wp-json\/wp\/v2\/product_tag?post=290477"}],"curies":[{"name":"wp","href":"https:\/\/api.w.org\/{rel}","templated":true}]}}