{"id":290354,"date":"2025-03-02T06:33:52","date_gmt":"2025-03-27T10:03:05","guid":{"rendered":"https:\/\/staging.nbg.eu\/prodcut\/area-419-railchanger-og-bag\/"},"modified":"2025-03-27T10:05:33","modified_gmt":"2025-03-27T10:05:33","slug":"area-419-railchanger-og-krepsys","status":"publish","type":"product","link":"https:\/\/staging.nbg.eu\/lt\/produktas\/area-419-railchanger-og-krepsys\/","title":{"rendered":"Area 419 &#8211; RailChanger OG krep\u0161ys"},"content":{"rendered":"<h2>Area 419 &#8211; RailChanger OG krep\u0161ys<\/h2>\n<p>RailChanger OG nuo Armageddon Gear &#8211; priedas RCX sistemai. \u0160is pilno dyd\u017eio OG GameChanger turi specialiai lazeriu i\u0161pjautas vir\u0161utines ir \u0161onines plok\u0161tes, leid\u017eian\u010dias integruoti su RCX sistema.<\/p>\n<h2>Pagrindin\u0117s savyb\u0117s:<\/h2>\n<ul>\n<li>Sukurtas RCX sistemai<\/li>\n<li>Specialiai i\u0161pjautos plok\u0161t\u0117s tvirtam pritvirtinimui<\/li>\n<li>Pilno dyd\u017eio OG GameChanger dizainas<\/li>\n<li>Tvirta konstrukcija ilgalaikiam naudojimui<\/li>\n<\/ul>\n<h2>Specifikacijos:<\/h2>\n<ul>\n<li>Svoris: 3,17 kg<\/li>\n<li>Matmenys: 25,4 \u00d7 17,8 \u00d7 15,2 cm<\/li>\n<li>Galimos spalvos: Juoda, Sm\u0117lio<\/li>\n<\/ul>\n<p>RailChanger OG &#8211; krep\u0161ys, sukurtas RCX sistemai. Skirtas pagerinti \u0161audymo tikslum\u0105 ir stabilum\u0105.<\/p>\n","protected":false},"excerpt":{"rendered":"<p>Specialus \u201eGameChanger&#8221; krep\u0161ys RCX: lazeriu i\u0161pjautos plok\u0161t\u0117s, pilno dyd\u017eio, universalus.<\/p>\n","protected":false},"featured_media":233473,"template":"","meta":{"_acf_changed":false},"product_brand":[11048],"product_cat":[13741],"product_tag":[],"class_list":{"0":"post-290354","1":"product","2":"type-product","3":"status-publish","4":"has-post-thumbnail","6":"product_brand-area-419","7":"product_cat-sautuvas","9":"first","10":"outofstock","11":"taxable","12":"shipping-taxable","13":"purchasable","14":"product-type-variable","15":"wvs-archive-product-wrapper"},"acf":[],"_links":{"self":[{"href":"https:\/\/staging.nbg.eu\/lt\/wp-json\/wp\/v2\/product\/290354","targetHints":{"allow":["GET"]}}],"collection":[{"href":"https:\/\/staging.nbg.eu\/lt\/wp-json\/wp\/v2\/product"}],"about":[{"href":"https:\/\/staging.nbg.eu\/lt\/wp-json\/wp\/v2\/types\/product"}],"wp:featuredmedia":[{"embeddable":true,"href":"https:\/\/staging.nbg.eu\/lt\/wp-json\/wp\/v2\/media\/233473"}],"wp:attachment":[{"href":"https:\/\/staging.nbg.eu\/lt\/wp-json\/wp\/v2\/media?parent=290354"}],"wp:term":[{"taxonomy":"product_brand","embeddable":true,"href":"https:\/\/staging.nbg.eu\/lt\/wp-json\/wp\/v2\/product_brand?post=290354"},{"taxonomy":"product_cat","embeddable":true,"href":"https:\/\/staging.nbg.eu\/lt\/wp-json\/wp\/v2\/product_cat?post=290354"},{"taxonomy":"product_tag","embeddable":true,"href":"https:\/\/staging.nbg.eu\/lt\/wp-json\/wp\/v2\/product_tag?post=290354"}],"curies":[{"name":"wp","href":"https:\/\/api.w.org\/{rel}","templated":true}]}}