{"id":290226,"date":"2025-03-02T10:02:47","date_gmt":"2025-03-02T10:02:47","guid":{"rendered":"https:\/\/staging.nbg.eu\/prodcut\/area-419-arcalock-rail-for-barrett-mrad-mk22-sniper-system\/"},"modified":"2025-03-27T09:57:46","modified_gmt":"2025-03-27T09:57:46","slug":"area-419-arcalock-begelis-barrett-mrad-mk22-snaiperiu-sistemai","status":"publish","type":"product","link":"https:\/\/staging.nbg.eu\/lt\/produktas\/area-419-arcalock-begelis-barrett-mrad-mk22-snaiperiu-sistemai\/","title":{"rendered":"Area 419 &#8211; ARCALOCK b\u0117gelis Barrett MRAD, MK22 snaiperi\u0173 sistemai"},"content":{"rendered":"<div class=\"product-description\">\n<h2>Area 419 &#8211; ARCALOCK b\u0117gelis Barrett MRAD, MK22 snaiperi\u0173 sistemai<\/h2>\n<p>ARCALOCK b\u0117gelis i\u0161 Area 419, skirtas Barrett MRAD arba MK22 snaiperi\u0173 sistemai. \u0160is priedas si\u016blo:<\/p>\n<ul>\n<li>Integracija su Barrett MRAD ir MK22 platformomis<\/li>\n<li>7075-T6 aliuminio konstrukcija<\/li>\n<li>ARCALOCK tvirtinimo sistema<\/li>\n<li>Pailgintas vir\u0161utinis b\u0117gelis papildomiems priedams<\/li>\n<li>M-LOK suderinamos \u0161on\u0173 ir apa\u010dios dalys<\/li>\n<li>Lengvas dizainas<\/li>\n<li>Anodizuota apdaila atsparumui korozijai<\/li>\n<\/ul>\n<p>Area 419 ARCALOCK b\u0117gelis &#8211; priedas skirtas \u0161auliams ir kari\u0161kiams.<\/p>\n<\/div>\n","protected":false},"excerpt":{"rendered":"<p>Tiksliai suprojektuotas ARCALOCK b\u0117gelis, skirtas Barrett MRAD\/MK22. Pagerina tikslum\u0105 ir pried\u0173 tvirtinim\u0105.<\/p>\n","protected":false},"featured_media":234169,"template":"","meta":{"_acf_changed":false},"product_brand":[11048],"product_cat":[13689,13741],"product_tag":[],"class_list":{"0":"post-290226","1":"product","2":"type-product","3":"status-publish","4":"has-post-thumbnail","6":"product_brand-area-419","7":"product_cat-begiai","8":"product_cat-sautuvas","10":"first","11":"instock","12":"taxable","13":"shipping-taxable","14":"purchasable","15":"product-type-simple"},"acf":[],"_links":{"self":[{"href":"https:\/\/staging.nbg.eu\/lt\/wp-json\/wp\/v2\/product\/290226","targetHints":{"allow":["GET"]}}],"collection":[{"href":"https:\/\/staging.nbg.eu\/lt\/wp-json\/wp\/v2\/product"}],"about":[{"href":"https:\/\/staging.nbg.eu\/lt\/wp-json\/wp\/v2\/types\/product"}],"wp:featuredmedia":[{"embeddable":true,"href":"https:\/\/staging.nbg.eu\/lt\/wp-json\/wp\/v2\/media\/234169"}],"wp:attachment":[{"href":"https:\/\/staging.nbg.eu\/lt\/wp-json\/wp\/v2\/media?parent=290226"}],"wp:term":[{"taxonomy":"product_brand","embeddable":true,"href":"https:\/\/staging.nbg.eu\/lt\/wp-json\/wp\/v2\/product_brand?post=290226"},{"taxonomy":"product_cat","embeddable":true,"href":"https:\/\/staging.nbg.eu\/lt\/wp-json\/wp\/v2\/product_cat?post=290226"},{"taxonomy":"product_tag","embeddable":true,"href":"https:\/\/staging.nbg.eu\/lt\/wp-json\/wp\/v2\/product_tag?post=290226"}],"curies":[{"name":"wp","href":"https:\/\/api.w.org\/{rel}","templated":true}]}}