{"id":289787,"date":"2025-03-01T16:03:10","date_gmt":"2025-03-26T21:35:55","guid":{"rendered":"https:\/\/staging.nbg.eu\/prodcut\/area-419-arcalock-8-universal-dovetail-rail\/"},"modified":"2025-03-26T21:38:25","modified_gmt":"2025-03-26T21:38:25","slug":"area-419-arcalock-8-universalus-kregzdes-uodegos-begelis","status":"publish","type":"product","link":"https:\/\/staging.nbg.eu\/lt\/produktas\/area-419-arcalock-8-universalus-kregzdes-uodegos-begelis\/","title":{"rendered":"Area 419 &#8211; ARCALOCK 8&#8243; universalus kreg\u017ed\u0117s uodegos b\u0117gelis"},"content":{"rendered":"<div class=\"product-description\">\n<h2>Area 419 &#8211; ARCALOCK 8&#8243; universalus kreg\u017ed\u0117s uodegos b\u0117gelis<\/h2>\n<p>ARCALOCK 8&#8243; universalus kreg\u017ed\u0117s uodegos b\u0117gelis i\u0161 Area 419 turi \u0161ias savybes:<\/p>\n<ul>\n<li>Dantytus \u0161onus mechaniniam fiksavimui su Area 419 spaustuvais<\/li>\n<li>Suderinamum\u0105 su standartiniais ARCA priedais<\/li>\n<li>8&#8243; ilg\u012f pilnam priekinio galo padengimui<\/li>\n<li>Lengv\u0105 konstrukcij\u0105, sverian\u010di\u0105 tik 3 uncijas<\/li>\n<li>Atitikim\u0105 RRS 1.5&#8243; kreg\u017ed\u0117s uodegos standartui<\/li>\n<li>Suapvalintus kra\u0161tus<\/li>\n<li>3 tipo kiet\u0105 anoduot\u0105 apdail\u0105<\/li>\n<li>Pagaminta JAV i\u0161 6061-T6 aliuminio<\/li>\n<\/ul>\n<p>ARCALOCK b\u0117geli\u0173 sistema skirta pagerinti \u0161audymo stabilum\u0105 ir universalum\u0105.<\/p>\n<\/div>\n","protected":false},"excerpt":{"rendered":"<p>Area 419 ARCALOCK: 8 coli\u0173 fiksuojamas kreg\u017ed\u0117s uodegos b\u0117gelis preciziniams \u0161autuvams.<\/p>\n","protected":false},"featured_media":232893,"template":"","meta":{"_acf_changed":false},"product_brand":[11048],"product_cat":[13689,13741,390],"product_tag":[],"class_list":{"0":"post-289787","1":"product","2":"type-product","3":"status-publish","4":"has-post-thumbnail","6":"product_brand-area-419","7":"product_cat-begiai","8":"product_cat-sautuvas","9":"product_cat-aiming","11":"first","12":"instock","13":"taxable","14":"shipping-taxable","15":"purchasable","16":"product-type-simple"},"acf":[],"_links":{"self":[{"href":"https:\/\/staging.nbg.eu\/lt\/wp-json\/wp\/v2\/product\/289787","targetHints":{"allow":["GET"]}}],"collection":[{"href":"https:\/\/staging.nbg.eu\/lt\/wp-json\/wp\/v2\/product"}],"about":[{"href":"https:\/\/staging.nbg.eu\/lt\/wp-json\/wp\/v2\/types\/product"}],"wp:featuredmedia":[{"embeddable":true,"href":"https:\/\/staging.nbg.eu\/lt\/wp-json\/wp\/v2\/media\/232893"}],"wp:attachment":[{"href":"https:\/\/staging.nbg.eu\/lt\/wp-json\/wp\/v2\/media?parent=289787"}],"wp:term":[{"taxonomy":"product_brand","embeddable":true,"href":"https:\/\/staging.nbg.eu\/lt\/wp-json\/wp\/v2\/product_brand?post=289787"},{"taxonomy":"product_cat","embeddable":true,"href":"https:\/\/staging.nbg.eu\/lt\/wp-json\/wp\/v2\/product_cat?post=289787"},{"taxonomy":"product_tag","embeddable":true,"href":"https:\/\/staging.nbg.eu\/lt\/wp-json\/wp\/v2\/product_tag?post=289787"}],"curies":[{"name":"wp","href":"https:\/\/api.w.org\/{rel}","templated":true}]}}