{"id":289682,"date":"2025-03-01T15:55:52","date_gmt":"2025-03-26T21:32:37","guid":{"rendered":"https:\/\/staging.nbg.eu\/prodcut\/area-419-arcalock-4-25-universal-dovetail-rail\/"},"modified":"2025-03-26T21:35:11","modified_gmt":"2025-03-26T21:35:11","slug":"area-419-arcalock-425-universalus-kregzdes-uodegos-begelis","status":"publish","type":"product","link":"https:\/\/staging.nbg.eu\/lt\/produktas\/area-419-arcalock-425-universalus-kregzdes-uodegos-begelis\/","title":{"rendered":"Area 419 &#8211; ARCALOCK 4.25&#8243; universalus kreg\u017ed\u0117s uodegos b\u0117gelis"},"content":{"rendered":"<h2>Area 419 &#8211; ARCALOCK 4,25&#8243; universalus kreg\u017ed\u0117s uodegos b\u0117gelis<\/h2>\n<p>Area 419 ARCALOCK 4,25&#8243; universalus kreg\u017ed\u0117s uodegos b\u0117gelis. \u0160is b\u0117gelis pagamintas i\u0161 6061 aliuminio lydinio.<\/p>\n<h2>Pagrindin\u0117s savyb\u0117s:<\/h2>\n<ul>\n<li>Med\u017eiaga: 6061 aliuminio lydinys<\/li>\n<li>Apdaila: Juoda anodizuota danga<\/li>\n<li>Ilgis: 4,25 colio<\/li>\n<li>Universalus kreg\u017ed\u0117s uodegos dizainas<\/li>\n<li>Tiksliai apdirbtas<\/li>\n<\/ul>\n<h2>Produkto specifikacijos:<\/h2>\n<ul>\n<li>Svoris: 1 svaras<\/li>\n<li>Matmenys: 8 \u00d7 4 \u00d7 1 coli\u0173<\/li>\n<li>Gamintojas: Area 419<\/li>\n<\/ul>\n<p>\u0160is ARCALOCK b\u0117gelis skirtas \u012fvairi\u0173 pried\u0173 tvirtinimui. Tinka var\u017eyb\u0173 dalyviams ir entuziastams.<\/p>\n","protected":false},"excerpt":{"rendered":"<p>Area 419 ARCALOCK: Patvari 4,25 coli\u0173 kreg\u017ed\u0117s uodegos tipo kreipiamoji, juodo anoduoto aliuminio.<\/p>\n","protected":false},"featured_media":232777,"template":"","meta":{"_acf_changed":false},"product_brand":[11048],"product_cat":[13689,13741,390],"product_tag":[],"class_list":{"0":"post-289682","1":"product","2":"type-product","3":"status-publish","4":"has-post-thumbnail","6":"product_brand-area-419","7":"product_cat-begiai","8":"product_cat-sautuvas","9":"product_cat-aiming","11":"first","12":"instock","13":"taxable","14":"shipping-taxable","15":"purchasable","16":"product-type-simple"},"acf":[],"_links":{"self":[{"href":"https:\/\/staging.nbg.eu\/lt\/wp-json\/wp\/v2\/product\/289682","targetHints":{"allow":["GET"]}}],"collection":[{"href":"https:\/\/staging.nbg.eu\/lt\/wp-json\/wp\/v2\/product"}],"about":[{"href":"https:\/\/staging.nbg.eu\/lt\/wp-json\/wp\/v2\/types\/product"}],"wp:featuredmedia":[{"embeddable":true,"href":"https:\/\/staging.nbg.eu\/lt\/wp-json\/wp\/v2\/media\/232777"}],"wp:attachment":[{"href":"https:\/\/staging.nbg.eu\/lt\/wp-json\/wp\/v2\/media?parent=289682"}],"wp:term":[{"taxonomy":"product_brand","embeddable":true,"href":"https:\/\/staging.nbg.eu\/lt\/wp-json\/wp\/v2\/product_brand?post=289682"},{"taxonomy":"product_cat","embeddable":true,"href":"https:\/\/staging.nbg.eu\/lt\/wp-json\/wp\/v2\/product_cat?post=289682"},{"taxonomy":"product_tag","embeddable":true,"href":"https:\/\/staging.nbg.eu\/lt\/wp-json\/wp\/v2\/product_tag?post=289682"}],"curies":[{"name":"wp","href":"https:\/\/api.w.org\/{rel}","templated":true}]}}