{"id":289571,"date":"2025-03-01T14:21:59","date_gmt":"2025-03-26T21:28:21","guid":{"rendered":"https:\/\/staging.nbg.eu\/prodcut\/area-419-arcalock-10%e2%80%b3-universal-dovetail-rail\/"},"modified":"2025-03-26T21:31:00","modified_gmt":"2025-03-26T21:31:00","slug":"area-419-arcalock-10-universalus-kregzdes-uodegos-begelis","status":"publish","type":"product","link":"https:\/\/staging.nbg.eu\/lt\/produktas\/area-419-arcalock-10-universalus-kregzdes-uodegos-begelis\/","title":{"rendered":"Area 419 &#8211; ARCALOCK 10\u2033 universalus kreg\u017ed\u0117s uodegos b\u0117gelis"},"content":{"rendered":"<div class=\"product-description\">\n<h2>Area 419 &#8211; ARCALOCK 10&#8243; universalus kreg\u017ed\u0117s uodegos b\u0117gelis<\/h2>\n<p>Area 419 ARCALOCK 10&#8243; universalus kreg\u017ed\u0117s uodegos b\u0117gelis turi \u0161ias savybes:<\/p>\n<ul>\n<li>Dantytus \u0161onus mechaniniam fiksavimui su Area 419 gnybtais<\/li>\n<li>Suderinamumas su standartiniais Arca priedais<\/li>\n<li>Lengvas dizainas, svoris tik 4,1 uncijos<\/li>\n<li>Atitinka RRS 1,5&#8243; kreg\u017ed\u0117s uodegos standart\u0105<\/li>\n<li>Nusklembti kra\u0161tai patogumui ir saugumui<\/li>\n<li>Pagamintas i\u0161 6061-T6 aliuminio su 3 tipo kietu anodavimu<\/li>\n<li>Pagaminta JAV<\/li>\n<li>M-LOK angos papildom\u0173 pried\u0173 tvirtinimui<\/li>\n<\/ul>\n<p><strong>Pastaba:<\/strong> Reikalauja 6 nuosekli\u0173 MLOK ang\u0173 tvirtinimui. Buo\u017e\u0117ms su ma\u017eiau ang\u0173, apsvarstykite 12&#8243; universal\u0173 b\u0117gel\u012f.<\/p>\n<p>ARCALOCK kreg\u017ed\u0117s uodegos b\u0117geli\u0173 sistema skirta tiksliam \u0161audymui.<\/p>\n<\/div>\n","protected":false},"excerpt":{"rendered":"<p>ARCALOCK 10&#8243; universalus kreg\u017ed\u0117s uodegos b\u0117gelis: Saugus, universalus MLOK tvirtinimas tikslaus \u0161audymo \u0161autuvams.<\/p>\n","protected":false},"featured_media":232427,"template":"","meta":{"_acf_changed":false},"product_brand":[11048],"product_cat":[13689,13741,390],"product_tag":[],"class_list":{"0":"post-289571","1":"product","2":"type-product","3":"status-publish","4":"has-post-thumbnail","6":"product_brand-area-419","7":"product_cat-begiai","8":"product_cat-sautuvas","9":"product_cat-aiming","11":"first","12":"instock","13":"taxable","14":"shipping-taxable","15":"purchasable","16":"product-type-simple"},"acf":[],"_links":{"self":[{"href":"https:\/\/staging.nbg.eu\/lt\/wp-json\/wp\/v2\/product\/289571","targetHints":{"allow":["GET"]}}],"collection":[{"href":"https:\/\/staging.nbg.eu\/lt\/wp-json\/wp\/v2\/product"}],"about":[{"href":"https:\/\/staging.nbg.eu\/lt\/wp-json\/wp\/v2\/types\/product"}],"wp:featuredmedia":[{"embeddable":true,"href":"https:\/\/staging.nbg.eu\/lt\/wp-json\/wp\/v2\/media\/232427"}],"wp:attachment":[{"href":"https:\/\/staging.nbg.eu\/lt\/wp-json\/wp\/v2\/media?parent=289571"}],"wp:term":[{"taxonomy":"product_brand","embeddable":true,"href":"https:\/\/staging.nbg.eu\/lt\/wp-json\/wp\/v2\/product_brand?post=289571"},{"taxonomy":"product_cat","embeddable":true,"href":"https:\/\/staging.nbg.eu\/lt\/wp-json\/wp\/v2\/product_cat?post=289571"},{"taxonomy":"product_tag","embeddable":true,"href":"https:\/\/staging.nbg.eu\/lt\/wp-json\/wp\/v2\/product_tag?post=289571"}],"curies":[{"name":"wp","href":"https:\/\/api.w.org\/{rel}","templated":true}]}}