{"id":289435,"date":"2025-03-01T15:46:12","date_gmt":"2025-03-26T21:24:12","guid":{"rendered":"https:\/\/staging.nbg.eu\/prodcut\/area-419-arcalock-14-universal-dovetail-rail\/"},"modified":"2025-03-26T21:26:44","modified_gmt":"2025-03-26T21:26:44","slug":"area-419-arcalock-14-universalus-kregzdes-uodegos-begelis","status":"publish","type":"product","link":"https:\/\/staging.nbg.eu\/lt\/produktas\/area-419-arcalock-14-universalus-kregzdes-uodegos-begelis\/","title":{"rendered":"Area 419 &#8211; ARCALOCK 14&#8243; universalus kreg\u017ed\u0117s uodegos b\u0117gelis"},"content":{"rendered":"<h2>Area 419 &#8211; ARCALOCK 14&#8243; Universalus Kreg\u017ed\u0117s uodegos b\u0117gelis<\/h2>\n<p>ARCALOCK 14&#8243; Universalus Kreg\u017ed\u0117s uodegos b\u0117gelis i\u0161 Area 419 turi \u0161ias savybes:<\/p>\n<ul>\n<li>Dantytus \u0161onus mechaniniam fiksavimui su Area 419 spaustuvais<\/li>\n<li>65 fiksavimo pozicijos 14&#8243; b\u0117gelyje<\/li>\n<li>Atgalinis suderinamumas su standartiniais Arca priedais<\/li>\n<li>Dantytas fiksuotas galinis barikados stabdis su prailginimo ki\u0161tuku<\/li>\n<li>Lengvas dizainas, sveria tik 5.6 uncijas<\/li>\n<li>Pagamintas pagal RRS 1.5&#8243; Kreg\u017ed\u0117s uodegos standart\u0105<\/li>\n<li>Suapvalinti kampai ir nusklembti kra\u0161tai patogumui<\/li>\n<li>3 tipo kietai anoduoto 6061-T6 aliuminio konstrukcija<\/li>\n<li>Pagaminta JAV<\/li>\n<\/ul>\n<p>ARCALOCK b\u0117geli\u0173 sistema skirta tikslumui ir na\u0161umui.<\/p>\n","protected":false},"excerpt":{"rendered":"<p>\u201eU\u017erakinamas ARCA b\u0117gelis preciziniams \u0161autuvams. 35,6 cm ilgio, 65 pozicijos, 159 gramai.&#8221;<\/p>\n","protected":false},"featured_media":232590,"template":"","meta":{"_acf_changed":false},"product_brand":[11048],"product_cat":[13689,13741,390],"product_tag":[],"class_list":{"0":"post-289435","1":"product","2":"type-product","3":"status-publish","4":"has-post-thumbnail","6":"product_brand-area-419","7":"product_cat-begiai","8":"product_cat-sautuvas","9":"product_cat-aiming","11":"first","12":"instock","13":"taxable","14":"shipping-taxable","15":"purchasable","16":"product-type-simple"},"acf":[],"_links":{"self":[{"href":"https:\/\/staging.nbg.eu\/lt\/wp-json\/wp\/v2\/product\/289435","targetHints":{"allow":["GET"]}}],"collection":[{"href":"https:\/\/staging.nbg.eu\/lt\/wp-json\/wp\/v2\/product"}],"about":[{"href":"https:\/\/staging.nbg.eu\/lt\/wp-json\/wp\/v2\/types\/product"}],"wp:featuredmedia":[{"embeddable":true,"href":"https:\/\/staging.nbg.eu\/lt\/wp-json\/wp\/v2\/media\/232590"}],"wp:attachment":[{"href":"https:\/\/staging.nbg.eu\/lt\/wp-json\/wp\/v2\/media?parent=289435"}],"wp:term":[{"taxonomy":"product_brand","embeddable":true,"href":"https:\/\/staging.nbg.eu\/lt\/wp-json\/wp\/v2\/product_brand?post=289435"},{"taxonomy":"product_cat","embeddable":true,"href":"https:\/\/staging.nbg.eu\/lt\/wp-json\/wp\/v2\/product_cat?post=289435"},{"taxonomy":"product_tag","embeddable":true,"href":"https:\/\/staging.nbg.eu\/lt\/wp-json\/wp\/v2\/product_tag?post=289435"}],"curies":[{"name":"wp","href":"https:\/\/api.w.org\/{rel}","templated":true}]}}