{"id":289216,"date":"2025-03-05T07:40:12","date_gmt":"2025-03-05T07:40:12","guid":{"rendered":"https:\/\/staging.nbg.eu\/prodcut\/magpul-moe-sl-carbine-stock-for-ar15-m4\/"},"modified":"2025-03-26T21:06:56","modified_gmt":"2025-03-26T21:06:56","slug":"magpul-moe-sl-karabino-buoze-ar15-m4","status":"publish","type":"product","link":"https:\/\/staging.nbg.eu\/lt\/produktas\/magpul-moe-sl-karabino-buoze-ar15-m4\/","title":{"rendered":"Magpul &#8211; MOE SL karabino buo\u017ee AR15 \/ M4"},"content":{"rendered":"<h2>Magpul MOE SL buo\u017e\u0117 AR15 \/ M4 karabinui<\/h2>\n<p>Magpul MOE SL buo\u017e\u0117 yra skirta pakeisti standartin\u0119 AR15\/M4 karabino buo\u017e\u0119, tinkan\u010di\u0105 Mil-Spec pri\u0117mimo vamzd\u017eiams. \u0160i JAV gaminama buo\u017e\u0117 turi \u0161ias savybes:<\/p>\n<ul>\n<li>Profilis su pagerintu skruosto priglaudimu<\/li>\n<li>Dvipusiai atleidimo skl\u0105s\u010diai lengvam reguliavimui<\/li>\n<li>Suapvalinta apatin\u0117 dalis peties pad\u0117ties keitimui<\/li>\n<li>Guminis antgalis geresniam sukibimui ir apsaugai nuo sm\u016bgi\u0173<\/li>\n<li>Vidinis mechanizmas, ma\u017einantis bar\u0161k\u0117jim\u0105<\/li>\n<li>Integruotas QD dir\u017eo tvirtinimas ir 1.25&#8243; dir\u017eo kilpa<\/li>\n<li>Suderinama su \u012fvairiais dir\u017e\u0173 tvirtinimais<\/li>\n<\/ul>\n<p>Specifikacijos: 9.3 oz svoris, 3.3&#8243; ilgio reguliavimo diapazonas, tinka Mil-Spec vamzd\u017eiams nuo Colt, LMT, Ruger, S&amp;W, SIG ir kit\u0173 gamintoj\u0173.<\/p>\n<p><strong>Pastaba:<\/strong> Prie\u0161 pirkdami \u012fsitikinkite, kad buo\u017e\u0117 suderinama su j\u016bs\u0173 pri\u0117mimo vamzd\u017eio dyd\u017eiu.<\/p>\n","protected":false},"excerpt":{"rendered":"<p>Eleganti\u0161kas, reguliuojamas AR15\/M4 buo\u017e\u0117s mechanizmas. Dvipusis atleidimo mechanizmas, neslystantis padas, greitojo atjungimo tvirtinimas.<\/p>\n","protected":false},"featured_media":237990,"template":"","meta":{"_acf_changed":false},"product_brand":[11540],"product_cat":[13741,13701,13690],"product_tag":[],"class_list":{"0":"post-289216","1":"product","2":"type-product","3":"status-publish","4":"has-post-thumbnail","6":"product_brand-magpul","7":"product_cat-sautuvas","8":"product_cat-sautuvo-buozes","9":"product_cat-sautuvo-derinimas","11":"first","12":"outofstock","13":"taxable","14":"shipping-taxable","15":"purchasable","16":"product-type-simple"},"acf":[],"_links":{"self":[{"href":"https:\/\/staging.nbg.eu\/lt\/wp-json\/wp\/v2\/product\/289216","targetHints":{"allow":["GET"]}}],"collection":[{"href":"https:\/\/staging.nbg.eu\/lt\/wp-json\/wp\/v2\/product"}],"about":[{"href":"https:\/\/staging.nbg.eu\/lt\/wp-json\/wp\/v2\/types\/product"}],"wp:featuredmedia":[{"embeddable":true,"href":"https:\/\/staging.nbg.eu\/lt\/wp-json\/wp\/v2\/media\/237990"}],"wp:attachment":[{"href":"https:\/\/staging.nbg.eu\/lt\/wp-json\/wp\/v2\/media?parent=289216"}],"wp:term":[{"taxonomy":"product_brand","embeddable":true,"href":"https:\/\/staging.nbg.eu\/lt\/wp-json\/wp\/v2\/product_brand?post=289216"},{"taxonomy":"product_cat","embeddable":true,"href":"https:\/\/staging.nbg.eu\/lt\/wp-json\/wp\/v2\/product_cat?post=289216"},{"taxonomy":"product_tag","embeddable":true,"href":"https:\/\/staging.nbg.eu\/lt\/wp-json\/wp\/v2\/product_tag?post=289216"}],"curies":[{"name":"wp","href":"https:\/\/api.w.org\/{rel}","templated":true}]}}