{"id":289099,"date":"2025-03-05T07:17:43","date_gmt":"2025-03-26T19:44:52","guid":{"rendered":"https:\/\/staging.nbg.eu\/prodcut\/magpul-ctr-carbine-stock-for-ar15-m4\/"},"modified":"2025-03-26T19:47:27","modified_gmt":"2025-03-26T19:47:27","slug":"magpul-ctr-karabino-buoze-ar15-m4","status":"publish","type":"product","link":"https:\/\/staging.nbg.eu\/lt\/produktas\/magpul-ctr-karabino-buoze-ar15-m4\/","title":{"rendered":"Magpul &#8211; CTR\u2122 karabino buo\u017ee AR15 \/ M4"},"content":{"rendered":"<div class=\"product-description\">\n<h2>Magpul CTR\u2122 karabino buo\u017e\u0117 AR15 \/ M4<\/h2>\n<p>Magpul CTR (Kompakti\u0161kas\/Tipas Ribotas) \u2013 Mil-Spec modelis AR15 \/ M16 karabinui. \u0160i kei\u010diama buo\u017e\u0117 yra skirta lengvam, greitam veikimui ir turi:<\/p>\n<ul>\n<li>A-r\u0117mo profilis, siekiant i\u0161vengti u\u017ekliuvimo<\/li>\n<li>Apsaugotas atleidimo skl\u0105stis, apsaugantis nuo atsitiktinio aktyvavimo<\/li>\n<li>Papildoma trinties u\u017erakto sistema geresniam ginklo stabilumui<\/li>\n<li>Abipusis QD dir\u017eo tvirtinimas, suderinamas su mygtukiniais dir\u017eo suku\u010diais<\/li>\n<li>0,3 colio storio guminis antgalis geresniam pe\u010di\u0173 prispaudimui<\/li>\n<\/ul>\n<p>Suderinama su Mil-Spec dyd\u017eio pri\u0117mimo vamzd\u017eiais, \u0161i JAV pagaminta buo\u017e\u0117 si\u016blo 3,3 coli\u0173 ilgio reguliavimo diapazon\u0105. Maksimalus ilgis yra 7,0 coliai, o svoris \u2013 8,9 uncijos.<\/p>\n<p><strong>Pastaba:<\/strong> Suderinama tik su Mil-Spec pri\u0117mimo vamzd\u017eiais. Prie\u0161 pirkdami \u012fsitikinkite, kad j\u016bs\u0173 karabinas turi tinkam\u0105 vamzd\u012f.<\/p>\n<\/div>\n","protected":false},"excerpt":{"rendered":"<p>Kompakti\u0161kas AR15\/M4 buo\u017e\u0117s priedas. Modernaus dizaino, stabilus, su greitojo atjungimo dir\u017eo tvirtinimo ta\u0161ku.<\/p>\n","protected":false},"featured_media":237498,"template":"","meta":{"_acf_changed":false},"product_brand":[11540],"product_cat":[13741,13701,13690],"product_tag":[],"class_list":{"0":"post-289099","1":"product","2":"type-product","3":"status-publish","4":"has-post-thumbnail","6":"product_brand-magpul","7":"product_cat-sautuvas","8":"product_cat-sautuvo-buozes","9":"product_cat-sautuvo-derinimas","11":"first","12":"instock","13":"taxable","14":"shipping-taxable","15":"purchasable","16":"product-type-simple"},"acf":[],"_links":{"self":[{"href":"https:\/\/staging.nbg.eu\/lt\/wp-json\/wp\/v2\/product\/289099","targetHints":{"allow":["GET"]}}],"collection":[{"href":"https:\/\/staging.nbg.eu\/lt\/wp-json\/wp\/v2\/product"}],"about":[{"href":"https:\/\/staging.nbg.eu\/lt\/wp-json\/wp\/v2\/types\/product"}],"wp:featuredmedia":[{"embeddable":true,"href":"https:\/\/staging.nbg.eu\/lt\/wp-json\/wp\/v2\/media\/237498"}],"wp:attachment":[{"href":"https:\/\/staging.nbg.eu\/lt\/wp-json\/wp\/v2\/media?parent=289099"}],"wp:term":[{"taxonomy":"product_brand","embeddable":true,"href":"https:\/\/staging.nbg.eu\/lt\/wp-json\/wp\/v2\/product_brand?post=289099"},{"taxonomy":"product_cat","embeddable":true,"href":"https:\/\/staging.nbg.eu\/lt\/wp-json\/wp\/v2\/product_cat?post=289099"},{"taxonomy":"product_tag","embeddable":true,"href":"https:\/\/staging.nbg.eu\/lt\/wp-json\/wp\/v2\/product_tag?post=289099"}],"curies":[{"name":"wp","href":"https:\/\/api.w.org\/{rel}","templated":true}]}}