{"id":288427,"date":"2025-03-06T10:37:19","date_gmt":"2025-03-26T17:47:15","guid":{"rendered":"https:\/\/staging.nbg.eu\/prodcut\/ftcs-custom-ak-mod-9-handguard-m-lok-forward-curved\/"},"modified":"2025-03-26T17:47:15","modified_gmt":"2025-03-26T17:47:15","slug":"ftcs-custom-ak-mod-9-rankenele-m-lok-priekine-lenkta","status":"publish","type":"product","link":"https:\/\/staging.nbg.eu\/lt\/produktas\/ftcs-custom-ak-mod-9-rankenele-m-lok-priekine-lenkta\/","title":{"rendered":"FTCS &#8211; Custom AK Mod 9 ranken\u0117l\u0117 &#8211; M-LOK &#8211; priekin\u0117 lenkta"},"content":{"rendered":"","protected":false},"excerpt":{"rendered":"","protected":false},"featured_media":241324,"template":"","meta":{"_acf_changed":false},"product_brand":[11319],"product_cat":[13675,13741,13690,13712],"product_tag":[],"class_list":{"0":"post-288427","1":"product","2":"type-product","3":"status-publish","4":"has-post-thumbnail","6":"product_brand-ftcs","7":"product_cat-ak-derinimas","8":"product_cat-sautuvas","9":"product_cat-sautuvo-derinimas","10":"product_cat-sautuvo-rankenos","12":"first","13":"instock","14":"taxable","15":"shipping-taxable","16":"purchasable","17":"product-type-simple"},"acf":[],"_links":{"self":[{"href":"https:\/\/staging.nbg.eu\/lt\/wp-json\/wp\/v2\/product\/288427","targetHints":{"allow":["GET"]}}],"collection":[{"href":"https:\/\/staging.nbg.eu\/lt\/wp-json\/wp\/v2\/product"}],"about":[{"href":"https:\/\/staging.nbg.eu\/lt\/wp-json\/wp\/v2\/types\/product"}],"wp:featuredmedia":[{"embeddable":true,"href":"https:\/\/staging.nbg.eu\/lt\/wp-json\/wp\/v2\/media\/241324"}],"wp:attachment":[{"href":"https:\/\/staging.nbg.eu\/lt\/wp-json\/wp\/v2\/media?parent=288427"}],"wp:term":[{"taxonomy":"product_brand","embeddable":true,"href":"https:\/\/staging.nbg.eu\/lt\/wp-json\/wp\/v2\/product_brand?post=288427"},{"taxonomy":"product_cat","embeddable":true,"href":"https:\/\/staging.nbg.eu\/lt\/wp-json\/wp\/v2\/product_cat?post=288427"},{"taxonomy":"product_tag","embeddable":true,"href":"https:\/\/staging.nbg.eu\/lt\/wp-json\/wp\/v2\/product_tag?post=288427"}],"curies":[{"name":"wp","href":"https:\/\/api.w.org\/{rel}","templated":true}]}}