{"id":288177,"date":"2025-03-06T10:17:52","date_gmt":"2025-03-26T17:22:11","guid":{"rendered":"https:\/\/staging.nbg.eu\/prodcut\/ftcs-dong-handguard-m-lok-akm\/"},"modified":"2025-03-26T17:24:39","modified_gmt":"2025-03-26T17:24:39","slug":"ftcs-dong-rankenele-m-lok-akm","status":"publish","type":"product","link":"https:\/\/staging.nbg.eu\/lt\/produktas\/ftcs-dong-rankenele-m-lok-akm\/","title":{"rendered":"FTCS &#8211; &#8222;Dong&#8221; ranken\u0117l\u0117 &#8211; M-LOK &#8211; AKM"},"content":{"rendered":"<div class=\"product-description\">\n<h2>FTCS &#8211; &#8222;Dong&#8221; Rankena &#8211; M-LOK &#8211; AKM<\/h2>\n<p>FTCS &#8222;Dong&#8221; rankena AKM\/AKMS \u0161autuvams. \u0160i AIMS stiliaus rankena turi:<\/p>\n<ul>\n<li>Lengv\u0105 medin\u0119 konstrukcij\u0105<\/li>\n<li>Integruot\u0105 priekin\u0119 ranken\u0105<\/li>\n<li>M-LOK angas pried\u0173 tvirtinimui<\/li>\n<li>Suderinamum\u0105 su sulankstomomis buo\u017e\u0117mis<\/li>\n<li>Grafito juodos spalvos Cerakote apdail\u0105<\/li>\n<\/ul>\n<p>Rankena sveria 141g ir yra 160x120x35mm dyd\u017eio. \u0160oniniai M-LOK b\u0117geliai leid\u017eia pritvirtinti \u017eibintus, lazerius ir kitus priedus.<\/p>\n<p>FTCS &#8222;Dong&#8221; rankena tinka AKM \u0161autuvams.<\/p>\n<\/div>\n","protected":false},"excerpt":{"rendered":"<p>Klasikinis AIMS stiliaus medinis AKM priekin\u0117s rankenos apsaugas su M-LOK b\u0117geliais.<\/p>\n","protected":false},"featured_media":240998,"template":"","meta":{"_acf_changed":false},"product_brand":[11319],"product_cat":[13675,13690,13712],"product_tag":[],"class_list":{"0":"post-288177","1":"product","2":"type-product","3":"status-publish","4":"has-post-thumbnail","6":"product_brand-ftcs","7":"product_cat-ak-derinimas","8":"product_cat-sautuvo-derinimas","9":"product_cat-sautuvo-rankenos","11":"first","12":"instock","13":"taxable","14":"shipping-taxable","15":"purchasable","16":"product-type-simple"},"acf":[],"_links":{"self":[{"href":"https:\/\/staging.nbg.eu\/lt\/wp-json\/wp\/v2\/product\/288177","targetHints":{"allow":["GET"]}}],"collection":[{"href":"https:\/\/staging.nbg.eu\/lt\/wp-json\/wp\/v2\/product"}],"about":[{"href":"https:\/\/staging.nbg.eu\/lt\/wp-json\/wp\/v2\/types\/product"}],"wp:featuredmedia":[{"embeddable":true,"href":"https:\/\/staging.nbg.eu\/lt\/wp-json\/wp\/v2\/media\/240998"}],"wp:attachment":[{"href":"https:\/\/staging.nbg.eu\/lt\/wp-json\/wp\/v2\/media?parent=288177"}],"wp:term":[{"taxonomy":"product_brand","embeddable":true,"href":"https:\/\/staging.nbg.eu\/lt\/wp-json\/wp\/v2\/product_brand?post=288177"},{"taxonomy":"product_cat","embeddable":true,"href":"https:\/\/staging.nbg.eu\/lt\/wp-json\/wp\/v2\/product_cat?post=288177"},{"taxonomy":"product_tag","embeddable":true,"href":"https:\/\/staging.nbg.eu\/lt\/wp-json\/wp\/v2\/product_tag?post=288177"}],"curies":[{"name":"wp","href":"https:\/\/api.w.org\/{rel}","templated":true}]}}