{"id":287767,"date":"2025-03-05T11:14:35","date_gmt":"2025-03-05T11:14:35","guid":{"rendered":"https:\/\/staging.nbg.eu\/prodcut\/clawgear-ak47-long-slick-handguard-m-lok\/"},"modified":"2025-03-26T12:40:40","modified_gmt":"2025-03-26T12:40:40","slug":"clawgear-ak47-ilga-slidi-rankenele-m-lok","status":"publish","type":"product","link":"https:\/\/staging.nbg.eu\/lt\/produktas\/clawgear-ak47-ilga-slidi-rankenele-m-lok\/","title":{"rendered":"Clawgear AK47 ilga slidi ranken\u0117l\u0117 M-LOK"},"content":{"rendered":"<div class=\"product-description\">\n<h2>Clawgear AK47 ilgas rankenos apsaugas su M-LOK sistema<\/h2>\n<p>AK47 rankenos apsaugas nuo Clawgear. Savyb\u0117s:<\/p>\n<ul>\n<li>Matin\u0117 juoda danga, ma\u017einanti atspind\u017eius<\/li>\n<li>QD dir\u017eo tvirtinimo ta\u0161kas gale<\/li>\n<li>M-LOK tvirtinimo sistema priedams<\/li>\n<li>Tinka \u0161tampuotiems ir frezuotiems imtuvams<\/li>\n<li>Pagamintas i\u0161 6061 aliuminio su MIL-SPEC tipo III anodine danga<\/li>\n<\/ul>\n<p>Matmenys: 37,2 cm (I) x 4,8 cm (P) x 4,8 cm (A)<\/p>\n<p>Svoris: 0,25 kg<\/p>\n<p>Rankenos apsaugas skirtas AK47 funkcionalumui ir pritaikymui pagerinti.<\/p>\n<\/div>\n","protected":false},"excerpt":{"rendered":"<p>Eleganti\u0161kas M-LOK AK47 priekinis apsaugas: lengvas, universalus, paruo\u0161tas greitai nuimamam dir\u017eui.<\/p>\n","protected":false},"featured_media":239372,"template":"","meta":{"_acf_changed":false},"product_brand":[11232],"product_cat":[13675,13689,13741,13690],"product_tag":[],"class_list":{"0":"post-287767","1":"product","2":"type-product","3":"status-publish","4":"has-post-thumbnail","6":"product_brand-clawgear","7":"product_cat-ak-derinimas","8":"product_cat-begiai","9":"product_cat-sautuvas","10":"product_cat-sautuvo-derinimas","12":"first","13":"instock","14":"taxable","15":"shipping-taxable","16":"purchasable","17":"product-type-simple"},"acf":[],"_links":{"self":[{"href":"https:\/\/staging.nbg.eu\/lt\/wp-json\/wp\/v2\/product\/287767","targetHints":{"allow":["GET"]}}],"collection":[{"href":"https:\/\/staging.nbg.eu\/lt\/wp-json\/wp\/v2\/product"}],"about":[{"href":"https:\/\/staging.nbg.eu\/lt\/wp-json\/wp\/v2\/types\/product"}],"wp:featuredmedia":[{"embeddable":true,"href":"https:\/\/staging.nbg.eu\/lt\/wp-json\/wp\/v2\/media\/239372"}],"wp:attachment":[{"href":"https:\/\/staging.nbg.eu\/lt\/wp-json\/wp\/v2\/media?parent=287767"}],"wp:term":[{"taxonomy":"product_brand","embeddable":true,"href":"https:\/\/staging.nbg.eu\/lt\/wp-json\/wp\/v2\/product_brand?post=287767"},{"taxonomy":"product_cat","embeddable":true,"href":"https:\/\/staging.nbg.eu\/lt\/wp-json\/wp\/v2\/product_cat?post=287767"},{"taxonomy":"product_tag","embeddable":true,"href":"https:\/\/staging.nbg.eu\/lt\/wp-json\/wp\/v2\/product_tag?post=287767"}],"curies":[{"name":"wp","href":"https:\/\/api.w.org\/{rel}","templated":true}]}}