{"id":287648,"date":"2025-03-05T11:35:14","date_gmt":"2025-03-26T12:25:19","guid":{"rendered":"https:\/\/staging.nbg.eu\/prodcut\/clawgear-ak-akm-pistol-grip\/"},"modified":"2025-03-26T12:35:24","modified_gmt":"2025-03-26T12:35:24","slug":"clawgear-ak-akm-pistoleto-rankena","status":"publish","type":"product","link":"https:\/\/staging.nbg.eu\/lt\/produktas\/clawgear-ak-akm-pistoleto-rankena\/","title":{"rendered":"Clawgear AK-AKM pistoleto rankena"},"content":{"rendered":"<h2>Clawgear AK-AKM pistoleto rankena<\/h2>\n<p>Clawgear AK-AKM pistoleto rankena pagerina AK arba AKM \u0161autuvo ergonomik\u0105. \u0160i rankena suteikia geresn\u0119 kontrol\u0119 ir patogum\u0105 ilgesniam naudojimui.<\/p>\n<h2>Pagrindin\u0117s savyb\u0117s:<\/h2>\n<ul>\n<li>Ergonomi\u0161kas dizainas geresniam valdymui<\/li>\n<li>Tvirta konstrukcija<\/li>\n<li>Lengvas montavimas<\/li>\n<li>Suderinama su AK ir AKM platformomis<\/li>\n<\/ul>\n<h2>Produkto specifikacijos:<\/h2>\n<table>\n<tr>\n<th>Matmenys<\/th>\n<th>Be pakuot\u0117s<\/th>\n<th>Su pakuote<\/th>\n<\/tr>\n<tr>\n<td>Ilgis<\/td>\n<td>11,5 cm<\/td>\n<td>21,5 cm<\/td>\n<\/tr>\n<tr>\n<td>Plotis<\/td>\n<td>5,4 cm<\/td>\n<td>12,4 cm<\/td>\n<\/tr>\n<tr>\n<td>Auk\u0161tis<\/td>\n<td>2,9 cm<\/td>\n<td>2,9 cm<\/td>\n<\/tr>\n<tr>\n<td>Svoris<\/td>\n<td>0,07 kg<\/td>\n<td>0,08 kg<\/td>\n<\/tr>\n<\/table>\n<p>Clawgear AK-AKM pistoleto rankena pagerina \u0161autuvo veikim\u0105 ir patogum\u0105.<\/p>\n","protected":false},"excerpt":{"rendered":"<p>Ergonomi\u0161ka AK-AKM pistoleto rankena. Lengvas, kompakti\u0161kas dizainas pagerintam valdymui.<\/p>\n","protected":false},"featured_media":240043,"template":"","meta":{"_acf_changed":false},"product_brand":[11232],"product_cat":[13741,13690,13712],"product_tag":[],"class_list":{"0":"post-287648","1":"product","2":"type-product","3":"status-publish","4":"has-post-thumbnail","6":"product_brand-clawgear","7":"product_cat-sautuvas","8":"product_cat-sautuvo-derinimas","9":"product_cat-sautuvo-rankenos","11":"first","12":"instock","13":"taxable","14":"shipping-taxable","15":"purchasable","16":"product-type-simple"},"acf":[],"_links":{"self":[{"href":"https:\/\/staging.nbg.eu\/lt\/wp-json\/wp\/v2\/product\/287648","targetHints":{"allow":["GET"]}}],"collection":[{"href":"https:\/\/staging.nbg.eu\/lt\/wp-json\/wp\/v2\/product"}],"about":[{"href":"https:\/\/staging.nbg.eu\/lt\/wp-json\/wp\/v2\/types\/product"}],"wp:featuredmedia":[{"embeddable":true,"href":"https:\/\/staging.nbg.eu\/lt\/wp-json\/wp\/v2\/media\/240043"}],"wp:attachment":[{"href":"https:\/\/staging.nbg.eu\/lt\/wp-json\/wp\/v2\/media?parent=287648"}],"wp:term":[{"taxonomy":"product_brand","embeddable":true,"href":"https:\/\/staging.nbg.eu\/lt\/wp-json\/wp\/v2\/product_brand?post=287648"},{"taxonomy":"product_cat","embeddable":true,"href":"https:\/\/staging.nbg.eu\/lt\/wp-json\/wp\/v2\/product_cat?post=287648"},{"taxonomy":"product_tag","embeddable":true,"href":"https:\/\/staging.nbg.eu\/lt\/wp-json\/wp\/v2\/product_tag?post=287648"}],"curies":[{"name":"wp","href":"https:\/\/api.w.org\/{rel}","templated":true}]}}