{"id":285448,"date":"2025-03-04T19:02:48","date_gmt":"2025-03-25T14:28:02","guid":{"rendered":"https:\/\/staging.nbg.eu\/product\/magpul-ctr-moe-cheek-riser-0-75\/"},"modified":"2025-03-25T14:30:24","modified_gmt":"2025-03-25T14:30:24","slug":"magpul-ctr-moe-skruosto-pakelejjas-075","status":"publish","type":"product","link":"https:\/\/staging.nbg.eu\/lt\/produktas\/magpul-ctr-moe-skruosto-pakelejjas-075\/","title":{"rendered":"Magpul &#8211; CTR \/ MOE skruosto pakelejjas &#8211; 0.75&#8243;"},"content":{"rendered":"<div class=\"product-description\">\n<h2>Magpul &#8211; CTR \/ MOE skruosto pakyla &#8211; 0,75&#8243;<\/h2>\n<p>Magpul CTR \/ MOE skruosto pakyla yra priedas, skirtas pakelti skruosto atram\u0105 3\/4 colio, pagerinant komfort\u0105 ir taikiklio sulygiavim\u0105 \u012fvairiems \u0161aunamiesiems ginklams.<\/p>\n<ul>\n<li>Suderinama su CTR, MOE\u00ae, DT ir PR karbino buo\u017e\u0117mis<\/li>\n<li>Tinka ne AR15\/M4 sistemoms, pvz., M14 karbino buo\u017e\u0117s konversijoms<\/li>\n<li>Lengvas u\u017espaud\u017eiamas montavimas<\/li>\n<li>Pagaminta JAV<\/li>\n<li>NSN: MAG327-BLK 1005-01-591-6041<\/li>\n<\/ul>\n<p><strong>Pastaba:<\/strong> Gali trukdyti u\u017etaisymo rankenos funkcijai AR15\/M4 platformose, nebent buo\u017e\u0117 yra pilnai i\u0161traukta.<\/p>\n<\/div>\n","protected":false},"excerpt":{"rendered":"<p>\u201ePrisegamas 0,75 colio skruosto pak\u0117l\u0117jas, skirtas patogumui ir tikslumui pagerinti.&#8221;<\/p>\n","protected":false},"featured_media":237154,"template":"","meta":{"_acf_changed":false},"product_brand":[11540],"product_cat":[13741,13701,13690],"product_tag":[],"class_list":{"0":"post-285448","1":"product","2":"type-product","3":"status-publish","4":"has-post-thumbnail","6":"product_brand-magpul","7":"product_cat-sautuvas","8":"product_cat-sautuvo-buozes","9":"product_cat-sautuvo-derinimas","11":"first","12":"instock","13":"taxable","14":"shipping-taxable","15":"purchasable","16":"product-type-variable","17":"wvs-archive-product-wrapper"},"acf":[],"_links":{"self":[{"href":"https:\/\/staging.nbg.eu\/lt\/wp-json\/wp\/v2\/product\/285448","targetHints":{"allow":["GET"]}}],"collection":[{"href":"https:\/\/staging.nbg.eu\/lt\/wp-json\/wp\/v2\/product"}],"about":[{"href":"https:\/\/staging.nbg.eu\/lt\/wp-json\/wp\/v2\/types\/product"}],"wp:featuredmedia":[{"embeddable":true,"href":"https:\/\/staging.nbg.eu\/lt\/wp-json\/wp\/v2\/media\/237154"}],"wp:attachment":[{"href":"https:\/\/staging.nbg.eu\/lt\/wp-json\/wp\/v2\/media?parent=285448"}],"wp:term":[{"taxonomy":"product_brand","embeddable":true,"href":"https:\/\/staging.nbg.eu\/lt\/wp-json\/wp\/v2\/product_brand?post=285448"},{"taxonomy":"product_cat","embeddable":true,"href":"https:\/\/staging.nbg.eu\/lt\/wp-json\/wp\/v2\/product_cat?post=285448"},{"taxonomy":"product_tag","embeddable":true,"href":"https:\/\/staging.nbg.eu\/lt\/wp-json\/wp\/v2\/product_tag?post=285448"}],"curies":[{"name":"wp","href":"https:\/\/api.w.org\/{rel}","templated":true}]}}