{"id":285396,"date":"2025-03-04T19:02:27","date_gmt":"2025-03-25T14:27:33","guid":{"rendered":"https:\/\/staging.nbg.eu\/product\/magpul-ctr-moe-cheek-riser-0-5\/"},"modified":"2025-03-25T14:29:54","modified_gmt":"2025-03-25T14:29:54","slug":"magpul-ctr-moe-skruosto-pakelejjas-05","status":"publish","type":"product","link":"https:\/\/staging.nbg.eu\/lt\/produktas\/magpul-ctr-moe-skruosto-pakelejjas-05\/","title":{"rendered":"Magpul &#8211; CTR \/ MOE skruosto pakelejjas &#8211; 0.5&#8243;"},"content":{"rendered":"<div class=\"product-description\">\n<h2>Magpul &#8211; CTR \/ MOE skruosto pakyla &#8211; 0,5&#8243;<\/h2>\n<p>Magpul CTR \/ MOE skruosto pakyla yra priedas, skirtas CTR, MOE\u00ae, DT ir PR karbino buo\u017e\u0117ms.<\/p>\n<ul>\n<li>Pakelia skruosto atram\u0105 1\/2 colio<\/li>\n<li>Tinka ne AR15\/M4 ginklams<\/li>\n<li>Tinka M14 karbino buo\u017e\u0117s modifikacijoms<\/li>\n<li>Pagaminta JAV<\/li>\n<li>NSN: MAG326-BLK 1005-01-591-6035<\/li>\n<\/ul>\n<p><strong>Pastaba:<\/strong> Gali trukdyti u\u017etaisymo ranken\u0117l\u0117s veikimui AR15\/M4 platformose, nebent buo\u017e\u0117 yra visi\u0161kai i\u0161traukta.<\/p>\n<p>\u0160is Magpul skruosto pakylos priedas pagerina ginklo ergonomik\u0105.<\/p>\n<\/div>\n","protected":false},"excerpt":{"rendered":"<p>Prisegamas skruosto paauk\u0161tinimas, skirtas ne AR15\/M4 tipo buo\u017e\u0117ms. Pakelia s\u0105ly\u010dio ta\u0161k\u0105 0,5 colio.<\/p>\n","protected":false},"featured_media":237038,"template":"","meta":{"_acf_changed":false},"product_brand":[11540],"product_cat":[13741,13701,13690],"product_tag":[],"class_list":{"0":"post-285396","1":"product","2":"type-product","3":"status-publish","4":"has-post-thumbnail","6":"product_brand-magpul","7":"product_cat-sautuvas","8":"product_cat-sautuvo-buozes","9":"product_cat-sautuvo-derinimas","11":"first","12":"instock","13":"taxable","14":"shipping-taxable","15":"purchasable","16":"product-type-variable","17":"wvs-archive-product-wrapper"},"acf":[],"_links":{"self":[{"href":"https:\/\/staging.nbg.eu\/lt\/wp-json\/wp\/v2\/product\/285396","targetHints":{"allow":["GET"]}}],"collection":[{"href":"https:\/\/staging.nbg.eu\/lt\/wp-json\/wp\/v2\/product"}],"about":[{"href":"https:\/\/staging.nbg.eu\/lt\/wp-json\/wp\/v2\/types\/product"}],"wp:featuredmedia":[{"embeddable":true,"href":"https:\/\/staging.nbg.eu\/lt\/wp-json\/wp\/v2\/media\/237038"}],"wp:attachment":[{"href":"https:\/\/staging.nbg.eu\/lt\/wp-json\/wp\/v2\/media?parent=285396"}],"wp:term":[{"taxonomy":"product_brand","embeddable":true,"href":"https:\/\/staging.nbg.eu\/lt\/wp-json\/wp\/v2\/product_brand?post=285396"},{"taxonomy":"product_cat","embeddable":true,"href":"https:\/\/staging.nbg.eu\/lt\/wp-json\/wp\/v2\/product_cat?post=285396"},{"taxonomy":"product_tag","embeddable":true,"href":"https:\/\/staging.nbg.eu\/lt\/wp-json\/wp\/v2\/product_tag?post=285396"}],"curies":[{"name":"wp","href":"https:\/\/api.w.org\/{rel}","templated":true}]}}