{"id":285245,"date":"2025-03-04T18:44:51","date_gmt":"2025-03-25T14:25:53","guid":{"rendered":"https:\/\/staging.nbg.eu\/product\/magpul-ctr-moe-cheek-riser-0-25\/"},"modified":"2025-03-25T14:28:14","modified_gmt":"2025-03-25T14:28:14","slug":"magpul-ctr-moe-skruosto-pakelejjas-025","status":"publish","type":"product","link":"https:\/\/staging.nbg.eu\/lt\/produktas\/magpul-ctr-moe-skruosto-pakelejjas-025\/","title":{"rendered":"Magpul &#8211; CTR \/ MOE skruosto pakelejjas &#8211; 0.25&#8221;"},"content":{"rendered":"<div class=\"product-description\">\n<h2>Magpul &#8211; CTR \/ MOE skruosto pak\u0117l\u0117jas &#8211; 0,25&#8243;<\/h2>\n<p>Magpul CTR \/ MOE skruosto pak\u0117l\u0117jas. \u0160is priedas skirtas pakelti skruost\u0105 1\/4 colio, skirtas ne AR15\/M4 pritaikymams.<\/p>\n<ul>\n<li>Suderinamas su CTR, MOE\u00ae, DT ir PR karbino buo\u017e\u0117mis<\/li>\n<li>Tinka M14 karbino buo\u017e\u0117s konversijoms<\/li>\n<li>Pagaminta JAV<\/li>\n<li>NSN: MAG325-BLK 1005-01-591-6018<\/li>\n<\/ul>\n<p><strong>Pastaba:<\/strong> \u0160is pak\u0117l\u0117jas gali trukdyti u\u017etaisymo rankenos veikimui AR15\/M4 platformose, nebent buo\u017e\u0117 b\u016bt\u0173 pilnai i\u0161traukta.<\/p>\n<p>Magpul skruosto pak\u0117l\u0117jas.<\/p>\n<\/div>\n","protected":false},"excerpt":{"rendered":"<p>Skruosto paauk\u0161tinimas, skirtas ne AR15\/M4 buo\u017e\u0117ms. Pakelia suvirinimo viet\u0105 0,25 colio. Pagaminta JAV.<\/p>\n","protected":false},"featured_media":236940,"template":"","meta":{"_acf_changed":false},"product_brand":[11540],"product_cat":[13741,13701,13690],"product_tag":[],"class_list":{"0":"post-285245","1":"product","2":"type-product","3":"status-publish","4":"has-post-thumbnail","6":"product_brand-magpul","7":"product_cat-sautuvas","8":"product_cat-sautuvo-buozes","9":"product_cat-sautuvo-derinimas","11":"first","12":"instock","13":"taxable","14":"shipping-taxable","15":"purchasable","16":"product-type-variable","17":"wvs-archive-product-wrapper"},"acf":[],"_links":{"self":[{"href":"https:\/\/staging.nbg.eu\/lt\/wp-json\/wp\/v2\/product\/285245","targetHints":{"allow":["GET"]}}],"collection":[{"href":"https:\/\/staging.nbg.eu\/lt\/wp-json\/wp\/v2\/product"}],"about":[{"href":"https:\/\/staging.nbg.eu\/lt\/wp-json\/wp\/v2\/types\/product"}],"wp:featuredmedia":[{"embeddable":true,"href":"https:\/\/staging.nbg.eu\/lt\/wp-json\/wp\/v2\/media\/236940"}],"wp:attachment":[{"href":"https:\/\/staging.nbg.eu\/lt\/wp-json\/wp\/v2\/media?parent=285245"}],"wp:term":[{"taxonomy":"product_brand","embeddable":true,"href":"https:\/\/staging.nbg.eu\/lt\/wp-json\/wp\/v2\/product_brand?post=285245"},{"taxonomy":"product_cat","embeddable":true,"href":"https:\/\/staging.nbg.eu\/lt\/wp-json\/wp\/v2\/product_cat?post=285245"},{"taxonomy":"product_tag","embeddable":true,"href":"https:\/\/staging.nbg.eu\/lt\/wp-json\/wp\/v2\/product_tag?post=285245"}],"curies":[{"name":"wp","href":"https:\/\/api.w.org\/{rel}","templated":true}]}}