{"id":285074,"date":"2025-03-02T07:13:28","date_gmt":"2025-03-25T14:10:19","guid":{"rendered":"https:\/\/staging.nbg.eu\/product\/the-railchanger-from-area-419-armageddon-gear-and-reasor-precision\/"},"modified":"2025-03-25T14:12:31","modified_gmt":"2025-03-25T14:12:31","slug":"the-railchanger-is-area-419-armageddon-gear-ir-reasor-precision","status":"publish","type":"product","link":"https:\/\/staging.nbg.eu\/lt\/produktas\/the-railchanger-is-area-419-armageddon-gear-ir-reasor-precision\/","title":{"rendered":"The RailChanger \u2013 is Area 419, Armageddon Gear ir Reasor Precision"},"content":{"rendered":"<div class=\"product-description\">\n<h2>RailChanger: GripChanger versija<\/h2>\n<p>Pristatome naujausi\u0105 RailChanger linijos papildym\u0105: GripChanger. \u0160i kompakti\u0161ka, universali krep\u0161ys tinka greitam pozicijos nustatymui ir naudojimui ma\u017eose angose.<\/p>\n<h2>Savyb\u0117s:<\/h2>\n<ul>\n<li>Ma\u017eas, gerai sukimbantis ir tankiai pripildytas<\/li>\n<li>Sveria apie 1 svar\u0105<\/li>\n<li>Kimba prie bet kokio pavir\u0161iaus<\/li>\n<li>Suteikia stabili\u0105 platform\u0105 greitam nustatymui<\/li>\n<\/ul>\n<h2>Komplekte yra:<\/h2>\n<ul>\n<li>1 Area 419 GripChanger krep\u0161ys<\/li>\n<li>1 ARCALOCK spaustuvas<\/li>\n<li>1 Area 419 Rail Changer alk\u016bn\u0117<\/li>\n<\/ul>\n<h2>Specifikacijos:<\/h2>\n<ul>\n<li>Svoris: 1 svaras<\/li>\n<li>Matmenys: 10 \u00d7 3 \u00d7 2 coliai<\/li>\n<li>Gamintojas: Armageddon Gear<\/li>\n<\/ul>\n<p>GripChanger \u2013 Area 419, Armageddon Gear ir Reasor Precision bendradarbiavimo rezultatas.<\/p>\n<\/div>\n","protected":false},"excerpt":{"rendered":"<p>Universali, gerai prigludusi krep\u0161ys greitoms ir stabilioms \u0161audymo pozicijoms.<\/p>\n","protected":false},"featured_media":233704,"template":"","meta":{"_acf_changed":false},"product_brand":[11048],"product_cat":[13741],"product_tag":[],"class_list":{"0":"post-285074","1":"product","2":"type-product","3":"status-publish","4":"has-post-thumbnail","6":"product_brand-area-419","7":"product_cat-sautuvas","9":"first","10":"instock","11":"taxable","12":"shipping-taxable","13":"purchasable","14":"product-type-variable","15":"wvs-archive-product-wrapper"},"acf":[],"_links":{"self":[{"href":"https:\/\/staging.nbg.eu\/lt\/wp-json\/wp\/v2\/product\/285074","targetHints":{"allow":["GET"]}}],"collection":[{"href":"https:\/\/staging.nbg.eu\/lt\/wp-json\/wp\/v2\/product"}],"about":[{"href":"https:\/\/staging.nbg.eu\/lt\/wp-json\/wp\/v2\/types\/product"}],"wp:featuredmedia":[{"embeddable":true,"href":"https:\/\/staging.nbg.eu\/lt\/wp-json\/wp\/v2\/media\/233704"}],"wp:attachment":[{"href":"https:\/\/staging.nbg.eu\/lt\/wp-json\/wp\/v2\/media?parent=285074"}],"wp:term":[{"taxonomy":"product_brand","embeddable":true,"href":"https:\/\/staging.nbg.eu\/lt\/wp-json\/wp\/v2\/product_brand?post=285074"},{"taxonomy":"product_cat","embeddable":true,"href":"https:\/\/staging.nbg.eu\/lt\/wp-json\/wp\/v2\/product_cat?post=285074"},{"taxonomy":"product_tag","embeddable":true,"href":"https:\/\/staging.nbg.eu\/lt\/wp-json\/wp\/v2\/product_tag?post=285074"}],"curies":[{"name":"wp","href":"https:\/\/api.w.org\/{rel}","templated":true}]}}