{"id":284350,"date":"2025-03-06T20:15:14","date_gmt":"2025-03-06T20:15:14","guid":{"rendered":"https:\/\/staging.nbg.eu\/product\/clawgear-ak47-gas-tube-cover\/"},"modified":"2025-03-25T13:01:13","modified_gmt":"2025-03-25T13:01:13","slug":"clawgear-ak47-duju-vamzdzio-dangtelis","status":"publish","type":"product","link":"https:\/\/staging.nbg.eu\/lt\/produktas\/clawgear-ak47-duju-vamzdzio-dangtelis\/","title":{"rendered":"Clawgear &#8211; AK47 duju vamzdzio dangtelis"},"content":{"rendered":"<h2>Clawgear &#8211; AK47 duj\u0173 vamzd\u017eio dangtelis<\/h2>\n<p>AK47 duj\u0173 vamzd\u017eio dangtelis, skirtas naudoti su CG Slimline rankena. \u0160io priedo savyb\u0117s:<\/p>\n<ul>\n<li>Mil-STD 1913 Picatinny \/ Stanag 4694 b\u0117gelis vir\u0161uje<\/li>\n<li>Pagamintas i\u0161 tvirto aliuminio<\/li>\n<li>Juoda, ilgaam\u017e\u0117 danga<\/li>\n<\/ul>\n<p>\u0160io dangtelio ilgis yra 10 cm, o svoris &#8211; 80 g.<\/p>\n<p><strong>Pastaba:<\/strong> \u0160is produktas yra suderinamas <em>tik<\/em> su Clawgear AK47 Slimline rankena.<\/p>\n","protected":false},"excerpt":{"rendered":"<p>Patvari AK47 duj\u0173 vamzd\u017eio apsauga su Picatinny b\u0117geliu, skirta plonai rankenos apsaugai.<\/p>\n","protected":false},"featured_media":244888,"template":"","meta":{"_acf_changed":false},"product_brand":[11232],"product_cat":[13675,13689,13741],"product_tag":[],"class_list":{"0":"post-284350","1":"product","2":"type-product","3":"status-publish","4":"has-post-thumbnail","6":"product_brand-clawgear","7":"product_cat-ak-derinimas","8":"product_cat-begiai","9":"product_cat-sautuvas","11":"first","12":"instock","13":"taxable","14":"shipping-taxable","15":"purchasable","16":"product-type-simple"},"acf":[],"_links":{"self":[{"href":"https:\/\/staging.nbg.eu\/lt\/wp-json\/wp\/v2\/product\/284350","targetHints":{"allow":["GET"]}}],"collection":[{"href":"https:\/\/staging.nbg.eu\/lt\/wp-json\/wp\/v2\/product"}],"about":[{"href":"https:\/\/staging.nbg.eu\/lt\/wp-json\/wp\/v2\/types\/product"}],"wp:featuredmedia":[{"embeddable":true,"href":"https:\/\/staging.nbg.eu\/lt\/wp-json\/wp\/v2\/media\/244888"}],"wp:attachment":[{"href":"https:\/\/staging.nbg.eu\/lt\/wp-json\/wp\/v2\/media?parent=284350"}],"wp:term":[{"taxonomy":"product_brand","embeddable":true,"href":"https:\/\/staging.nbg.eu\/lt\/wp-json\/wp\/v2\/product_brand?post=284350"},{"taxonomy":"product_cat","embeddable":true,"href":"https:\/\/staging.nbg.eu\/lt\/wp-json\/wp\/v2\/product_cat?post=284350"},{"taxonomy":"product_tag","embeddable":true,"href":"https:\/\/staging.nbg.eu\/lt\/wp-json\/wp\/v2\/product_tag?post=284350"}],"curies":[{"name":"wp","href":"https:\/\/api.w.org\/{rel}","templated":true}]}}