{"id":284189,"date":"2025-03-05T08:21:40","date_gmt":"2025-03-25T10:48:19","guid":{"rendered":"https:\/\/staging.nbg.eu\/product\/magpul-moe-sl-enhanced-rubber-butt-pad-0-70\/"},"modified":"2025-03-25T10:50:54","modified_gmt":"2025-03-25T10:50:54","slug":"magpul-moe-sl-sustiprintas-guminis-buoze-galas-070","status":"publish","type":"product","link":"https:\/\/staging.nbg.eu\/lt\/produktas\/magpul-moe-sl-sustiprintas-guminis-buoze-galas-070\/","title":{"rendered":"Magpul &#8211; MOE SL\u00ae sustiprintas guminis buoze galas, 0.70"},"content":{"rendered":"<h2>Magpul &#8211; MOE SL\u00ae patobulintas guminis buo\u017e\u0117s padas, 0,70 coli\u0173<\/h2>\n<p>Pakeiskite savo Magpul buo\u017e\u0119 MOE SL\u00ae patobulinta guminiu buo\u017e\u0117s padu, 0,70&#8243;. \u0160is tiesioginis pakeitimo padas suteikia pagerint\u0105 patogum\u0105 ir funkcionalum\u0105 j\u016bs\u0173 \u0161aunamajam ginklui.<\/p>\n<h3>Pagrindin\u0117s savyb\u0117s:<\/h3>\n<ul>\n<li>Suderinamas su DT Carbine, MOE SL\u00ae, MOE\u00ae SL-S\u2122, UBR\u00ae GEN2, MOE\u00ae AK, Zhukov-S\u00ae, X-22 Backpacker ir PC Backpacker buo\u017e\u0117mis<\/li>\n<li>Neslystantis rumbuotas pavir\u0161ius<\/li>\n<li>Storesnis, ventiliuojamas dizainas<\/li>\n<li>Prideda apie 3\/8&#8243; prie i\u0161tiesimo ilgio<\/li>\n<li>Sveria ma\u017eiau nei 1 uncij\u0105<\/li>\n<li>Kampuotas, dantytasis galiukas lengvam montavimui<\/li>\n<li>Lenkta vir\u0161utin\u0117 dalis<\/li>\n<\/ul>\n<p>Pagamintas JAV, \u0161is buo\u017e\u0117s padas yra patvarus ir patobulinto dizaino. Jis lengvai montuojamas su esama \u012franga, suteikdamas greit\u0105 Magpul buo\u017e\u0117s atnaujinim\u0105.<\/p>\n<p><strong>\u012esigykite Magpul MOE SL\u00ae patobulint\u0105 gumin\u012f buo\u017e\u0117s pad\u0105.<\/strong><\/p>\n","protected":false},"excerpt":{"rendered":"<p>Patogus, neslystantis 0,70 colio (1,78 cm) guminis buo\u017e\u0117s padas Magpul buo\u017e\u0117ms.<\/p>\n","protected":false},"featured_media":238696,"template":"","meta":{"_acf_changed":false},"product_brand":[11540],"product_cat":[13741,13701,13690],"product_tag":[],"class_list":{"0":"post-284189","1":"product","2":"type-product","3":"status-publish","4":"has-post-thumbnail","6":"product_brand-magpul","7":"product_cat-sautuvas","8":"product_cat-sautuvo-buozes","9":"product_cat-sautuvo-derinimas","11":"first","12":"instock","13":"taxable","14":"shipping-taxable","15":"purchasable","16":"product-type-simple"},"acf":[],"_links":{"self":[{"href":"https:\/\/staging.nbg.eu\/lt\/wp-json\/wp\/v2\/product\/284189","targetHints":{"allow":["GET"]}}],"collection":[{"href":"https:\/\/staging.nbg.eu\/lt\/wp-json\/wp\/v2\/product"}],"about":[{"href":"https:\/\/staging.nbg.eu\/lt\/wp-json\/wp\/v2\/types\/product"}],"wp:featuredmedia":[{"embeddable":true,"href":"https:\/\/staging.nbg.eu\/lt\/wp-json\/wp\/v2\/media\/238696"}],"wp:attachment":[{"href":"https:\/\/staging.nbg.eu\/lt\/wp-json\/wp\/v2\/media?parent=284189"}],"wp:term":[{"taxonomy":"product_brand","embeddable":true,"href":"https:\/\/staging.nbg.eu\/lt\/wp-json\/wp\/v2\/product_brand?post=284189"},{"taxonomy":"product_cat","embeddable":true,"href":"https:\/\/staging.nbg.eu\/lt\/wp-json\/wp\/v2\/product_cat?post=284189"},{"taxonomy":"product_tag","embeddable":true,"href":"https:\/\/staging.nbg.eu\/lt\/wp-json\/wp\/v2\/product_tag?post=284189"}],"curies":[{"name":"wp","href":"https:\/\/api.w.org\/{rel}","templated":true}]}}