{"id":284068,"date":"2025-03-05T07:25:38","date_gmt":"2025-03-25T10:18:20","guid":{"rendered":"https:\/\/staging.nbg.eu\/product\/magpul-daka-window-pouch-large\/"},"modified":"2025-03-25T10:20:31","modified_gmt":"2025-03-25T10:20:31","slug":"magpul-daka-langinis-deklas-didelis","status":"publish","type":"product","link":"https:\/\/staging.nbg.eu\/lt\/produktas\/magpul-daka-langinis-deklas-didelis\/","title":{"rendered":"Magpul &#8211; DAKA\u00ae langinis deklas, didelis"},"content":{"rendered":"<div class=\"product-description\">\n<h2>Magpul &#8211; DAKA\u00ae langinis krep\u0161ys, didelis<\/h2>\n<p>Magpul DAKA\u00ae langinis krep\u0161ys skirtas daikt\u0173 organizavimui sud\u0117tingomis s\u0105lygomis.<\/p>\n<ul>\n<li>Polimerais sustiprinto tekstil\u0117s konstrukcija su RF-suvirinta si\u016ble<\/li>\n<li>YKK\u00ae vandeniui atsparus u\u017etrauktukas<\/li>\n<li>Permatomas langelis turinio identifikavimui<\/li>\n<li>Neslidus pavir\u0161ius ir sustiprinta med\u017eiaga<\/li>\n<li>Karabino tvirtinimo ta\u0161kai<\/li>\n<li>550 paracordo u\u017etrauktuko trauktukas su termi\u0161kai susitraukian\u010diu vamzdeliu<\/li>\n<li>Da\u017e\u0173 ra\u0161iklio ta\u0161k\u0173 matrica \u017eym\u0117jimui<\/li>\n<\/ul>\n<p>Matmenys: 23 cm x 33 cm, u\u017etrauktuko ilgis 25 cm. Tinka \u012frankiams, \u0161audmenims ar elektronikos priedams laikyti lauko s\u0105lygomis.<\/p>\n<\/div>\n","protected":false},"excerpt":{"rendered":"<p>Patvari, atspari vandeniui ki\u0161en\u0117l\u0117 su langeliu patogiam daikt\u0173 organizavimui.<\/p>\n","protected":false},"featured_media":237664,"template":"","meta":{"_acf_changed":false},"product_brand":[11540],"product_cat":[13708,13699],"product_tag":[],"class_list":{"0":"post-284068","1":"product","2":"type-product","3":"status-publish","4":"has-post-thumbnail","6":"product_brand-magpul","7":"product_cat-iranga","8":"product_cat-krepseliai","10":"first","11":"instock","12":"taxable","13":"shipping-taxable","14":"purchasable","15":"product-type-simple"},"acf":[],"_links":{"self":[{"href":"https:\/\/staging.nbg.eu\/lt\/wp-json\/wp\/v2\/product\/284068","targetHints":{"allow":["GET"]}}],"collection":[{"href":"https:\/\/staging.nbg.eu\/lt\/wp-json\/wp\/v2\/product"}],"about":[{"href":"https:\/\/staging.nbg.eu\/lt\/wp-json\/wp\/v2\/types\/product"}],"wp:featuredmedia":[{"embeddable":true,"href":"https:\/\/staging.nbg.eu\/lt\/wp-json\/wp\/v2\/media\/237664"}],"wp:attachment":[{"href":"https:\/\/staging.nbg.eu\/lt\/wp-json\/wp\/v2\/media?parent=284068"}],"wp:term":[{"taxonomy":"product_brand","embeddable":true,"href":"https:\/\/staging.nbg.eu\/lt\/wp-json\/wp\/v2\/product_brand?post=284068"},{"taxonomy":"product_cat","embeddable":true,"href":"https:\/\/staging.nbg.eu\/lt\/wp-json\/wp\/v2\/product_cat?post=284068"},{"taxonomy":"product_tag","embeddable":true,"href":"https:\/\/staging.nbg.eu\/lt\/wp-json\/wp\/v2\/product_tag?post=284068"}],"curies":[{"name":"wp","href":"https:\/\/api.w.org\/{rel}","templated":true}]}}