{"id":283953,"date":"2025-03-05T07:31:40","date_gmt":"2025-03-05T07:31:40","guid":{"rendered":"https:\/\/staging.nbg.eu\/product\/magpul-daka-window-pouch-medium\/"},"modified":"2025-03-25T09:55:16","modified_gmt":"2025-03-25T09:55:16","slug":"magpul-daka-langinis-deklas-vidutinis","status":"publish","type":"product","link":"https:\/\/staging.nbg.eu\/lt\/produktas\/magpul-daka-langinis-deklas-vidutinis\/","title":{"rendered":"Magpul &#8211; DAKA\u00ae langinis deklas, vidutinis"},"content":{"rendered":"<h2>Magpul &#8211; DAKA\u00ae vidinis krep\u0161ys, vidutinis<\/h2>\n<p>Laikykite savo daiktus saugiai ir sausai su Magpul DAKA\u00ae vandeniui atspariu krep\u0161iu su langeliu. \u0160is vidutinio dyd\u017eio krep\u0161ys turi:<\/p>\n<ul>\n<li>IPX7 \u012fvertintus \u0161oninius u\u017etrauktukus visi\u0161kai atsparumui vandeniui<\/li>\n<li>Patvar\u016bs 550 paracordo u\u017etrauktuk\u0173 trauktukai su terminio susitraukimo vamzdeliais<\/li>\n<li>Permatomas langelis lengvam turinio atpa\u017einimui<\/li>\n<li>Du didel\u0117s apimties karabin\u0173 pra\u0117jimai \u012fvairiems tvirtinimams<\/li>\n<li>Tvirta RF suvirint\u0173 konstrukcija su nepralaid\u017eiomis si\u016bl\u0117mis<\/li>\n<li>Unikalus polimerais prisotintas audinys papildomai apsaugai<\/li>\n<\/ul>\n<p>Matmenys: 7&#8243; x 12&#8243; (i\u0161or\u0117s), 6.75&#8243; x 11.75&#8243; (vidaus)<\/p>\n<p>DAKA\u00ae vandeniui atsparus krep\u0161ys su langeliu yra b\u016btina \u012franga, kai galimas panardinimas. Jo tvirta konstrukcija ir lengvai naudojamos funkcijos padaro j\u012f tinkam\u0105 daikt\u0173 apsaugai bet kokioje aplinkoje.<\/p>\n","protected":false},"excerpt":{"rendered":"<p>Vandeniui atsparus d\u0117klas su langeliu lengvam atpa\u017einimui. Patvarus, tinkamas nardymui.<\/p>\n","protected":false},"featured_media":237804,"template":"","meta":{"_acf_changed":false},"product_brand":[11540],"product_cat":[13708,13699],"product_tag":[],"class_list":{"0":"post-283953","1":"product","2":"type-product","3":"status-publish","4":"has-post-thumbnail","6":"product_brand-magpul","7":"product_cat-iranga","8":"product_cat-krepseliai","10":"first","11":"instock","12":"taxable","13":"shipping-taxable","14":"purchasable","15":"product-type-simple"},"acf":[],"_links":{"self":[{"href":"https:\/\/staging.nbg.eu\/lt\/wp-json\/wp\/v2\/product\/283953","targetHints":{"allow":["GET"]}}],"collection":[{"href":"https:\/\/staging.nbg.eu\/lt\/wp-json\/wp\/v2\/product"}],"about":[{"href":"https:\/\/staging.nbg.eu\/lt\/wp-json\/wp\/v2\/types\/product"}],"wp:featuredmedia":[{"embeddable":true,"href":"https:\/\/staging.nbg.eu\/lt\/wp-json\/wp\/v2\/media\/237804"}],"wp:attachment":[{"href":"https:\/\/staging.nbg.eu\/lt\/wp-json\/wp\/v2\/media?parent=283953"}],"wp:term":[{"taxonomy":"product_brand","embeddable":true,"href":"https:\/\/staging.nbg.eu\/lt\/wp-json\/wp\/v2\/product_brand?post=283953"},{"taxonomy":"product_cat","embeddable":true,"href":"https:\/\/staging.nbg.eu\/lt\/wp-json\/wp\/v2\/product_cat?post=283953"},{"taxonomy":"product_tag","embeddable":true,"href":"https:\/\/staging.nbg.eu\/lt\/wp-json\/wp\/v2\/product_tag?post=283953"}],"curies":[{"name":"wp","href":"https:\/\/api.w.org\/{rel}","templated":true}]}}