{"id":283835,"date":"2025-03-06T09:57:41","date_gmt":"2025-03-25T09:35:33","guid":{"rendered":"https:\/\/staging.nbg.eu\/product\/clawgear-ar15-gasblock-0-750\/"},"modified":"2025-03-25T09:37:51","modified_gmt":"2025-03-25T09:37:51","slug":"clawgear-ar15-duju-blokas-0750","status":"publish","type":"product","link":"https:\/\/staging.nbg.eu\/lt\/produktas\/clawgear-ar15-duju-blokas-0750\/","title":{"rendered":"Clawgear AR15 duju blokas 0.750"},"content":{"rendered":"<h2>Clawgear AR15 duj\u0173 blokas 0.750<\/h2>\n<p>Clawgear AR15 duj\u0173 blokas 0.750 yra \u017eemo profilio dizaino su \u0161lifuotu pavir\u0161iumi ir tinka po daugeliu laisvai pl\u016bduriuojan\u010di\u0173 rankenos apsaug\u0173.<\/p>\n<h2>Pagrindin\u0117s savyb\u0117s:<\/h2>\n<ul>\n<li>Vientisas plieno konstrukcija<\/li>\n<li>Tiksliai apdirbtas duj\u0173 nuot\u0117kiui suma\u017einti<\/li>\n<li>Skirtas 0.750&#8243; vamzd\u017eio i\u0161oriniam skersmeniui ties duj\u0173 anga<\/li>\n<li>Atsparus kar\u0161toms dujoms<\/li>\n<\/ul>\n<h2>Specifikacijos:<\/h2>\n<ul>\n<li>Matmenys: 2.8 x 2.8 x 2.4 cm<\/li>\n<li>Svoris: 0.05 kg<\/li>\n<\/ul>\n<p>Clawgear AR15 duj\u0173 blokas 0.750 skirtas AR15 veikimui pagerinti.<\/p>\n","protected":false},"excerpt":{"rendered":"<p>\u017demo profilio AR15 duj\u0173 blokas, tinka 0,750 colio vamzd\u017eiams. Tvirta plieno konstrukcija.<\/p>\n","protected":false},"featured_media":240391,"template":"","meta":{"_acf_changed":false},"product_brand":[11232],"product_cat":[13740,13741,13690],"product_tag":[],"class_list":{"0":"post-283835","1":"product","2":"type-product","3":"status-publish","4":"has-post-thumbnail","6":"product_brand-clawgear","7":"product_cat-duju-blokai","8":"product_cat-sautuvas","9":"product_cat-sautuvo-derinimas","11":"first","12":"instock","13":"taxable","14":"shipping-taxable","15":"purchasable","16":"product-type-simple"},"acf":[],"_links":{"self":[{"href":"https:\/\/staging.nbg.eu\/lt\/wp-json\/wp\/v2\/product\/283835","targetHints":{"allow":["GET"]}}],"collection":[{"href":"https:\/\/staging.nbg.eu\/lt\/wp-json\/wp\/v2\/product"}],"about":[{"href":"https:\/\/staging.nbg.eu\/lt\/wp-json\/wp\/v2\/types\/product"}],"wp:featuredmedia":[{"embeddable":true,"href":"https:\/\/staging.nbg.eu\/lt\/wp-json\/wp\/v2\/media\/240391"}],"wp:attachment":[{"href":"https:\/\/staging.nbg.eu\/lt\/wp-json\/wp\/v2\/media?parent=283835"}],"wp:term":[{"taxonomy":"product_brand","embeddable":true,"href":"https:\/\/staging.nbg.eu\/lt\/wp-json\/wp\/v2\/product_brand?post=283835"},{"taxonomy":"product_cat","embeddable":true,"href":"https:\/\/staging.nbg.eu\/lt\/wp-json\/wp\/v2\/product_cat?post=283835"},{"taxonomy":"product_tag","embeddable":true,"href":"https:\/\/staging.nbg.eu\/lt\/wp-json\/wp\/v2\/product_tag?post=283835"}],"curies":[{"name":"wp","href":"https:\/\/api.w.org\/{rel}","templated":true}]}}