{"id":283720,"date":"2025-03-06T10:14:28","date_gmt":"2025-03-06T10:14:28","guid":{"rendered":"https:\/\/staging.nbg.eu\/product\/clawgear-snap-cap-12-gauge-2-pack\/"},"modified":"2025-03-25T09:28:35","modified_gmt":"2025-03-25T09:28:35","slug":"clawgear-mokomieji-soviniai-12-kalibro-2-vnt","status":"publish","type":"product","link":"https:\/\/staging.nbg.eu\/lt\/produktas\/clawgear-mokomieji-soviniai-12-kalibro-2-vnt\/","title":{"rendered":"Clawgear mokomieji soviniai 12 kalibro 2 vnt."},"content":{"rendered":"<h2>Clawgear tu\u0161\u010di\u0173 \u0161ovini\u0173 rinkinys 12 kalibro, 2 vnt.<\/h2>\n<p>Clawgear tu\u0161\u010di\u0173 \u0161ovini\u0173 rinkinys 12 kalibro, 2 vnt. skirtas \u0161aunamojo ginklo mokymams ir prie\u017ei\u016brai. \u0160ie tu\u0161\u010di\u0173 \u0161ovini\u0173 maketai apsaugo ginklo skeliam\u0105j\u012f mechanizm\u0105 ir spyn\u0105 treniruo\u010di\u0173, funkcij\u0173 tikrinimo ir saugojimo metu.<\/p>\n<h2>Pagrindin\u0117s savyb\u0117s:<\/h2>\n<ul>\n<li>2 tu\u0161\u010di\u0173 \u0161ovini\u0173 rinkinys<\/li>\n<li>Tvirta konstrukcija ilgalaikiam naudojimui<\/li>\n<li>Apsaugo skeliam\u0105j\u012f mechanizm\u0105 ir spyn\u0105 nuo pa\u017eeidim\u0173<\/li>\n<li>Tinka treniruot\u0117ms ir funkcij\u0173 tikrinimui<\/li>\n<\/ul>\n<h2>Produkto matmenys:<\/h2>\n<ul>\n<li>Ilgis: 5,5 cm<\/li>\n<li>Plotis: 2,1 cm<\/li>\n<li>Auk\u0161tis: 2,1 cm<\/li>\n<li>Svoris: 0,106 kg<\/li>\n<\/ul>\n<p>Naudokite Clawgear tu\u0161\u010di\u0173 \u0161ovini\u0173 rinkin\u012f 12 kalibro, 2 vnt. \u0161audymo \u012fg\u016bd\u017ei\u0173 tobulinimui ir ginklo prie\u017ei\u016brai.<\/p>\n","protected":false},"excerpt":{"rendered":"<p>\u201eIlgaam\u017eiai 12 kalibro mokomieji \u0161oviniai, 2 vienet\u0173 pakuot\u0117. Puikiai tinka saugiai pratybai be \u0161audmen\u0173.&#8221;<\/p>\n","protected":false},"featured_media":240949,"template":"","meta":{"_acf_changed":false},"product_brand":[11232],"product_cat":[13716],"product_tag":[],"class_list":{"0":"post-283720","1":"product","2":"type-product","3":"status-publish","4":"has-post-thumbnail","6":"product_brand-clawgear","7":"product_cat-saudmenys","9":"first","10":"instock","11":"taxable","12":"shipping-taxable","13":"purchasable","14":"product-type-simple"},"acf":[],"_links":{"self":[{"href":"https:\/\/staging.nbg.eu\/lt\/wp-json\/wp\/v2\/product\/283720","targetHints":{"allow":["GET"]}}],"collection":[{"href":"https:\/\/staging.nbg.eu\/lt\/wp-json\/wp\/v2\/product"}],"about":[{"href":"https:\/\/staging.nbg.eu\/lt\/wp-json\/wp\/v2\/types\/product"}],"wp:featuredmedia":[{"embeddable":true,"href":"https:\/\/staging.nbg.eu\/lt\/wp-json\/wp\/v2\/media\/240949"}],"wp:attachment":[{"href":"https:\/\/staging.nbg.eu\/lt\/wp-json\/wp\/v2\/media?parent=283720"}],"wp:term":[{"taxonomy":"product_brand","embeddable":true,"href":"https:\/\/staging.nbg.eu\/lt\/wp-json\/wp\/v2\/product_brand?post=283720"},{"taxonomy":"product_cat","embeddable":true,"href":"https:\/\/staging.nbg.eu\/lt\/wp-json\/wp\/v2\/product_cat?post=283720"},{"taxonomy":"product_tag","embeddable":true,"href":"https:\/\/staging.nbg.eu\/lt\/wp-json\/wp\/v2\/product_tag?post=283720"}],"curies":[{"name":"wp","href":"https:\/\/api.w.org\/{rel}","templated":true}]}}