{"id":283347,"date":"2025-03-06T10:27:47","date_gmt":"2025-03-25T08:07:52","guid":{"rendered":"https:\/\/staging.nbg.eu\/product\/ftcs-buttstock-adapter-ar15-for-akm\/"},"modified":"2025-03-25T08:10:03","modified_gmt":"2025-03-25T08:10:03","slug":"ftcs-buoze-adapteris-ar15-skirtas-akm","status":"publish","type":"product","link":"https:\/\/staging.nbg.eu\/lt\/produktas\/ftcs-buoze-adapteris-ar15-skirtas-akm\/","title":{"rendered":"FTCS &#8211; buoze adapteris AR15 skirtas AKM"},"content":{"rendered":"<h2>FTCS &#8211; Buo\u017e\u0117s adapteris AR15 skirtas AKM<\/h2>\n<p>FTCS buo\u017e\u0117s adapteris AR15 leid\u017eia montuoti AR15 buo\u017ees ant j\u016bs\u0173 AKM \u0161autuvo. \u0160is aliuminio adapteris padengtas Cerakote H-146 danga.<\/p>\n<h3>Pagrindin\u0117s savyb\u0117s:<\/h3>\n<ul>\n<li>Pagamintas AKM \u0161eimos ginklams<\/li>\n<li>Suderinamas su AR karbino buo\u017e\u0117mis<\/li>\n<li>Atitinka MIL-SPEC standart\u0105<\/li>\n<li>Paprastas montavimas &#8211; nereikia papildom\u0173 dali\u0173<\/li>\n<li>Pagamintas i\u0161 aliuminio su Cerakote danga<\/li>\n<li>Komplekte yra kreiptuvas ir lankstas su tvirtinimu<\/li>\n<\/ul>\n<h3>Technin\u0117s specifikacijos:<\/h3>\n<ul>\n<li>Suderinamumas: AKM<\/li>\n<li>Paskirtis: AR15 buo\u017e\u0117<\/li>\n<li>Med\u017eiaga: Aliuminis<\/li>\n<li>Danga: Cerakote H-146<\/li>\n<li>Matmenys: 202 x 28 x 36 mm<\/li>\n<li>Svoris: 221 g<\/li>\n<\/ul>\n<p>\u0160is buo\u017e\u0117s adapteris leid\u017eia naudoti AR15 buo\u017ees su j\u016bs\u0173 AKM \u0161autuvu.<\/p>\n","protected":false},"excerpt":{"rendered":"<p>AR15 buo\u017e\u0117s adapteris skirtas AKM. Aliuminis, padengtas Cerakote danga, atitinkantis karin\u012f standart\u0105.<\/p>\n","protected":false},"featured_media":241115,"template":"","meta":{"_acf_changed":false},"product_brand":[11319],"product_cat":[13675,13741,13690],"product_tag":[],"class_list":{"0":"post-283347","1":"product","2":"type-product","3":"status-publish","4":"has-post-thumbnail","6":"product_brand-ftcs","7":"product_cat-ak-derinimas","8":"product_cat-sautuvas","9":"product_cat-sautuvo-derinimas","11":"first","12":"instock","13":"taxable","14":"shipping-taxable","15":"purchasable","16":"product-type-simple"},"acf":[],"_links":{"self":[{"href":"https:\/\/staging.nbg.eu\/lt\/wp-json\/wp\/v2\/product\/283347","targetHints":{"allow":["GET"]}}],"collection":[{"href":"https:\/\/staging.nbg.eu\/lt\/wp-json\/wp\/v2\/product"}],"about":[{"href":"https:\/\/staging.nbg.eu\/lt\/wp-json\/wp\/v2\/types\/product"}],"wp:featuredmedia":[{"embeddable":true,"href":"https:\/\/staging.nbg.eu\/lt\/wp-json\/wp\/v2\/media\/241115"}],"wp:attachment":[{"href":"https:\/\/staging.nbg.eu\/lt\/wp-json\/wp\/v2\/media?parent=283347"}],"wp:term":[{"taxonomy":"product_brand","embeddable":true,"href":"https:\/\/staging.nbg.eu\/lt\/wp-json\/wp\/v2\/product_brand?post=283347"},{"taxonomy":"product_cat","embeddable":true,"href":"https:\/\/staging.nbg.eu\/lt\/wp-json\/wp\/v2\/product_cat?post=283347"},{"taxonomy":"product_tag","embeddable":true,"href":"https:\/\/staging.nbg.eu\/lt\/wp-json\/wp\/v2\/product_tag?post=283347"}],"curies":[{"name":"wp","href":"https:\/\/api.w.org\/{rel}","templated":true}]}}