{"id":282238,"date":"2025-03-06T10:40:18","date_gmt":"2025-03-06T10:40:18","guid":{"rendered":"https:\/\/staging.nbg.eu\/product\/ftcs-rear-sights-mounting-for-optics-ak-pmk-2-0-picatinny\/"},"modified":"2025-03-24T13:24:42","modified_gmt":"2025-03-24T13:24:42","slug":"ftcs-galinio-taikiklio-tvirtinimas-optikai-ak-pmk-20-picatinny","status":"publish","type":"product","link":"https:\/\/staging.nbg.eu\/lt\/produktas\/ftcs-galinio-taikiklio-tvirtinimas-optikai-ak-pmk-20-picatinny\/","title":{"rendered":"FTCS &#8211; galinio taikiklio tvirtinimas optikai AK, PMK 2.0 Picatinny"},"content":{"rendered":"<div class=\"product-description\">\n<h2>FTCS &#8211; Galinio taikiklio montavimo sistema optikai AK, PMK 2.0 Picatinny<\/h2>\n<p>FTCS PMK 2.0 Picatinny tvirtinimo sistema skirta AK \u0161eimos ginklams. \u0160is adapteris leid\u017eia montuoti \u0161iuolaikin\u0119 optik\u0105.<\/p>\n<ul>\n<li>Suderinama su AK\/AKS, AKM\/AKMS, AK-74\/AKS-74 ir kitais<\/li>\n<li>Picatinny\/RIS standarto b\u0117gelis (70mm ilgio, 7 grioveliai)<\/li>\n<li>Pagaminta i\u0161 aliuminio su Cerakote H-146 Graphite Black danga<\/li>\n<li>I\u0161laiko gamyklini\u0173 mechanini\u0173 taikikli\u0173 funkcionalum\u0105<\/li>\n<li>Trij\u0173 var\u017et\u0173 tvirtinimo sistema<\/li>\n<li>Svoris 34g<\/li>\n<\/ul>\n<p>PMK 2.0 yra alternatyva duj\u0173 vamzd\u017eio dangtelio b\u0117geliams ar integruotoms sistemoms. Jos centrin\u0117 pad\u0117tis i\u0161laiko ginklo pusiausvyr\u0105. FTCS sistema suderina tradicinius ir \u0161iuolaikinius optinius taikiklius.<\/p>\n<\/div>\n","protected":false},"excerpt":{"rendered":"<p>Galini\u0173 taikikli\u0173 montavimo sistema AK optikai. Picatinny b\u0117gelis, tvirtas aliuminis, Cerakote danga.<\/p>\n","protected":false},"featured_media":241487,"template":"","meta":{"_acf_changed":false},"product_brand":[11319],"product_cat":[13675,13741,13690],"product_tag":[],"class_list":{"0":"post-282238","1":"product","2":"type-product","3":"status-publish","4":"has-post-thumbnail","6":"product_brand-ftcs","7":"product_cat-ak-derinimas","8":"product_cat-sautuvas","9":"product_cat-sautuvo-derinimas","11":"first","12":"instock","13":"taxable","14":"shipping-taxable","15":"purchasable","16":"product-type-simple"},"acf":[],"_links":{"self":[{"href":"https:\/\/staging.nbg.eu\/lt\/wp-json\/wp\/v2\/product\/282238","targetHints":{"allow":["GET"]}}],"collection":[{"href":"https:\/\/staging.nbg.eu\/lt\/wp-json\/wp\/v2\/product"}],"about":[{"href":"https:\/\/staging.nbg.eu\/lt\/wp-json\/wp\/v2\/types\/product"}],"wp:featuredmedia":[{"embeddable":true,"href":"https:\/\/staging.nbg.eu\/lt\/wp-json\/wp\/v2\/media\/241487"}],"wp:attachment":[{"href":"https:\/\/staging.nbg.eu\/lt\/wp-json\/wp\/v2\/media?parent=282238"}],"wp:term":[{"taxonomy":"product_brand","embeddable":true,"href":"https:\/\/staging.nbg.eu\/lt\/wp-json\/wp\/v2\/product_brand?post=282238"},{"taxonomy":"product_cat","embeddable":true,"href":"https:\/\/staging.nbg.eu\/lt\/wp-json\/wp\/v2\/product_cat?post=282238"},{"taxonomy":"product_tag","embeddable":true,"href":"https:\/\/staging.nbg.eu\/lt\/wp-json\/wp\/v2\/product_tag?post=282238"}],"curies":[{"name":"wp","href":"https:\/\/api.w.org\/{rel}","templated":true}]}}