{"id":282082,"date":"2025-03-06T10:01:39","date_gmt":"2025-03-24T12:41:07","guid":{"rendered":"https:\/\/staging.nbg.eu\/product\/clawgear-m-lok-10-slot-rail-qd-integrated\/"},"modified":"2025-03-24T12:43:39","modified_gmt":"2025-03-24T12:43:39","slug":"clawgear-m-lok-10-angu-begelis-su-integruotu-qd","status":"publish","type":"product","link":"https:\/\/staging.nbg.eu\/lt\/produktas\/clawgear-m-lok-10-angu-begelis-su-integruotu-qd\/","title":{"rendered":"Clawgear M-LOK 10 angu begelis su integruotu QD"},"content":{"rendered":"<h2>Clawgear M-LOK 10 ang\u0173 b\u0117gelis su integruotu QD tvirtinimu<\/h2>\n<p>Picatinny b\u0117gelis M-LOK s\u0105sajai. Turi 10 ang\u0173 ir integruot\u0105 QD tvirtinimo ta\u0161k\u0105 dir\u017eo kabliukams. Pagamintas i\u0161 auk\u0161tos kokyb\u0117s aliuminio su tvirta anodizuota danga, atitinkan\u010dia karinius reikalavimus.<\/p>\n<ul>\n<li>Komplekte yra tvirtinimo detal\u0117s su ner\u016bdijan\u010dio plieno T ver\u017el\u0117mis<\/li>\n<li>Atsparus korozijai<\/li>\n<li>Maksimalus sukimo momentas: 4Nm arba 35in\/lb<\/li>\n<\/ul>\n<p><strong>Patarimas:<\/strong> Jei neturite sukimo momento rakto, naudokite trump\u0105 \u0161e\u0161iakampio rakto ranken\u0105 priver\u017eimui.<\/p>\n<p><em>Matmenys (supakuoto):<\/em> 17 x 10,7 x 1 cm<br \/>\n<em>Svoris:<\/em> 45g (53g supakuoto)<\/p>\n","protected":false},"excerpt":{"rendered":"<p>M-LOK Picatinny b\u0117gelis su 10 ang\u0173 ir QD tvirtinimu. Pagamintas i\u0161 tvirto aliuminio.<\/p>\n","protected":false},"featured_media":240507,"template":"","meta":{"_acf_changed":false},"product_brand":[11232],"product_cat":[13689,13704,13741,13690],"product_tag":[],"class_list":{"0":"post-282082","1":"product","2":"type-product","3":"status-publish","4":"has-post-thumbnail","6":"product_brand-clawgear","7":"product_cat-begiai","8":"product_cat-dirzai","9":"product_cat-sautuvas","10":"product_cat-sautuvo-derinimas","12":"first","13":"instock","14":"taxable","15":"shipping-taxable","16":"purchasable","17":"product-type-simple"},"acf":[],"_links":{"self":[{"href":"https:\/\/staging.nbg.eu\/lt\/wp-json\/wp\/v2\/product\/282082","targetHints":{"allow":["GET"]}}],"collection":[{"href":"https:\/\/staging.nbg.eu\/lt\/wp-json\/wp\/v2\/product"}],"about":[{"href":"https:\/\/staging.nbg.eu\/lt\/wp-json\/wp\/v2\/types\/product"}],"wp:featuredmedia":[{"embeddable":true,"href":"https:\/\/staging.nbg.eu\/lt\/wp-json\/wp\/v2\/media\/240507"}],"wp:attachment":[{"href":"https:\/\/staging.nbg.eu\/lt\/wp-json\/wp\/v2\/media?parent=282082"}],"wp:term":[{"taxonomy":"product_brand","embeddable":true,"href":"https:\/\/staging.nbg.eu\/lt\/wp-json\/wp\/v2\/product_brand?post=282082"},{"taxonomy":"product_cat","embeddable":true,"href":"https:\/\/staging.nbg.eu\/lt\/wp-json\/wp\/v2\/product_cat?post=282082"},{"taxonomy":"product_tag","embeddable":true,"href":"https:\/\/staging.nbg.eu\/lt\/wp-json\/wp\/v2\/product_tag?post=282082"}],"curies":[{"name":"wp","href":"https:\/\/api.w.org\/{rel}","templated":true}]}}