{"id":279258,"date":"2025-03-03T19:53:03","date_gmt":"2025-03-21T12:33:13","guid":{"rendered":"https:\/\/staging.nbg.eu\/product\/daa-x-ray-aluminum-pouch\/"},"modified":"2025-03-21T12:35:33","modified_gmt":"2025-03-21T12:35:33","slug":"daa-x-ray-aliumininis-deklas","status":"publish","type":"product","link":"https:\/\/staging.nbg.eu\/lt\/produktas\/daa-x-ray-aliumininis-deklas\/","title":{"rendered":"DAA X-Ray aliumininis deklas"},"content":{"rendered":"<h2>DAA X-Ray aliuminio d\u0117klas<\/h2>\n<p>DAA X-Ray aliuminio d\u0117klas yra konkurencinis d\u0117klas d\u0117tuv\u0117ms. Remiantis Xi ir XIP modeliais, \u0161is dizainas si\u016blo:<\/p>\n<ul>\n<li>Optimizuotas vir\u0161utinis kra\u0161tas lengvesniam d\u0117tuv\u0117s \u012fd\u0117jimui<\/li>\n<li>Papildomas var\u017etas apsaugai nuo atsitiktinio atsirakinimo<\/li>\n<li>Padidintas 13mm rutulin\u0117 jungtis stabilumui<\/li>\n<li>Permatomas dizainas su i\u0161pjovomis svoriui suma\u017einti<\/li>\n<li>A\u0161tuoni tvirtinimo ta\u0161kai naudojimui abiem rankomis<\/li>\n<li>Aliuminio rutulin\u0117 jungtis dir\u017eo kabliukui su reguliuojamais kampais<\/li>\n<li>Trys tarpikli\u0173 rinkiniai \u012fvairi\u0173 d\u0117tuvi\u0173 suderinamumui<\/li>\n<li>Reguliuojamas plieninio stabdymo kai\u0161\u010dio auk\u0161tis<\/li>\n<li>\u012etempimo reguliavimas be \u012franki\u0173<\/li>\n<\/ul>\n<p>Galima \u012fsigyti m\u0117lynos, raudonos, juodos ir sidabrin\u0117s anoduotos apdailos. X-Ray aliuminio d\u0117klas skirtas konkurenciniams \u0161auliams.<\/p>\n","protected":false},"excerpt":{"rendered":"<p>DAA rentgeno spinduliams atsparus aliuminio d\u0117klas: Inovatyvus, lengvas, permatomas dizainas skirtas var\u017eybiniams \u0161auliams.<\/p>\n","protected":false},"featured_media":236024,"template":"","meta":{"_acf_changed":false},"product_brand":[11275],"product_cat":[13684,13708,13699],"product_tag":[],"class_list":{"0":"post-279258","1":"product","2":"type-product","3":"status-publish","4":"has-post-thumbnail","6":"product_brand-doublealpha","7":"product_cat-detuviu-laikikliai","8":"product_cat-iranga","9":"product_cat-krepseliai","11":"first","12":"outofstock","13":"taxable","14":"shipping-taxable","15":"purchasable","16":"product-type-variable","17":"wvs-archive-product-wrapper"},"acf":[],"_links":{"self":[{"href":"https:\/\/staging.nbg.eu\/lt\/wp-json\/wp\/v2\/product\/279258","targetHints":{"allow":["GET"]}}],"collection":[{"href":"https:\/\/staging.nbg.eu\/lt\/wp-json\/wp\/v2\/product"}],"about":[{"href":"https:\/\/staging.nbg.eu\/lt\/wp-json\/wp\/v2\/types\/product"}],"wp:featuredmedia":[{"embeddable":true,"href":"https:\/\/staging.nbg.eu\/lt\/wp-json\/wp\/v2\/media\/236024"}],"wp:attachment":[{"href":"https:\/\/staging.nbg.eu\/lt\/wp-json\/wp\/v2\/media?parent=279258"}],"wp:term":[{"taxonomy":"product_brand","embeddable":true,"href":"https:\/\/staging.nbg.eu\/lt\/wp-json\/wp\/v2\/product_brand?post=279258"},{"taxonomy":"product_cat","embeddable":true,"href":"https:\/\/staging.nbg.eu\/lt\/wp-json\/wp\/v2\/product_cat?post=279258"},{"taxonomy":"product_tag","embeddable":true,"href":"https:\/\/staging.nbg.eu\/lt\/wp-json\/wp\/v2\/product_tag?post=279258"}],"curies":[{"name":"wp","href":"https:\/\/api.w.org\/{rel}","templated":true}]}}