{"id":278741,"date":"2025-03-02T06:06:39","date_gmt":"2025-03-21T10:59:28","guid":{"rendered":"https:\/\/staging.nbg.eu\/product\/144-area-419-billet-loading-block-clear-anodized\/"},"modified":"2025-03-21T11:01:53","modified_gmt":"2025-03-21T11:01:53","slug":"144-area-419-billet-pakrovimo-blokas-skaidrus-anoduotas","status":"publish","type":"product","link":"https:\/\/staging.nbg.eu\/lt\/produktas\/144-area-419-billet-pakrovimo-blokas-skaidrus-anoduotas\/","title":{"rendered":"144. Area 419 &#8211; Billet pakrovimo blokas \u2013 skaidrus anoduotas"},"content":{"rendered":"<h2>Area 419 \u0161ovini\u0173 u\u017etaisymo blokas \u2013 skaidrus anoduotas<\/h2>\n<p>Area 419 \u0161ovini\u0173 u\u017etaisymo bloko savyb\u0117s:<\/p>\n<ul>\n<li>50 viet\u0173 308, Magnum arba Lapua kalibro \u0161oviniams<\/li>\n<li>Pagamintas i\u0161 6061-T6 aliuminio su skaidria anoduota apdaila<\/li>\n<li>Matmenys: 9,5&#8243; x 4&#8243; x 5\/8&#8243;<\/li>\n<li>0,500&#8243; gylio skyl\u0117s su tiksliu \u0161ovinio t\u016btos priglaudimu<\/li>\n<li>Centrin\u0117s \u012fdubos parako granul\u0117ms surinkti<\/li>\n<li>Neslystan\u010dios gumin\u0117s kojel\u0117s apa\u010dioje<\/li>\n<\/ul>\n<p>Galimi skyli\u0173 skersmenys: 223 (0,390&#8243;), ARC\/Grendel (0,452&#8243;), 308 (0,485&#8243;), 284 (0,515&#8243;), Magnum (0,560&#8243;), Lapua (0,600&#8243;) ir Cheytac (0,655&#8243;).<\/p>\n<p>Svoris: 1,4 svaro<\/p>\n<p>\u0160is Area 419 \u0161ovini\u0173 u\u017etaisymo blokas yra tvirtas ir tiksliai pagamintas.<\/p>\n","protected":false},"excerpt":{"rendered":"<p>Patvarus anoduotas u\u017etaisymo blokas 50 \u0161ovini\u0173. Precizi\u0161kai apdirbtas, neslidus.<\/p>\n","protected":false},"featured_media":233220,"template":"","meta":{"_acf_changed":false},"product_brand":[11048],"product_cat":[13737,13691],"product_tag":[],"class_list":{"0":"post-278741","1":"product","2":"type-product","3":"status-publish","4":"has-post-thumbnail","6":"product_brand-area-419","7":"product_cat-perkrovimas","8":"product_cat-perkrovimo-priedai","10":"first","11":"instock","12":"taxable","13":"shipping-taxable","14":"purchasable","15":"product-type-variable","16":"wvs-archive-product-wrapper"},"acf":[],"_links":{"self":[{"href":"https:\/\/staging.nbg.eu\/lt\/wp-json\/wp\/v2\/product\/278741","targetHints":{"allow":["GET"]}}],"collection":[{"href":"https:\/\/staging.nbg.eu\/lt\/wp-json\/wp\/v2\/product"}],"about":[{"href":"https:\/\/staging.nbg.eu\/lt\/wp-json\/wp\/v2\/types\/product"}],"wp:featuredmedia":[{"embeddable":true,"href":"https:\/\/staging.nbg.eu\/lt\/wp-json\/wp\/v2\/media\/233220"}],"wp:attachment":[{"href":"https:\/\/staging.nbg.eu\/lt\/wp-json\/wp\/v2\/media?parent=278741"}],"wp:term":[{"taxonomy":"product_brand","embeddable":true,"href":"https:\/\/staging.nbg.eu\/lt\/wp-json\/wp\/v2\/product_brand?post=278741"},{"taxonomy":"product_cat","embeddable":true,"href":"https:\/\/staging.nbg.eu\/lt\/wp-json\/wp\/v2\/product_cat?post=278741"},{"taxonomy":"product_tag","embeddable":true,"href":"https:\/\/staging.nbg.eu\/lt\/wp-json\/wp\/v2\/product_tag?post=278741"}],"curies":[{"name":"wp","href":"https:\/\/api.w.org\/{rel}","templated":true}]}}