{"id":278313,"date":"2025-03-07T17:59:41","date_gmt":"2025-03-21T10:04:36","guid":{"rendered":"https:\/\/staging.nbg.eu\/product\/sellier-bellot-40sw-fmj-11-7g-180gr\/"},"modified":"2025-03-21T10:06:53","modified_gmt":"2025-03-21T10:06:53","slug":"sellier-bellot-40sw-fmj-117g-180gr","status":"publish","type":"product","link":"https:\/\/staging.nbg.eu\/lt\/produktas\/sellier-bellot-40sw-fmj-117g-180gr\/","title":{"rendered":"# Sellier &#038; Bellot &#8211; 40S&#038;W FMJ &#8211; 11.7g \/ 180gr"},"content":{"rendered":"<p>Sellier &amp; Bellot 40S&amp;W Full Metal Jacket \u0161oviniai yra tinkami \u0161audymo praktikai. Kiekvienas \u0161ovinys turi 180 gran\u0173 FMJ kulk\u0105, u\u017etikrinan\u010di\u0105 veikim\u0105 ir tiekim\u0105 j\u016bs\u0173 .40 S&amp;W ginkle.<\/p>\n<ul>\n<li>Kalibras: .40 S&amp;W<\/li>\n<li>Kulkos svoris: 180 gran\u0173 (11,7g)<\/li>\n<li>Kulkos tipas: Full Metal Jacket (FMJ)<\/li>\n<li>I\u0161l\u0117kimo greitis: 968 p\u0117dos per sekund\u0119<\/li>\n<li>I\u0161l\u0117kimo energija: 400 p\u0117d\u0173-svar\u0173<\/li>\n<li>T\u016btel\u0117: \u017dalvaris<\/li>\n<\/ul>\n<p>\u0160ie \u0161oviniai parduodami 50 vienet\u0173 d\u0117\u017eut\u0117se, po 20 d\u0117\u017eu\u010di\u0173 d\u0117\u017e\u0117je. \u017dalvarin\u0117 t\u016btel\u0117 u\u017etikrina veikim\u0105 ir leid\u017eia pakartotin\u012f u\u017etaisym\u0105. \u0160ie \u0161oviniai, kuri\u0173 greitis 940 p\u0117d\u0173 per sekund\u0119, tinka taikinio \u0161audymui ir pratyboms \u0161audykloje. Sellier &amp; Bellot gamina \u0161ovinius j\u016bs\u0173 .40 S&amp;W ginklui.<\/p>\n","protected":false},"excerpt":{"rendered":"<p>40 S&amp;W 180gr FMJ \u0161oviniai \u0161audymui pramogai. \u017dalvarin\u0117 t\u016btel\u0117, 968 p\u0117dos per sekund\u0119, 50 \u0161ovini\u0173 d\u0117\u017eut\u0117je.<\/p>\n","protected":false},"featured_media":248750,"template":"","meta":{"_acf_changed":false},"product_brand":[],"product_cat":[13686,13716],"product_tag":[],"class_list":{"0":"post-278313","1":"product","2":"type-product","3":"status-publish","4":"has-post-thumbnail","6":"product_cat-pistoleto-saudmenys","7":"product_cat-saudmenys","9":"first","10":"instock","11":"taxable","12":"shipping-taxable","13":"purchasable","14":"product-type-simple"},"acf":[],"_links":{"self":[{"href":"https:\/\/staging.nbg.eu\/lt\/wp-json\/wp\/v2\/product\/278313","targetHints":{"allow":["GET"]}}],"collection":[{"href":"https:\/\/staging.nbg.eu\/lt\/wp-json\/wp\/v2\/product"}],"about":[{"href":"https:\/\/staging.nbg.eu\/lt\/wp-json\/wp\/v2\/types\/product"}],"wp:featuredmedia":[{"embeddable":true,"href":"https:\/\/staging.nbg.eu\/lt\/wp-json\/wp\/v2\/media\/248750"}],"wp:attachment":[{"href":"https:\/\/staging.nbg.eu\/lt\/wp-json\/wp\/v2\/media?parent=278313"}],"wp:term":[{"taxonomy":"product_brand","embeddable":true,"href":"https:\/\/staging.nbg.eu\/lt\/wp-json\/wp\/v2\/product_brand?post=278313"},{"taxonomy":"product_cat","embeddable":true,"href":"https:\/\/staging.nbg.eu\/lt\/wp-json\/wp\/v2\/product_cat?post=278313"},{"taxonomy":"product_tag","embeddable":true,"href":"https:\/\/staging.nbg.eu\/lt\/wp-json\/wp\/v2\/product_tag?post=278313"}],"curies":[{"name":"wp","href":"https:\/\/api.w.org\/{rel}","templated":true}]}}