{"id":278199,"date":"2025-03-07T10:00:31","date_gmt":"2025-03-21T09:43:53","guid":{"rendered":"https:\/\/staging.nbg.eu\/product\/hornady-6mm-arc-80gr-eld-vt\/"},"modified":"2025-03-21T09:46:06","modified_gmt":"2025-03-21T09:46:06","slug":"hornady-6mm-arc-80gr-eld-vt","status":"publish","type":"product","link":"https:\/\/staging.nbg.eu\/lt\/produktas\/hornady-6mm-arc-80gr-eld-vt\/","title":{"rendered":"Hornady &#8211; 6mm ARC 80gr. ELD-VT"},"content":{"rendered":"<div class=\"product-description\">\n<h2>Hornady &#8211; 6mm ARC 80gr. ELD-VT<\/h2>\n<p>Hornady 6mm ARC 80gr. ELD-VT \u0161oviniai. \u0160ie \u0161oviniai skirti var\u017eyb\u0173 \u0161auliams ir smulki\u0173 kenk\u0117j\u0173 med\u017eiotojams.<\/p>\n<h3>Pagrindin\u0117s savyb\u0117s:<\/h3>\n<ul>\n<li><strong>Kokybi\u0161ki komponentai:<\/strong> Pagaminta i\u0161 auk\u0161tos kokyb\u0117s med\u017eiag\u0173 tiksliam \u0161audymui.<\/li>\n<li><strong>Modernus parakas:<\/strong> \u0160varus degimas ir stabilumas \u012fvairiose temperat\u016brose.<\/li>\n<li><strong>Universalus:<\/strong> Tinka var\u017eyboms ir smulki\u0173 kenk\u0117j\u0173 med\u017eioklei.<\/li>\n<li><strong>Didelis tikslumas:<\/strong> Sukurta tiksliam \u0161audymui \u012fvairiais atstumais.<\/li>\n<\/ul>\n<p>Hornady 6mm ARC 80gr. ELD-VT \u0161oviniai &#8211; tikslumui ir inovacijoms.<\/p>\n<\/div>\n","protected":false},"excerpt":{"rendered":"<p>Tiksl\u016bs 6 mm ARC \u0161oviniai. Var\u017eyb\u0173 lygio tikslumas, vienodas visose temperat\u016brose.<\/p>\n","protected":false},"featured_media":246055,"template":"","meta":{"_acf_changed":false},"product_brand":[11456],"product_cat":[13716,13753],"product_tag":[],"class_list":{"0":"post-278199","1":"product","2":"type-product","3":"status-publish","4":"has-post-thumbnail","6":"product_brand-hornady","7":"product_cat-saudmenys","8":"product_cat-sautuvu-saudmenys","10":"first","11":"instock","12":"taxable","13":"shipping-taxable","14":"purchasable","15":"product-type-simple"},"acf":[],"_links":{"self":[{"href":"https:\/\/staging.nbg.eu\/lt\/wp-json\/wp\/v2\/product\/278199","targetHints":{"allow":["GET"]}}],"collection":[{"href":"https:\/\/staging.nbg.eu\/lt\/wp-json\/wp\/v2\/product"}],"about":[{"href":"https:\/\/staging.nbg.eu\/lt\/wp-json\/wp\/v2\/types\/product"}],"wp:featuredmedia":[{"embeddable":true,"href":"https:\/\/staging.nbg.eu\/lt\/wp-json\/wp\/v2\/media\/246055"}],"wp:attachment":[{"href":"https:\/\/staging.nbg.eu\/lt\/wp-json\/wp\/v2\/media?parent=278199"}],"wp:term":[{"taxonomy":"product_brand","embeddable":true,"href":"https:\/\/staging.nbg.eu\/lt\/wp-json\/wp\/v2\/product_brand?post=278199"},{"taxonomy":"product_cat","embeddable":true,"href":"https:\/\/staging.nbg.eu\/lt\/wp-json\/wp\/v2\/product_cat?post=278199"},{"taxonomy":"product_tag","embeddable":true,"href":"https:\/\/staging.nbg.eu\/lt\/wp-json\/wp\/v2\/product_tag?post=278199"}],"curies":[{"name":"wp","href":"https:\/\/api.w.org\/{rel}","templated":true}]}}