{"id":278047,"date":"2025-03-07T09:56:26","date_gmt":"2025-03-21T07:57:13","guid":{"rendered":"https:\/\/staging.nbg.eu\/product\/hornady-6mm-arc-103-gr-eld%e2%80%91x-precision-hunter\/"},"modified":"2025-03-21T07:59:41","modified_gmt":"2025-03-21T07:59:41","slug":"hornady-6mm-arc-103-gr-eld-x-precision-hunter","status":"publish","type":"product","link":"https:\/\/staging.nbg.eu\/lt\/produktas\/hornady-6mm-arc-103-gr-eld-x-precision-hunter\/","title":{"rendered":"Hornady &#8211; 6mm ARC 103 gr ELD-X Precision Hunter"},"content":{"rendered":"<div class=\"product-description\">\n<h2>Hornady 6mm ARC 103 gr ELD\u2011X\u00ae Precision Hunter\u00ae<\/h2>\n<p>6mm ARC yra skirtas \u0161auliams. \u0160is \u0161ovinys suteikia:<\/p>\n<ul>\n<li>Tikslum\u0105 ir veikim\u0105 ilgu atstumu<\/li>\n<li>Tinka med\u017eioklei, var\u017eybiniam \u0161audymui ir saviginai<\/li>\n<li>Pritaikytas AR-15 platformoms ir trumpo veiksmo \u0161autuvams<\/li>\n<li>Auk\u0161tas balistinis koeficientas<\/li>\n<li>Subalansuotas \u0161ovinio, kameros ir propelento dizainas<\/li>\n<li>Geras vamzd\u017eio tarnavimo laikas<\/li>\n<\/ul>\n<p>6mm ARC tinka \u012fvairiems tikslams nuo saviginos iki med\u017eiokl\u0117s ilgu atstumu. Suderinamas su \u012fvairiais ginkl\u0173 gamintojais, \u012fskaitant Barrett, Mossberg ir Wilson Combat.<\/p>\n<\/div>\n","protected":false},"excerpt":{"rendered":"<p>Universalus 6 mm ARC skirtas AR-15: Efektyv\u016bs, auk\u0161to balistinio koeficiento \u0161oviniai tiksliam med\u017eiojimui.<\/p>\n","protected":false},"featured_media":246030,"template":"","meta":{"_acf_changed":false},"product_brand":[11456],"product_cat":[13716,13753],"product_tag":[],"class_list":{"0":"post-278047","1":"product","2":"type-product","3":"status-publish","4":"has-post-thumbnail","6":"product_brand-hornady","7":"product_cat-saudmenys","8":"product_cat-sautuvu-saudmenys","10":"first","11":"instock","12":"taxable","13":"shipping-taxable","14":"purchasable","15":"product-type-simple"},"acf":[],"_links":{"self":[{"href":"https:\/\/staging.nbg.eu\/lt\/wp-json\/wp\/v2\/product\/278047","targetHints":{"allow":["GET"]}}],"collection":[{"href":"https:\/\/staging.nbg.eu\/lt\/wp-json\/wp\/v2\/product"}],"about":[{"href":"https:\/\/staging.nbg.eu\/lt\/wp-json\/wp\/v2\/types\/product"}],"wp:featuredmedia":[{"embeddable":true,"href":"https:\/\/staging.nbg.eu\/lt\/wp-json\/wp\/v2\/media\/246030"}],"wp:attachment":[{"href":"https:\/\/staging.nbg.eu\/lt\/wp-json\/wp\/v2\/media?parent=278047"}],"wp:term":[{"taxonomy":"product_brand","embeddable":true,"href":"https:\/\/staging.nbg.eu\/lt\/wp-json\/wp\/v2\/product_brand?post=278047"},{"taxonomy":"product_cat","embeddable":true,"href":"https:\/\/staging.nbg.eu\/lt\/wp-json\/wp\/v2\/product_cat?post=278047"},{"taxonomy":"product_tag","embeddable":true,"href":"https:\/\/staging.nbg.eu\/lt\/wp-json\/wp\/v2\/product_tag?post=278047"}],"curies":[{"name":"wp","href":"https:\/\/api.w.org\/{rel}","templated":true}]}}