{"id":276587,"date":"2025-03-03T19:46:03","date_gmt":"2025-03-03T19:46:03","guid":{"rendered":"https:\/\/staging.nbg.eu\/product\/daa-alpha-xip\/"},"modified":"2025-03-20T14:13:23","modified_gmt":"2025-03-20T14:13:23","slug":"daa-alpha-xip","status":"publish","type":"product","link":"https:\/\/staging.nbg.eu\/lt\/produktas\/daa-alpha-xip\/","title":{"rendered":"DAA Alpha-XiP"},"content":{"rendered":"<h2>DAA Alpha-XiP magnet\u0173 rinkinys<\/h2>\n<p>Atnaujinkite savo DAA Racer d\u0117kl\u0105 arba Alpha XiP su \u0161iuo magnet\u0173 rinkiniu. Pritvirtinkite magnet\u0105 prie d\u0117klo greitam ir saugiam montavimui.<\/p>\n<h3>Rinkinio turinys:<\/h3>\n<ul>\n<li>DAA didelis magnetas<\/li>\n<li>Ner\u016bdijan\u010dio plieno M5 10mm var\u017etas<\/li>\n<li>\u017dalvarin\u0117 termin\u0117 \u012fvor\u0117 M5 ver\u017el\u0117 (6mm ilgio)<\/li>\n<\/ul>\n<h3>Reikalingi \u012frankiai:<\/h3>\n<ul>\n<li>Gr\u0119\u017etuvas su 6,3-6,5mm gr\u0105\u017etu<\/li>\n<li>Lituoklis<\/li>\n<li>Dild\u0117 ir \u0161vitrinis popierius<\/li>\n<\/ul>\n<p>Vadovaukit\u0117s m\u016bs\u0173 surinkimo instrukcijomis, kad pritaikytum\u0117te savo d\u0117kl\u0105. I\u0161gr\u0119\u017ekite skyl\u0119, \u012fd\u0117kite termin\u0119 ver\u017el\u0119 ir pritvirtinkite magnet\u0105. Su \u0161iuo rinkiniu pagerinsite savo d\u0117klo funkcionalum\u0105.<\/p>\n<p><strong>Pastaba:<\/strong> Surinkimui reikia atsargumo ir kantryb\u0117s. Montavimo metu visada teikite pirmenyb\u0119 saugumui.<\/p>\n","protected":false},"excerpt":{"rendered":"<p>DAA Alpha-XiP: Pritaikomas magnetinis krep\u0161elio tvirtinimo rinkinys<\/p>\n","protected":false},"featured_media":235859,"template":"","meta":{"_acf_changed":false},"product_brand":[11275],"product_cat":[13708,13699],"product_tag":[],"class_list":{"0":"post-276587","1":"product","2":"type-product","3":"status-publish","4":"has-post-thumbnail","6":"product_brand-doublealpha","7":"product_cat-iranga","8":"product_cat-krepseliai","10":"first","11":"instock","12":"taxable","13":"shipping-taxable","14":"purchasable","15":"product-type-simple"},"acf":[],"_links":{"self":[{"href":"https:\/\/staging.nbg.eu\/lt\/wp-json\/wp\/v2\/product\/276587","targetHints":{"allow":["GET"]}}],"collection":[{"href":"https:\/\/staging.nbg.eu\/lt\/wp-json\/wp\/v2\/product"}],"about":[{"href":"https:\/\/staging.nbg.eu\/lt\/wp-json\/wp\/v2\/types\/product"}],"wp:featuredmedia":[{"embeddable":true,"href":"https:\/\/staging.nbg.eu\/lt\/wp-json\/wp\/v2\/media\/235859"}],"wp:attachment":[{"href":"https:\/\/staging.nbg.eu\/lt\/wp-json\/wp\/v2\/media?parent=276587"}],"wp:term":[{"taxonomy":"product_brand","embeddable":true,"href":"https:\/\/staging.nbg.eu\/lt\/wp-json\/wp\/v2\/product_brand?post=276587"},{"taxonomy":"product_cat","embeddable":true,"href":"https:\/\/staging.nbg.eu\/lt\/wp-json\/wp\/v2\/product_cat?post=276587"},{"taxonomy":"product_tag","embeddable":true,"href":"https:\/\/staging.nbg.eu\/lt\/wp-json\/wp\/v2\/product_tag?post=276587"}],"curies":[{"name":"wp","href":"https:\/\/api.w.org\/{rel}","templated":true}]}}