{"id":276218,"date":"2025-03-07T07:40:34","date_gmt":"2025-03-20T13:40:54","guid":{"rendered":"https:\/\/staging.nbg.eu\/product\/silicone-gel-pads-for-3m-peltor-2\/"},"modified":"2025-03-20T13:42:53","modified_gmt":"2025-03-20T13:42:53","slug":"silikoniniai-geliniai-pagalveles-3m-peltor","status":"publish","type":"product","link":"https:\/\/staging.nbg.eu\/lt\/produktas\/silikoniniai-geliniai-pagalveles-3m-peltor\/","title":{"rendered":"Silikoniniai Geliniai Pagalv\u0117l\u0117s 3M Peltor"},"content":{"rendered":"<div class=\"product-description\">\n<h2>Silikonin\u0117s gelio pagalv\u0117l\u0117s 3M Peltor<\/h2>\n<p>Pakeiskite savo 3M Peltor klausos apsaugos ausines \u0161iomis silikonin\u0117mis gelio aus\u0173 pagalv\u0117l\u0117mis. Jos tinka \u012fvairiems Peltor modeliams, \u012fskaitant Sportac, WS Sportac, Protac III ir X4A pasyvias ausines.<\/p>\n<ul>\n<li>Lengvas montavimas: Tiesiog \u012fspaud\u017eiamos \u012f viet\u0105, nereikia modifikacij\u0173<\/li>\n<li>Patogumas: Gelio pagalv\u0117l\u0117s prisitaiko prie galvos formos<\/li>\n<li>Geresnis sandarumas: Sukuria barjer\u0105 aplink akini\u0173 kojel\u0119<\/li>\n<li>Tvirta konstrukcija: Ultragarsin\u0117 suvirinimo technologija u\u017etikrina ilgaam\u017ei\u0161kum\u0105<\/li>\n<li>Universalus suderinamumas: Tinka daugumai Peltor klausos apsaugos modeli\u0173<\/li>\n<\/ul>\n<p>\u0160ios silikonin\u0117s gelio pagalv\u0117l\u0117s tinka ilgalaikiam naudojimui ir klausos apsaugai.<\/p>\n<\/div>\n","protected":false},"excerpt":{"rendered":"<p>Patogios, lengvai montuojamos gelin\u0117s pagalv\u0117l\u0117s, skirtos 3M Peltor klausos apsaugos ausin\u0117ms.<\/p>\n","protected":false},"featured_media":245729,"template":"","meta":{"_acf_changed":false},"product_brand":[11023],"product_cat":[13708,13703],"product_tag":[],"class_list":{"0":"post-276218","1":"product","2":"type-product","3":"status-publish","4":"has-post-thumbnail","6":"product_brand-3m","7":"product_cat-iranga","8":"product_cat-klausos-apsauga","10":"first","11":"instock","12":"taxable","13":"shipping-taxable","14":"purchasable","15":"product-type-simple"},"acf":[],"_links":{"self":[{"href":"https:\/\/staging.nbg.eu\/lt\/wp-json\/wp\/v2\/product\/276218","targetHints":{"allow":["GET"]}}],"collection":[{"href":"https:\/\/staging.nbg.eu\/lt\/wp-json\/wp\/v2\/product"}],"about":[{"href":"https:\/\/staging.nbg.eu\/lt\/wp-json\/wp\/v2\/types\/product"}],"wp:featuredmedia":[{"embeddable":true,"href":"https:\/\/staging.nbg.eu\/lt\/wp-json\/wp\/v2\/media\/245729"}],"wp:attachment":[{"href":"https:\/\/staging.nbg.eu\/lt\/wp-json\/wp\/v2\/media?parent=276218"}],"wp:term":[{"taxonomy":"product_brand","embeddable":true,"href":"https:\/\/staging.nbg.eu\/lt\/wp-json\/wp\/v2\/product_brand?post=276218"},{"taxonomy":"product_cat","embeddable":true,"href":"https:\/\/staging.nbg.eu\/lt\/wp-json\/wp\/v2\/product_cat?post=276218"},{"taxonomy":"product_tag","embeddable":true,"href":"https:\/\/staging.nbg.eu\/lt\/wp-json\/wp\/v2\/product_tag?post=276218"}],"curies":[{"name":"wp","href":"https:\/\/api.w.org\/{rel}","templated":true}]}}