{"id":275680,"date":"2025-03-07T18:52:50","date_gmt":"2025-03-20T12:40:52","guid":{"rendered":"https:\/\/staging.nbg.eu\/product\/vortex-defender-xl-micro-red-dot\/"},"modified":"2025-03-20T12:43:17","modified_gmt":"2025-03-20T12:43:17","slug":"vortex-defender-xl-mikro-raudonas-taskas","status":"publish","type":"product","link":"https:\/\/staging.nbg.eu\/lt\/produktas\/vortex-defender-xl-mikro-raudonas-taskas\/","title":{"rendered":"Vortex &#8211; Defender-XL &#8211; Mikro Raudonas Ta\u0161kas"},"content":{"rendered":"<div class=\"product-description\">\n<h2>Vortex &#8211; Defender-XL\u2122 &#8211; Mikro raudonasis ta\u0161kas<\/h2>\n<p>Vortex Defender-XL\u2122 yra mikro raudonasis ta\u0161kas, skirtas \u0161audymo var\u017eyboms. \u0160is optinis prietaisas turi didel\u012f steb\u0117jimo lang\u0105, kuris suteikia geresn\u012f periferin\u012f matym\u0105 ir padidina greit\u012f sekan\u010di\u0173 \u0161\u016bvi\u0173 metu.<\/p>\n<h2>Pagrindin\u0117s savyb\u0117s:<\/h2>\n<ul>\n<li><strong>5 MOA raudonas ta\u0161kas:<\/strong> Matomas bet kokiomis ap\u0161vietimo s\u0105lygomis<\/li>\n<li><strong>10 ry\u0161kumo nustatym\u0173:<\/strong> 8 dienos metu ir 2 naktinio matymo re\u017eimui<\/li>\n<li><strong>Didelis steb\u0117jimo langas:<\/strong> Greitas taikinio aptikimas ir platus matymo laukas<\/li>\n<li><strong>Asferiniai l\u0119\u0161iai:<\/strong> Vaizdas be i\u0161kraipym\u0173 ir tikslesn\u0117s spalvos<\/li>\n<li><strong>ShockShield\u2122 polimero \u012fd\u0117klas:<\/strong> Apsauga nuo kasdieninio naudojimo<\/li>\n<li><strong>Fast-Rack\u2122 tekst\u016bra:<\/strong> Tekst\u016bra lengvam spynos u\u017etaisymui<\/li>\n<li><strong>Judesio aktyvavimas:<\/strong> Automatinis \u012fsijungimas su 10 minu\u010di\u0173 automatinio i\u0161sijungimo funkcija<\/li>\n<li><strong>Mygtuk\u0173 u\u017eraktas:<\/strong> Apsauga nuo atsitiktinio ry\u0161kumo pakeitimo<\/li>\n<li><strong>Baterija vir\u0161uje:<\/strong> Lengvas baterijos keitimas be poreikio i\u0161 naujo nustatyti<\/li>\n<\/ul>\n<h2>Technin\u0117s specifikacijos:<\/h2>\n<ul>\n<li>Tvirtinimo pagrindas: DeltaPoint\u00ae Pro<\/li>\n<li>Tvirtinimo tipas: Picatinny<\/li>\n<li>Didinimas: 1x<\/li>\n<li>Baterijos tipas: CR2032<\/li>\n<li>Baterijos tarnavimo laikas: 25,000 valand\u0173<\/li>\n<li>Reguliavimo \u017eingsnis: 1 MOA<\/li>\n<li>Maksimalus auk\u0161\u010dio reguliavimas: 120 MOA<\/li>\n<li>Maksimalus \u0161oninis reguliavimas: 115 MOA<\/li>\n<li>Ilgis: 2.0&#8243;<\/li>\n<li>Svoris: 1.93 oz.<\/li>\n<\/ul>\n<h2>Patvarumas ir veikimas:<\/h2>\n<ul>\n<li>Atsparus vandeniui: O-\u017eied\u0173 sandarikliai u\u017etikrina patikim\u0105 veikim\u0105 visose aplinkose<\/li>\n<li>Atsparus r\u016bkui: Sukurtas atlaikyti plat\u0173 temperat\u016br\u0173 diapazon\u0105<\/li>\n<li>Atsparus sm\u016bgiams: Tvirta konstrukcija atlaiko atatrank\u0105 ir sm\u016bgius<\/li>\n<li>Matin\u0117 juoda anoduota danga: Atspari korozijai ir nusid\u0117v\u0117jimui<\/li>\n<li>Vienos dalies korpusas: Kompakti\u0161kas ir lengvas dizainas<\/li>\n<li>Be paralakso: Ne\u017eymus paralaksas geresniam tikslumui<\/li>\n<li>Neribota akies atstuma: Nekritinis akies atstumas greitam taikinio aptikimui<\/li>\n<\/ul>\n<p>Vortex Defender-XL\u2122 mikro raudonasis ta\u0161kas yra skirtas \u0161audymo var\u017eyboms. Jo tvirta konstrukcija, pa\u017eangios funkcijos ir tikslus veikimas daro j\u012f tinkamu pasirinkimu \u0161auliams.<\/p>\n<\/div>\n","protected":false},"excerpt":{"rendered":"<p>Tvirtas, kompakti\u0161kas raudonojo ta\u0161ko taikymo prietaisas su dideliu langu greitam taikinio aptikimui. 5 MOA ta\u0161kas, 10 ry\u0161kumo nustatym\u0173.<\/p>\n","protected":false},"featured_media":249115,"template":"","meta":{"_acf_changed":false},"product_brand":[11961],"product_cat":[13698,13697,13718,13751,13717],"product_tag":[],"class_list":{"0":"post-275680","1":"product","2":"type-product","3":"status-publish","4":"has-post-thumbnail","6":"product_brand-vortex","7":"product_cat-pistoletas","8":"product_cat-pistoleto-taskai","9":"product_cat-raudoni-taskai","10":"product_cat-sautuvu-taikikliai","11":"product_cat-taikymas","13":"first","14":"instock","15":"sale","16":"taxable","17":"shipping-taxable","18":"purchasable","19":"product-type-variable","20":"wvs-archive-product-wrapper"},"acf":[],"_links":{"self":[{"href":"https:\/\/staging.nbg.eu\/lt\/wp-json\/wp\/v2\/product\/275680","targetHints":{"allow":["GET"]}}],"collection":[{"href":"https:\/\/staging.nbg.eu\/lt\/wp-json\/wp\/v2\/product"}],"about":[{"href":"https:\/\/staging.nbg.eu\/lt\/wp-json\/wp\/v2\/types\/product"}],"wp:featuredmedia":[{"embeddable":true,"href":"https:\/\/staging.nbg.eu\/lt\/wp-json\/wp\/v2\/media\/249115"}],"wp:attachment":[{"href":"https:\/\/staging.nbg.eu\/lt\/wp-json\/wp\/v2\/media?parent=275680"}],"wp:term":[{"taxonomy":"product_brand","embeddable":true,"href":"https:\/\/staging.nbg.eu\/lt\/wp-json\/wp\/v2\/product_brand?post=275680"},{"taxonomy":"product_cat","embeddable":true,"href":"https:\/\/staging.nbg.eu\/lt\/wp-json\/wp\/v2\/product_cat?post=275680"},{"taxonomy":"product_tag","embeddable":true,"href":"https:\/\/staging.nbg.eu\/lt\/wp-json\/wp\/v2\/product_tag?post=275680"}],"curies":[{"name":"wp","href":"https:\/\/api.w.org\/{rel}","templated":true}]}}