{"id":275543,"date":"2025-03-07T11:08:39","date_gmt":"2025-03-20T12:26:21","guid":{"rendered":"https:\/\/staging.nbg.eu\/product\/ipsc-targets-mini-100pcs\/"},"modified":"2025-03-20T12:28:33","modified_gmt":"2025-03-20T12:28:33","slug":"ipsc-taikiniai-mini-100vnt","status":"publish","type":"product","link":"https:\/\/staging.nbg.eu\/lt\/produktas\/ipsc-taikiniai-mini-100vnt\/","title":{"rendered":"IPSC Taikiniai mini 100vnt"},"content":{"rendered":"<div class=\"product-description\">\n<h2>Kartoniniai IPSC mini taikiniai &#8211; 100 vnt. pakuot\u0117<\/h2>\n<p>IPSC teis\u0117ti taikiniai, tinkami var\u017eyboms ir treniruot\u0117ms. Kiekvienoje pakuot\u0117je yra 100 mini taikini\u0173, atitinkan\u010di\u0173 IPSC var\u017eyb\u0173 standartus.<\/p>\n<ul>\n<li>Pagaminti i\u0161 kartono<\/li>\n<li>Perforuotos A, C ir D zonos ta\u0161k\u0173 skai\u010diavimui<\/li>\n<li>Dviej\u0173 spalv\u0173 dizainas: Priekis rudas, galas baltas<\/li>\n<li>Balta pus\u0117 naudojama kaip baudos taikinys<\/li>\n<li>Ta\u0161k\u0173 skai\u010diavimo linijos matomos abiejose pus\u0117se<\/li>\n<\/ul>\n<p>\u0160ie taikiniai skirti \u0161audymo tikslumui ir grei\u010diui gerinti. Tinka \u0161audyklai, var\u017eyboms arba taktiniams mokymams.<\/p>\n<\/div>\n","protected":false},"excerpt":{"rendered":"<p>IPSC mini taikiniai: 100 perforuot\u0173 kartonini\u0173 taikini\u0173 treniruot\u0117ms ir var\u017eyboms.<\/p>\n","protected":false},"featured_media":246704,"template":"","meta":{"_acf_changed":false},"product_brand":[],"product_cat":[13714,13739],"product_tag":[],"class_list":{"0":"post-275543","1":"product","2":"type-product","3":"status-publish","4":"has-post-thumbnail","6":"product_cat-popieriniai-taikiniai","7":"product_cat-taikiniai","9":"first","10":"instock","11":"taxable","12":"shipping-taxable","13":"purchasable","14":"product-type-simple"},"acf":[],"_links":{"self":[{"href":"https:\/\/staging.nbg.eu\/lt\/wp-json\/wp\/v2\/product\/275543","targetHints":{"allow":["GET"]}}],"collection":[{"href":"https:\/\/staging.nbg.eu\/lt\/wp-json\/wp\/v2\/product"}],"about":[{"href":"https:\/\/staging.nbg.eu\/lt\/wp-json\/wp\/v2\/types\/product"}],"wp:featuredmedia":[{"embeddable":true,"href":"https:\/\/staging.nbg.eu\/lt\/wp-json\/wp\/v2\/media\/246704"}],"wp:attachment":[{"href":"https:\/\/staging.nbg.eu\/lt\/wp-json\/wp\/v2\/media?parent=275543"}],"wp:term":[{"taxonomy":"product_brand","embeddable":true,"href":"https:\/\/staging.nbg.eu\/lt\/wp-json\/wp\/v2\/product_brand?post=275543"},{"taxonomy":"product_cat","embeddable":true,"href":"https:\/\/staging.nbg.eu\/lt\/wp-json\/wp\/v2\/product_cat?post=275543"},{"taxonomy":"product_tag","embeddable":true,"href":"https:\/\/staging.nbg.eu\/lt\/wp-json\/wp\/v2\/product_tag?post=275543"}],"curies":[{"name":"wp","href":"https:\/\/api.w.org\/{rel}","templated":true}]}}