{"id":275397,"date":"2025-03-07T10:54:35","date_gmt":"2025-03-07T10:54:35","guid":{"rendered":"https:\/\/staging.nbg.eu\/product\/ipsc-targets-50pcs\/"},"modified":"2025-03-20T12:10:18","modified_gmt":"2025-03-20T12:10:18","slug":"ipsc-taikiniai-50vnt","status":"publish","type":"product","link":"https:\/\/staging.nbg.eu\/lt\/produktas\/ipsc-taikiniai-50vnt\/","title":{"rendered":"IPSC Taikiniai 50vnt"},"content":{"rendered":"<div class=\"product-description\">\n<h2>Kartoniniai IPSC taikiniai &#8211; 50 vnt. pakuot\u0117<\/h2>\n<p>IPSC teis\u0117ti taikiniai, tinkami var\u017eyboms ir treniruot\u0117ms. Kiekvienoje pakuot\u0117je yra 50 taikini\u0173, atitinkan\u010di\u0173 IPSC var\u017eyb\u0173 standartus.<\/p>\n<ul>\n<li>Med\u017eiaga: Kartonas<\/li>\n<li>Kiekis: 50 taikini\u0173 pakuot\u0117je<\/li>\n<li>Spalvos: Sm\u0117lio\/baltos spalvos, dvipusiai<\/li>\n<li>Perforuotos A, C ir D zonos ta\u0161k\u0173 skai\u010diavimui<\/li>\n<\/ul>\n<p>\u0160ie taikiniai turi perforacijas sm\u0117lio spalvos pus\u0117je, apibr\u0117\u017eian\u010dias ta\u0161k\u0173 zonas. Balta pus\u0117 gali b\u016bti naudojama kaip baudos taikinys, ta\u0161k\u0173 linijos matomos per perforacijas.<\/p>\n<p>\u0160ie IPSC taikiniai tinka tiek patyrusi\u0173 var\u017eyb\u0173 dalyviams, tiek besitreniruojantiems. Jie padeda tobulinti \u012fg\u016bd\u017eius ir matuoti pa\u017eang\u0105.<\/p>\n<\/div>\n","protected":false},"excerpt":{"rendered":"<p>IPSC taikiniai: 50 auk\u0161tos kokyb\u0117s kartonini\u0173 taikini\u0173 var\u017eyboms ir treniruot\u0117ms.<\/p>\n","protected":false},"featured_media":246681,"template":"","meta":{"_acf_changed":false},"product_brand":[],"product_cat":[13714,13739],"product_tag":[],"class_list":{"0":"post-275397","1":"product","2":"type-product","3":"status-publish","4":"has-post-thumbnail","6":"product_cat-popieriniai-taikiniai","7":"product_cat-taikiniai","9":"first","10":"instock","11":"taxable","12":"shipping-taxable","13":"purchasable","14":"product-type-simple"},"acf":[],"_links":{"self":[{"href":"https:\/\/staging.nbg.eu\/lt\/wp-json\/wp\/v2\/product\/275397","targetHints":{"allow":["GET"]}}],"collection":[{"href":"https:\/\/staging.nbg.eu\/lt\/wp-json\/wp\/v2\/product"}],"about":[{"href":"https:\/\/staging.nbg.eu\/lt\/wp-json\/wp\/v2\/types\/product"}],"wp:featuredmedia":[{"embeddable":true,"href":"https:\/\/staging.nbg.eu\/lt\/wp-json\/wp\/v2\/media\/246681"}],"wp:attachment":[{"href":"https:\/\/staging.nbg.eu\/lt\/wp-json\/wp\/v2\/media?parent=275397"}],"wp:term":[{"taxonomy":"product_brand","embeddable":true,"href":"https:\/\/staging.nbg.eu\/lt\/wp-json\/wp\/v2\/product_brand?post=275397"},{"taxonomy":"product_cat","embeddable":true,"href":"https:\/\/staging.nbg.eu\/lt\/wp-json\/wp\/v2\/product_cat?post=275397"},{"taxonomy":"product_tag","embeddable":true,"href":"https:\/\/staging.nbg.eu\/lt\/wp-json\/wp\/v2\/product_tag?post=275397"}],"curies":[{"name":"wp","href":"https:\/\/api.w.org\/{rel}","templated":true}]}}