{"id":274987,"date":"2025-03-03T19:13:19","date_gmt":"2025-03-20T10:48:57","guid":{"rendered":"https:\/\/staging.nbg.eu\/product\/bore-tech-patch-guide\/"},"modified":"2025-03-20T10:51:13","modified_gmt":"2025-03-20T10:51:13","slug":"bore-tech-pleistro-vadovas","status":"publish","type":"product","link":"https:\/\/staging.nbg.eu\/lt\/produktas\/bore-tech-pleistro-vadovas\/","title":{"rendered":"Bore Tech Pleistro Vadovas"},"content":{"rendered":"<h2>Bore Tech AR-15\/AR-10 valymo \u012frankis<\/h2>\n<p>Bore Tech valymo \u012frankis yra patentuota sistema, skirta valyti \u0161autuv\u0105 be rank\u0173 ir supaprastinti valymo proces\u0105.<\/p>\n<ul>\n<li>CNC b\u016bdu pagaminti aliuminio komponentai<\/li>\n<li>Anoduota apdaila ilgaam\u017ei\u0161kumui<\/li>\n<li>Sulygiuoja valymo stryp\u0105 su \u0161autuvo vamzd\u017eiu<\/li>\n<li>Apsaugo spynos dantis ir kameros kra\u0161tus nuo pa\u017eeidim\u0173<\/li>\n<li>Kei\u010diami, tirpikliams atspar\u016bs priekiniai adapteriai<\/li>\n<li>Tinka \u012fvairiems AR-15 ir AR-10 kalibrams<\/li>\n<\/ul>\n<p>Palengvina valym\u0105 ir apsaugo \u0161autuv\u0105 bei valymo stryp\u0105. Bore Tech valymo \u012frankis yra naudingas \u012frankis \u0161autuvo savininkams. Pagaminta JAV.<\/p>\n<p><strong>Pasirinkite Bore Tech.<\/strong><\/p>\n","protected":false},"excerpt":{"rendered":"<p>Lengvas, \u0161varus AR-15\/AR-10 valymas su laisv\u0173 rank\u0173 lopin\u0117li\u0173 tvirtinimu.<\/p>\n","protected":false},"featured_media":235530,"template":"","meta":{"_acf_changed":false},"product_brand":[11158],"product_cat":[13722,13706],"product_tag":[],"class_list":{"0":"post-274987","1":"product","2":"type-product","3":"status-publish","4":"has-post-thumbnail","6":"product_brand-boretech","7":"product_cat-ginklu-valymas","8":"product_cat-lopai-ir-lopu-sautuvai","9":"pa_model-ar-10-lt","10":"pa_model-ar-15-lt","12":"first","13":"instock","14":"taxable","15":"shipping-taxable","16":"purchasable","17":"product-type-variable","18":"wvs-archive-product-wrapper"},"acf":[],"_links":{"self":[{"href":"https:\/\/staging.nbg.eu\/lt\/wp-json\/wp\/v2\/product\/274987","targetHints":{"allow":["GET"]}}],"collection":[{"href":"https:\/\/staging.nbg.eu\/lt\/wp-json\/wp\/v2\/product"}],"about":[{"href":"https:\/\/staging.nbg.eu\/lt\/wp-json\/wp\/v2\/types\/product"}],"wp:featuredmedia":[{"embeddable":true,"href":"https:\/\/staging.nbg.eu\/lt\/wp-json\/wp\/v2\/media\/235530"}],"wp:attachment":[{"href":"https:\/\/staging.nbg.eu\/lt\/wp-json\/wp\/v2\/media?parent=274987"}],"wp:term":[{"taxonomy":"product_brand","embeddable":true,"href":"https:\/\/staging.nbg.eu\/lt\/wp-json\/wp\/v2\/product_brand?post=274987"},{"taxonomy":"product_cat","embeddable":true,"href":"https:\/\/staging.nbg.eu\/lt\/wp-json\/wp\/v2\/product_cat?post=274987"},{"taxonomy":"product_tag","embeddable":true,"href":"https:\/\/staging.nbg.eu\/lt\/wp-json\/wp\/v2\/product_tag?post=274987"}],"curies":[{"name":"wp","href":"https:\/\/api.w.org\/{rel}","templated":true}]}}