{"id":274804,"date":"2025-03-03T19:50:37","date_gmt":"2025-03-03T19:50:37","guid":{"rendered":"https:\/\/staging.nbg.eu\/product\/daa-dry-fire-target-set-metric-uspsa\/"},"modified":"2025-03-20T10:18:05","modified_gmt":"2025-03-20T10:18:05","slug":"daa-sausojo-saudymo-taikiniu-rinkinys-metric-uspsa","status":"publish","type":"product","link":"https:\/\/staging.nbg.eu\/lt\/produktas\/daa-sausojo-saudymo-taikiniu-rinkinys-metric-uspsa\/","title":{"rendered":"DAA Sausojo \u0160audymo Taikini\u0173 Rinkinys (Metric &#8211; USPSA)"},"content":{"rendered":"<div class=\"product-description\">\n<h2>DAA sausojo \u0161audymo taikini\u0173 rinkinys (Metrinis &#8211; USPSA)<\/h2>\n<p>\u0160is rinkinys apima 17 suma\u017eint\u0173 USPSA metrini\u0173 taikini\u0173, skirt\u0173 treniruot\u0117ms patalpose.<\/p>\n<ul>\n<li>I\u0161pjauti lazeriu i\u0161 3 mm medienos plok\u0161\u010di\u0173<\/li>\n<li>Imituoja taikinius 15, 20 ir 30 metr\u0173 atstumu, kai pastatomi 2,5-3 metrus nuo \u0161aulio<\/li>\n<li>Trys dyd\u017eiai: 32% (24 cm), 20% (15 cm) ir 12% (9 cm) pilno dyd\u017eio taikini\u0173<\/li>\n<li>\u012etraukti daliniai taikiniai \u012fvairiems pratimams<\/li>\n<li>Turi skylutes pakabinimui<\/li>\n<\/ul>\n<p>\u0160is taikini\u0173 rinkinys skirtas sausojo \u0161audymo praktikai namuose.<\/p>\n<\/div>\n","protected":false},"excerpt":{"rendered":"<p>Realisti\u0161ki, suma\u017einto mastelio USPSA taikiniai efektyviam sausajam \u0161audymui namuose.<\/p>\n","protected":false},"featured_media":235976,"template":"","meta":{"_acf_changed":false},"product_brand":[11275],"product_cat":[13714,13739],"product_tag":[],"class_list":{"0":"post-274804","1":"product","2":"type-product","3":"status-publish","4":"has-post-thumbnail","6":"product_brand-doublealpha","7":"product_cat-popieriniai-taikiniai","8":"product_cat-taikiniai","10":"first","11":"outofstock","12":"taxable","13":"shipping-taxable","14":"purchasable","15":"product-type-simple"},"acf":[],"_links":{"self":[{"href":"https:\/\/staging.nbg.eu\/lt\/wp-json\/wp\/v2\/product\/274804","targetHints":{"allow":["GET"]}}],"collection":[{"href":"https:\/\/staging.nbg.eu\/lt\/wp-json\/wp\/v2\/product"}],"about":[{"href":"https:\/\/staging.nbg.eu\/lt\/wp-json\/wp\/v2\/types\/product"}],"wp:featuredmedia":[{"embeddable":true,"href":"https:\/\/staging.nbg.eu\/lt\/wp-json\/wp\/v2\/media\/235976"}],"wp:attachment":[{"href":"https:\/\/staging.nbg.eu\/lt\/wp-json\/wp\/v2\/media?parent=274804"}],"wp:term":[{"taxonomy":"product_brand","embeddable":true,"href":"https:\/\/staging.nbg.eu\/lt\/wp-json\/wp\/v2\/product_brand?post=274804"},{"taxonomy":"product_cat","embeddable":true,"href":"https:\/\/staging.nbg.eu\/lt\/wp-json\/wp\/v2\/product_cat?post=274804"},{"taxonomy":"product_tag","embeddable":true,"href":"https:\/\/staging.nbg.eu\/lt\/wp-json\/wp\/v2\/product_tag?post=274804"}],"curies":[{"name":"wp","href":"https:\/\/api.w.org\/{rel}","templated":true}]}}