{"id":274667,"date":"2025-03-06T20:28:07","date_gmt":"2025-03-20T10:00:44","guid":{"rendered":"https:\/\/staging.nbg.eu\/product\/3m-peltor-protac-iii-slim-headset\/"},"modified":"2025-03-20T10:03:17","modified_gmt":"2025-03-20T10:03:17","slug":"3m-peltor-protac-iii-slim-ausines","status":"publish","type":"product","link":"https:\/\/staging.nbg.eu\/lt\/produktas\/3m-peltor-protac-iii-slim-ausines\/","title":{"rendered":"3M PELTOR ProTac III Slim Ausin\u0117s"},"content":{"rendered":"<div class=\"product-description\">\n<h2>3M\u2122 PELTOR\u2122 ProTac III Slim ausin\u0117s<\/h2>\n<p>ProTac III Slim ausin\u0117s. \u0160ios ausin\u0117s si\u016blo:<\/p>\n<ul>\n<li>23dB triuk\u0161mo ma\u017einimo koeficientas (NRR)<\/li>\n<li>Aplinkos mikrofonai nuo lygio priklausomai klausos apsaugai<\/li>\n<li>Aplinkos klausymosi galimyb\u0117<\/li>\n<li>Garso ribojimo technologija, ribojanti garsiakalbio garsum\u0105 iki 82 dBA<\/li>\n<li>3,5 mm stereo \u012fvestis i\u0161oriniams \u012frenginiams (mobiliesiems telefonams, dvipusio ry\u0161io radijo stotel\u0117ms, iPod)<\/li>\n<\/ul>\n<p>Savyb\u0117s:<\/p>\n<ul>\n<li>Juoda spalva<\/li>\n<li>Galvos juosta<\/li>\n<li>Laidinis ry\u0161ys<\/li>\n<\/ul>\n<p>Tinka specialistams, kuriems reikia ry\u0161io galimybi\u0173 ir klausos apsaugos.<\/p>\n<\/div>\n","protected":false},"excerpt":{"rendered":"<p>I\u0161manioji klausos apsauga su aplinkos gars\u0173 klausymosi funkcija ir \u012frengini\u0173 sujungimo galimybe.<\/p>\n","protected":false},"featured_media":245681,"template":"","meta":{"_acf_changed":false},"product_brand":[11023],"product_cat":[13708,13703],"product_tag":[],"class_list":{"0":"post-274667","1":"product","2":"type-product","3":"status-publish","4":"has-post-thumbnail","6":"product_brand-3m","7":"product_cat-iranga","8":"product_cat-klausos-apsauga","10":"first","11":"instock","12":"taxable","13":"shipping-taxable","14":"purchasable","15":"product-type-simple"},"acf":[],"_links":{"self":[{"href":"https:\/\/staging.nbg.eu\/lt\/wp-json\/wp\/v2\/product\/274667","targetHints":{"allow":["GET"]}}],"collection":[{"href":"https:\/\/staging.nbg.eu\/lt\/wp-json\/wp\/v2\/product"}],"about":[{"href":"https:\/\/staging.nbg.eu\/lt\/wp-json\/wp\/v2\/types\/product"}],"wp:featuredmedia":[{"embeddable":true,"href":"https:\/\/staging.nbg.eu\/lt\/wp-json\/wp\/v2\/media\/245681"}],"wp:attachment":[{"href":"https:\/\/staging.nbg.eu\/lt\/wp-json\/wp\/v2\/media?parent=274667"}],"wp:term":[{"taxonomy":"product_brand","embeddable":true,"href":"https:\/\/staging.nbg.eu\/lt\/wp-json\/wp\/v2\/product_brand?post=274667"},{"taxonomy":"product_cat","embeddable":true,"href":"https:\/\/staging.nbg.eu\/lt\/wp-json\/wp\/v2\/product_cat?post=274667"},{"taxonomy":"product_tag","embeddable":true,"href":"https:\/\/staging.nbg.eu\/lt\/wp-json\/wp\/v2\/product_tag?post=274667"}],"curies":[{"name":"wp","href":"https:\/\/api.w.org\/{rel}","templated":true}]}}