{"id":236096,"date":"2025-03-03T20:03:09","date_gmt":"2025-03-03T20:03:09","guid":{"rendered":"https:\/\/staging.nbg.eu\/?post_type=product&#038;p=236096"},"modified":"2025-09-30T13:37:42","modified_gmt":"2025-09-30T10:37:42","slug":"grips-kmr-s-modulinis-slifavimo-popierius-sidabrinis","status":"publish","type":"product","link":"https:\/\/staging.nbg.eu\/lt\/produktas\/grips-kmr-s-modulinis-slifavimo-popierius-sidabrinis\/","title":{"rendered":"GRIPS KMR S modulinis \u0161lifavimo popierius, sidabrinis"},"content":{"rendered":"<h2>GRIPS KMR S Moduliniai \u0161vitrinio popieriaus griebtuvai &#8211; Juodi<\/h2>\n<p>KMR S-02 pistoletui skirti moduliniai \u0161vitrinio popieriaus griebtuvai. Pagaminti i\u0161 anoduoto duraliuminio, \u0161ie ilgi griebtuvai pagerina valdym\u0105 ir patogum\u0105.<\/p>\n<h2>Savyb\u0117s:<\/h2>\n<ul>\n<li>Tinka tik KMR S-02 .22 LR modeliams<\/li>\n<li>Anoduoto duraliuminio konstrukcija<\/li>\n<li>Suprojektuoti naudoti be d\u0117tuv\u0117s kreiptuvo<\/li>\n<li>Komplekte yra torx var\u017etai montavimui<\/li>\n<li>Juoda apdaila su KMR logotipu<\/li>\n<\/ul>\n<p>Pastaba: \u0160ie griebtuvai yra skirti 26 mm plo\u010dio aliuminio r\u0117mui KMR S-02 ir n\u0117ra suderinami su W-02 ar L-02 r\u0117m\u0173 dyd\u017eiais. \u0160ie griebtuvai pagerina sukibim\u0105 ir \u0161audymo tikslum\u0105 su KMR S-02 pistoletu.<\/p>\n<dl class=\"data-sheet\">\n<dt class=\"name\">KMR ginklams<\/dt>\n<dd class=\"value\">KMR S-01 LANCE (OR)<br \/>\nKMR S-02 IKI 2023<\/dd>\n<dt class=\"name\">CZ ginkl\u0173 pasirinkimas<\/dt>\n<dd class=\"value\">CZ SHADOW 1<br \/>\nCZ SHADOW 2<br \/>\nCZ SHADOW 2 (OR)<br \/>\nCZ SP-01<\/dd>\n<\/dl>\n","protected":false},"excerpt":{"rendered":"<p>KMR S-02 juoda modulin\u0117 rankena, suderinama su aliuminio r\u0117mu.<br \/>\n0611-03101-0101<\/p>\n","protected":false},"featured_media":73898,"template":"","meta":{"_acf_changed":false},"product_brand":[11496],"product_cat":[13693],"product_tag":[],"class_list":{"0":"post-236096","1":"product","2":"type-product","3":"status-publish","4":"has-post-thumbnail","6":"product_brand-kmr-precision","7":"product_cat-kmr-dalys","9":"first","10":"instock","11":"taxable","12":"shipping-taxable","13":"purchasable","14":"product-type-simple"},"acf":[],"_links":{"self":[{"href":"https:\/\/staging.nbg.eu\/lt\/wp-json\/wp\/v2\/product\/236096","targetHints":{"allow":["GET"]}}],"collection":[{"href":"https:\/\/staging.nbg.eu\/lt\/wp-json\/wp\/v2\/product"}],"about":[{"href":"https:\/\/staging.nbg.eu\/lt\/wp-json\/wp\/v2\/types\/product"}],"wp:featuredmedia":[{"embeddable":true,"href":"https:\/\/staging.nbg.eu\/lt\/wp-json\/wp\/v2\/media\/73898"}],"wp:attachment":[{"href":"https:\/\/staging.nbg.eu\/lt\/wp-json\/wp\/v2\/media?parent=236096"}],"wp:term":[{"taxonomy":"product_brand","embeddable":true,"href":"https:\/\/staging.nbg.eu\/lt\/wp-json\/wp\/v2\/product_brand?post=236096"},{"taxonomy":"product_cat","embeddable":true,"href":"https:\/\/staging.nbg.eu\/lt\/wp-json\/wp\/v2\/product_cat?post=236096"},{"taxonomy":"product_tag","embeddable":true,"href":"https:\/\/staging.nbg.eu\/lt\/wp-json\/wp\/v2\/product_tag?post=236096"}],"curies":[{"name":"wp","href":"https:\/\/api.w.org\/{rel}","templated":true}]}}