{"id":214515,"date":"2024-09-02T10:51:57","date_gmt":"2025-02-19T16:46:50","guid":{"rendered":"https:\/\/staging.nbg.eu\/product\/badger-ordnance-30mm-condition-one-accessory-ring-cap\/"},"modified":"2025-02-19T16:49:03","modified_gmt":"2025-02-19T16:49:03","slug":"badger-ordnance-30mm-condition-one-priedu-ziedo-dangtelis","status":"publish","type":"product","link":"https:\/\/staging.nbg.eu\/lt\/produktas\/badger-ordnance-30mm-condition-one-priedu-ziedo-dangtelis\/","title":{"rendered":"Badger Ordnance 30mm Condition One Pried\u0173 \u017diedo Dangtelis"},"content":{"rendered":"<div class=\"product-description\">\n<h2>BADGER ORDNANCE 30MM CONDITION ONE PRIED\u0172 \u017dIEDO DANGTELIS<\/h2>\n<p>Badger Ordnance 30MM Condition One pried\u0173 \u017eiedo dangtelis skirtas optikos sistemai tobulinti. \u0160is priedas integruojasi su esamu \u0161autuvo optikos montavimu, suteikdamas papildom\u0105 funkcionalum\u0105 ir pritaikymo galimybes.<\/p>\n<ul>\n<li><strong>Spalva:<\/strong> Juoda<\/li>\n<li><strong>Med\u017eiaga:<\/strong> Pagaminta i\u0161 7075 T6 aliuminio<\/li>\n<li><strong>Platforma:<\/strong> Universalus dizainas, netaikomas konkre\u010diai platformai<\/li>\n<li><strong>Svoris:<\/strong> 1.8 uncijos<\/li>\n<\/ul>\n<p>\u0160is pried\u0173 \u017eiedo dangtelis sukurtas taktiniams ir var\u017eyb\u0173 \u0161auliams. Jis suteikia saug\u0173 ir patikim\u0105 tvirtinimo sprendim\u0105 \u012fvairiems priedams. Badger Ordnance gaminys skirtas optikos sistemai atnaujinti.<\/p>\n<\/div>\n","protected":false},"excerpt":{"rendered":"<p>Lengvas aliuminio \u017eiedas 30 mm optiniams taikikliams. Patvari juoda apdaila.<\/p>\n","protected":false},"featured_media":83052,"template":"","meta":{"_acf_changed":false},"product_brand":[11089],"product_cat":[13685,13741,13690,13717],"product_tag":[],"class_list":{"0":"post-214515","1":"product","2":"type-product","3":"status-publish","4":"has-post-thumbnail","6":"product_brand-badger-ordnance","7":"product_cat-padidinta-optika","8":"product_cat-sautuvas","9":"product_cat-sautuvo-derinimas","10":"product_cat-taikymas","12":"first","13":"instock","14":"taxable","15":"shipping-taxable","16":"purchasable","17":"product-type-simple"},"acf":[],"_links":{"self":[{"href":"https:\/\/staging.nbg.eu\/lt\/wp-json\/wp\/v2\/product\/214515","targetHints":{"allow":["GET"]}}],"collection":[{"href":"https:\/\/staging.nbg.eu\/lt\/wp-json\/wp\/v2\/product"}],"about":[{"href":"https:\/\/staging.nbg.eu\/lt\/wp-json\/wp\/v2\/types\/product"}],"wp:featuredmedia":[{"embeddable":true,"href":"https:\/\/staging.nbg.eu\/lt\/wp-json\/wp\/v2\/media\/83052"}],"wp:attachment":[{"href":"https:\/\/staging.nbg.eu\/lt\/wp-json\/wp\/v2\/media?parent=214515"}],"wp:term":[{"taxonomy":"product_brand","embeddable":true,"href":"https:\/\/staging.nbg.eu\/lt\/wp-json\/wp\/v2\/product_brand?post=214515"},{"taxonomy":"product_cat","embeddable":true,"href":"https:\/\/staging.nbg.eu\/lt\/wp-json\/wp\/v2\/product_cat?post=214515"},{"taxonomy":"product_tag","embeddable":true,"href":"https:\/\/staging.nbg.eu\/lt\/wp-json\/wp\/v2\/product_tag?post=214515"}],"curies":[{"name":"wp","href":"https:\/\/api.w.org\/{rel}","templated":true}]}}