{"id":214335,"date":"2024-01-13T11:03:57","date_gmt":"2024-01-13T11:03:57","guid":{"rendered":"https:\/\/staging.nbg.eu\/product\/surefire-m640v-pro-scout-light-pro-infrared\/"},"modified":"2025-02-19T16:46:29","modified_gmt":"2025-02-19T16:46:29","slug":"surefire-m640v-pro-scout-light-pro-infraraudonas","status":"publish","type":"product","link":"https:\/\/staging.nbg.eu\/lt\/produktas\/surefire-m640v-pro-scout-light-pro-infraraudonas\/","title":{"rendered":"SureFire M640V-PRO (SCOUT LIGHT PRO Infraraudonas)"},"content":{"rendered":"<div class=\"product-description\">\n<h2>SureFire M640V-PRO SCOUT LIGHT PRO INFRARAUDON\u0172J\u0172 SPINDULI\u0172<\/h2>\n<p>M640V-PRO funkcijos:<\/p>\n<ul>\n<li>Hibridinis spindulio \u0161ablonas ilgo nuotolio identifikavimui ir situacijos suvokimui<\/li>\n<li>Naujas \u017eemo profilio tvirtinimas optimaliam pozicionavimui ir suderinamumui su prie b\u0117geli\u0173 tvirtinamais priedais<\/li>\n<li>\u012evairios tvirtinimo galimyb\u0117s Picatinny arba M-Lok b\u0117geliams<\/li>\n<li>Dviej\u0173 spektr\u0173 galimyb\u0117: 350 liumen\u0173 balta \u0161viesa \/ 120 mW IR i\u0161vestis<\/li>\n<li>Spektro pasirinkimas sukant apvad\u0105<\/li>\n<li>Specialus TIR l\u0119\u0161is toli siekian\u010diam spinduliui su pakankama aplinkos \u0161viesa<\/li>\n<li>Paprastas \u012fjungimas mygtuku gale<\/li>\n<li>Pagaminta i\u0161 tvirto aviacin\u0117s klas\u0117s aliuminio su karin\u0117s specifikacijos anodizuota apdaila<\/li>\n<li>O-\u017eiedo sandarinimas u\u017etikrina patikimum\u0105 bet kokiomis oro s\u0105lygomis<\/li>\n<\/ul>\n<p>\u0160is tvirtas, universalus ginklo \u017eibintas tinka \u012fvairioms taktin\u0117ms situacijoms.<\/p>\n<\/div>\n","protected":false},"excerpt":{"rendered":"<p>Universalus IR ginkl\u0173 \u017eibintas su hibridiniu spinduliu ir \u017eemo profilio tvirtinimu.<\/p>\n","protected":false},"featured_media":214336,"template":"","meta":{"_acf_changed":false},"product_brand":[11872],"product_cat":[13741,13692,13732],"product_tag":[],"class_list":{"0":"post-214335","1":"product","2":"type-product","3":"status-publish","4":"has-post-thumbnail","6":"product_brand-surefire","7":"product_cat-sautuvas","8":"product_cat-sautuvo-zibintuveliai","9":"product_cat-zibintuveliai","11":"first","12":"instock","13":"taxable","14":"shipping-taxable","15":"purchasable","16":"product-type-simple"},"acf":[],"_links":{"self":[{"href":"https:\/\/staging.nbg.eu\/lt\/wp-json\/wp\/v2\/product\/214335","targetHints":{"allow":["GET"]}}],"collection":[{"href":"https:\/\/staging.nbg.eu\/lt\/wp-json\/wp\/v2\/product"}],"about":[{"href":"https:\/\/staging.nbg.eu\/lt\/wp-json\/wp\/v2\/types\/product"}],"wp:featuredmedia":[{"embeddable":true,"href":"https:\/\/staging.nbg.eu\/lt\/wp-json\/wp\/v2\/media\/214336"}],"wp:attachment":[{"href":"https:\/\/staging.nbg.eu\/lt\/wp-json\/wp\/v2\/media?parent=214335"}],"wp:term":[{"taxonomy":"product_brand","embeddable":true,"href":"https:\/\/staging.nbg.eu\/lt\/wp-json\/wp\/v2\/product_brand?post=214335"},{"taxonomy":"product_cat","embeddable":true,"href":"https:\/\/staging.nbg.eu\/lt\/wp-json\/wp\/v2\/product_cat?post=214335"},{"taxonomy":"product_tag","embeddable":true,"href":"https:\/\/staging.nbg.eu\/lt\/wp-json\/wp\/v2\/product_tag?post=214335"}],"curies":[{"name":"wp","href":"https:\/\/api.w.org\/{rel}","templated":true}]}}