{"id":213936,"date":"2024-10-31T21:14:39","date_gmt":"2025-02-19T16:23:44","guid":{"rendered":"https:\/\/staging.nbg.eu\/product\/sabre-red-spray-52cft10-mk3-crossfire-gel-1-5oz-45ml\/"},"modified":"2025-02-19T16:26:05","modified_gmt":"2025-02-19T16:26:05","slug":"sabre-red-purskiklis-52cft10-mk3-crossfire-gel-15oz45ml","status":"publish","type":"product","link":"https:\/\/staging.nbg.eu\/lt\/produktas\/sabre-red-purskiklis-52cft10-mk3-crossfire-gel-15oz45ml\/","title":{"rendered":"Sabre Red Pur\u0161kiklis 52CFT10 MK3 Crossfire GEL 1.5oz\/45ml"},"content":{"rendered":"<div class=\"product-description\">\n<h2>Sabre Red 52CFT10-G MK-3 Crossfire Stream<\/h2>\n<p>\u0160is 1,5 uncijos pipir\u0173 pur\u0161kalas naudojamas teis\u0117saugos institucij\u0173 visame pasaulyje. Savyb\u0117s:<\/p>\n<ul>\n<li>SABRE Crossfire\u00ae technologija pur\u0161kimui i\u0161 bet kokio kampo<\/li>\n<li>8 vienos sekund\u0117s pur\u0161kimai, 15-20 p\u0117d\u0173 atstumu<\/li>\n<li>1,33% MC formuluot\u0117<\/li>\n<li>5 met\u0173 galiojimo laikas<\/li>\n<li>ISO 9001:2008 sertifikuotas<\/li>\n<li>Patikrintas aki\u0173, odos ir \u012fkv\u0117pimo testais<\/li>\n<li>UV \u017eym\u0117jimo da\u017eai \u012ftariamojo identifikavimui<\/li>\n<li>Nedegus ir suderinamas su EID<\/li>\n<\/ul>\n<p>Skirtas teis\u0117saugos institucijoms ir asmeninei apsaugai. Pagaminta JAV, Security Equipment Corp.<\/p>\n<\/div>\n","protected":false},"excerpt":{"rendered":"<p>Galingas teis\u0117saugos klas\u0117s pipirini\u0173 duj\u0173 pur\u0161kiklis. Crossfire technologija, 4,5-6 m veikimo nuotolis.<\/p>\n","protected":false},"featured_media":75075,"template":"","meta":{"_acf_changed":false},"product_brand":[11763],"product_cat":[13731],"product_tag":[],"class_list":{"0":"post-213936","1":"product","2":"type-product","3":"status-publish","4":"has-post-thumbnail","6":"product_brand-sabre","7":"product_cat-edc","9":"first","10":"instock","11":"taxable","12":"shipping-taxable","13":"purchasable","14":"product-type-simple"},"acf":[],"_links":{"self":[{"href":"https:\/\/staging.nbg.eu\/lt\/wp-json\/wp\/v2\/product\/213936","targetHints":{"allow":["GET"]}}],"collection":[{"href":"https:\/\/staging.nbg.eu\/lt\/wp-json\/wp\/v2\/product"}],"about":[{"href":"https:\/\/staging.nbg.eu\/lt\/wp-json\/wp\/v2\/types\/product"}],"wp:featuredmedia":[{"embeddable":true,"href":"https:\/\/staging.nbg.eu\/lt\/wp-json\/wp\/v2\/media\/75075"}],"wp:attachment":[{"href":"https:\/\/staging.nbg.eu\/lt\/wp-json\/wp\/v2\/media?parent=213936"}],"wp:term":[{"taxonomy":"product_brand","embeddable":true,"href":"https:\/\/staging.nbg.eu\/lt\/wp-json\/wp\/v2\/product_brand?post=213936"},{"taxonomy":"product_cat","embeddable":true,"href":"https:\/\/staging.nbg.eu\/lt\/wp-json\/wp\/v2\/product_cat?post=213936"},{"taxonomy":"product_tag","embeddable":true,"href":"https:\/\/staging.nbg.eu\/lt\/wp-json\/wp\/v2\/product_tag?post=213936"}],"curies":[{"name":"wp","href":"https:\/\/api.w.org\/{rel}","templated":true}]}}