{"id":212935,"date":"2024-07-22T11:51:56","date_gmt":"2024-07-22T11:51:56","guid":{"rendered":"https:\/\/staging.nbg.eu\/product\/blue-force-gear-universal-wire-loop\/"},"modified":"2025-02-19T15:17:21","modified_gmt":"2025-02-19T15:17:21","slug":"blue-force-gear-universali-vielos-kilpa","status":"publish","type":"product","link":"https:\/\/staging.nbg.eu\/lt\/produktas\/blue-force-gear-universali-vielos-kilpa\/","title":{"rendered":"Blue Force Gear Universali Vielos Kilpa"},"content":{"rendered":"<h2>Blue Force Gear universali vielos kilpa<\/h2>\n<p>Universali vielos kilpa (UWL\u2122) yra dir\u017eo tvirtinimo ta\u0161kas, skirtas \u012fvairiems pritaikymams. Galimos 3,25&#8243;, 4,5&#8243; ir 6,25&#8243; kilpos ilgio versijos. Jos savyb\u0117s:<\/p>\n<ul>\n<li>Lanksti nailonu padengta ner\u016bdijan\u010dio plieno viela lengvam tvirtinimui<\/li>\n<li>CNC apdirbtas 6061-T6 aliuminio korpusas su neatspindin\u010dia apdaila<\/li>\n<li>Kietai anoduotas ilgaam\u017ei\u0161kumui<\/li>\n<li>Aviacinio lygio kabelis su rutuliniais galais<\/li>\n<li>Tylesn\u0117 ir stipresn\u0117 nei tradiciniai kabliukai<\/li>\n<li>Nesud\u0117v\u0117s kilpeli\u0173<\/li>\n<\/ul>\n<p>Tinka naudoti su Vickers Combat Applications dir\u017eais\u2122. UWL\u2122 si\u016blo daug tvirtinimo galimybi\u0173. Nors didelis vamzd\u017eio kar\u0161tis gali deformuoti i\u0161orin\u0119 dang\u0105, ner\u016bdijan\u010dio plieno \u0161erdis i\u0161lieka nepa\u017eeista, u\u017etikrinant patikimum\u0105 sud\u0117tingomis s\u0105lygomis.<\/p>\n","protected":false},"excerpt":{"rendered":"<p>Universalus dir\u017eo priedas su lanks\u010dia viela, skirtas \u012fvairiems tvirtinimo b\u016bdams.<\/p>\n","protected":false},"featured_media":50156,"template":"","meta":{"_acf_changed":false},"product_brand":[11135],"product_cat":[13704,13708],"product_tag":[],"class_list":{"0":"post-212935","1":"product","2":"type-product","3":"status-publish","4":"has-post-thumbnail","6":"product_brand-blue-force-gear","7":"product_cat-dirzai","8":"product_cat-iranga","10":"first","11":"instock","12":"taxable","13":"shipping-taxable","14":"purchasable","15":"product-type-variable","16":"wvs-archive-product-wrapper"},"acf":[],"_links":{"self":[{"href":"https:\/\/staging.nbg.eu\/lt\/wp-json\/wp\/v2\/product\/212935","targetHints":{"allow":["GET"]}}],"collection":[{"href":"https:\/\/staging.nbg.eu\/lt\/wp-json\/wp\/v2\/product"}],"about":[{"href":"https:\/\/staging.nbg.eu\/lt\/wp-json\/wp\/v2\/types\/product"}],"wp:featuredmedia":[{"embeddable":true,"href":"https:\/\/staging.nbg.eu\/lt\/wp-json\/wp\/v2\/media\/50156"}],"wp:attachment":[{"href":"https:\/\/staging.nbg.eu\/lt\/wp-json\/wp\/v2\/media?parent=212935"}],"wp:term":[{"taxonomy":"product_brand","embeddable":true,"href":"https:\/\/staging.nbg.eu\/lt\/wp-json\/wp\/v2\/product_brand?post=212935"},{"taxonomy":"product_cat","embeddable":true,"href":"https:\/\/staging.nbg.eu\/lt\/wp-json\/wp\/v2\/product_cat?post=212935"},{"taxonomy":"product_tag","embeddable":true,"href":"https:\/\/staging.nbg.eu\/lt\/wp-json\/wp\/v2\/product_tag?post=212935"}],"curies":[{"name":"wp","href":"https:\/\/api.w.org\/{rel}","templated":true}]}}