{"id":212215,"date":"2024-07-30T18:47:47","date_gmt":"2025-02-19T14:29:37","guid":{"rendered":"https:\/\/staging.nbg.eu\/product\/surefire-xsc-weaponlight\/"},"modified":"2025-02-19T14:31:25","modified_gmt":"2025-02-19T14:31:25","slug":"surefire-xsc-ginklo-zibintuvelis","status":"publish","type":"product","link":"https:\/\/staging.nbg.eu\/lt\/produktas\/surefire-xsc-ginklo-zibintuvelis\/","title":{"rendered":"SureFire XSC Ginklo \u017dibintuv\u0117lis"},"content":{"rendered":"<div class=\"product-description\">\n<h2>SureFire XSC ginklo \u017eibintas<\/h2>\n<p>SureFire XSC yra ginklo \u017eibintas, skirtas slaptai ne\u0161iojamiems ginklams. Sukurtas specialiai populiariems mikro-kompaktiniams ir sub-kompaktiniams pistoletams.<\/p>\n<h2>Pagrindin\u0117s savyb\u0117s:<\/h2>\n<ul>\n<li>350 liumen\u0173 baltos \u0161viesos<\/li>\n<li>Hibridinis spindulio modelis taikinio atpa\u017einimui<\/li>\n<li>Itin kompakti\u0161kas ir tvirtas dizainas<\/li>\n<li>\u012ekraunama li\u010dio polimer\u0173 baterija su greito pakeitimo galimybe<\/li>\n<li>Intuityvus, abipusis jungiklis<\/li>\n<li>Karin\u0117s specifikacijos anoduoto aliuminio korpusas<\/li>\n<li>IPX4 atsparumo oro s\u0105lygoms klas\u0117<\/li>\n<\/ul>\n<h2>Specifikacijos:<\/h2>\n<ul>\n<li>I\u0161vestis: 350 liumen\u0173<\/li>\n<li>Veikimo laikas: 30 minu\u010di\u0173<\/li>\n<li>Svoris: 48,2 g<\/li>\n<li>Ilgis: 4,9 cm<\/li>\n<li>Maksimalus spindulio intensyvumas: 2000 kandel\u0173<\/li>\n<li>Spindulio atstumas: 90 metr\u0173<\/li>\n<\/ul>\n<p>Pasirinkite tinkam\u0105 model\u012f savo ginklui:<\/p>\n<ul>\n<li>XSC-A skirtas Glock 43X ir 48 su b\u0117geliais<\/li>\n<li>XSC-P365 skirtas SIG SAUER P365 ir P365 XL<\/li>\n<li>XSC-HELLCAT skirtas Springfield Armory Hellcat<\/li>\n<li>XSC-B skirtas \u012fvairiems kitiems sub-kompaktiniams modeliams<\/li>\n<\/ul>\n<p>SureFire XSC ginklo \u017eibintas yra skirtas ap\u0161vietimui kritin\u0117se situacijose.<\/p>\n<\/div>\n","protected":false},"excerpt":{"rendered":"<p>Kompakti\u0161kas, galingas 350 liumen\u0173 \u0161viesos \u0161altinis, skirtas pasl\u0117ptai ne\u0161iojamiems pistoletams.<\/p>\n","protected":false},"featured_media":212216,"template":"","meta":{"_acf_changed":false},"product_brand":[11872],"product_cat":[13698,13725,13732],"product_tag":[],"class_list":{"0":"post-212215","1":"product","2":"type-product","3":"status-publish","4":"has-post-thumbnail","6":"product_brand-surefire","7":"product_cat-pistoletas","8":"product_cat-pistoletu-zibintuveliai","9":"product_cat-zibintuveliai","10":"pa_light-p-365-lt","11":"pa_light-xsc-a-lt","12":"pa_light-xsc-b-lt-2","14":"first","15":"instock","16":"taxable","17":"shipping-taxable","18":"purchasable","19":"product-type-variable","20":"wvs-archive-product-wrapper"},"acf":[],"_links":{"self":[{"href":"https:\/\/staging.nbg.eu\/lt\/wp-json\/wp\/v2\/product\/212215","targetHints":{"allow":["GET"]}}],"collection":[{"href":"https:\/\/staging.nbg.eu\/lt\/wp-json\/wp\/v2\/product"}],"about":[{"href":"https:\/\/staging.nbg.eu\/lt\/wp-json\/wp\/v2\/types\/product"}],"wp:featuredmedia":[{"embeddable":true,"href":"https:\/\/staging.nbg.eu\/lt\/wp-json\/wp\/v2\/media\/212216"}],"wp:attachment":[{"href":"https:\/\/staging.nbg.eu\/lt\/wp-json\/wp\/v2\/media?parent=212215"}],"wp:term":[{"taxonomy":"product_brand","embeddable":true,"href":"https:\/\/staging.nbg.eu\/lt\/wp-json\/wp\/v2\/product_brand?post=212215"},{"taxonomy":"product_cat","embeddable":true,"href":"https:\/\/staging.nbg.eu\/lt\/wp-json\/wp\/v2\/product_cat?post=212215"},{"taxonomy":"product_tag","embeddable":true,"href":"https:\/\/staging.nbg.eu\/lt\/wp-json\/wp\/v2\/product_tag?post=212215"}],"curies":[{"name":"wp","href":"https:\/\/api.w.org\/{rel}","templated":true}]}}