{"id":211516,"date":"2024-01-24T19:30:39","date_gmt":"2025-02-19T13:02:19","guid":{"rendered":"https:\/\/staging.nbg.eu\/product\/iosso-bolt-carrier-brush\/"},"modified":"2025-02-19T13:14:52","modified_gmt":"2025-02-19T13:14:52","slug":"iosso-uzrakto-remo-sepetelis","status":"publish","type":"product","link":"https:\/\/staging.nbg.eu\/lt\/produktas\/iosso-uzrakto-remo-sepetelis\/","title":{"rendered":"Iosso U\u017erakto R\u0117mo \u0160epet\u0117lis"},"content":{"rendered":"<p style=\"text-align: center\"><strong><span style=\"font-size: 170%\">losso spynos laikiklio \u0161epet\u0117liai<\/span><\/strong><\/p>\n<p>\u0160\u012f rinkin\u012f sudaro spynos laikiklio ir kameros \u0161epet\u0117li\u0173 paketai. Jie yra tiksliai i\u0161matuoti kruop\u0161\u010diam valymui. Jie pagaminti i\u0161 m\u0117lynos spalvos pluo\u0161to, kuris yra storas, standus ir gerai i\u0161laiko form\u0105. Tai leid\u017eia judes\u012f pirmyn ir atgal, skirtingai nuo tradicini\u0173 \u017ealvarini\u0173 ir bronzini\u0173 \u0161epet\u0117li\u0173. Jie gali b\u016bti naudojami kelis kartus, kol nusid\u0117v\u0117s.<\/p>\n<table width=\"305\">\n<tbody>\n<tr>\n<td width=\"305\"><strong>AR-15 spynos laikiklis su kai\u0161\u010diu, 2 vnt.<\/strong><\/td>\n<\/tr>\n<tr>\n<td><strong>AR.308 \u0161autuvo spynos laikiklis su kai\u0161\u010diu, 2 vnt.<\/strong><\/td>\n<\/tr>\n<\/tbody>\n<\/table>\n","protected":false},"excerpt":{"rendered":"<p><strong>Dydis pritaikytas preciziniam valymui su ma\u017eu nuokrypiu<\/strong><\/p>\n","protected":false},"featured_media":107711,"template":"","meta":{"_acf_changed":false},"product_brand":[11471],"product_cat":[13722,13749],"product_tag":[],"class_list":{"0":"post-211516","1":"product","2":"type-product","3":"status-publish","4":"has-post-thumbnail","6":"product_brand-iosso","7":"product_cat-ginklu-valymas","8":"product_cat-sepeteliai","9":"pa_model-ar-308-lt-2","10":"pa_model-ar-15-lt","12":"first","13":"instock","14":"taxable","15":"shipping-taxable","16":"purchasable","17":"product-type-variable","18":"wvs-archive-product-wrapper"},"acf":[],"_links":{"self":[{"href":"https:\/\/staging.nbg.eu\/lt\/wp-json\/wp\/v2\/product\/211516","targetHints":{"allow":["GET"]}}],"collection":[{"href":"https:\/\/staging.nbg.eu\/lt\/wp-json\/wp\/v2\/product"}],"about":[{"href":"https:\/\/staging.nbg.eu\/lt\/wp-json\/wp\/v2\/types\/product"}],"wp:featuredmedia":[{"embeddable":true,"href":"https:\/\/staging.nbg.eu\/lt\/wp-json\/wp\/v2\/media\/107711"}],"wp:attachment":[{"href":"https:\/\/staging.nbg.eu\/lt\/wp-json\/wp\/v2\/media?parent=211516"}],"wp:term":[{"taxonomy":"product_brand","embeddable":true,"href":"https:\/\/staging.nbg.eu\/lt\/wp-json\/wp\/v2\/product_brand?post=211516"},{"taxonomy":"product_cat","embeddable":true,"href":"https:\/\/staging.nbg.eu\/lt\/wp-json\/wp\/v2\/product_cat?post=211516"},{"taxonomy":"product_tag","embeddable":true,"href":"https:\/\/staging.nbg.eu\/lt\/wp-json\/wp\/v2\/product_tag?post=211516"}],"curies":[{"name":"wp","href":"https:\/\/api.w.org\/{rel}","templated":true}]}}