{"id":208659,"date":"2024-07-29T13:02:15","date_gmt":"2024-07-29T13:02:15","guid":{"rendered":"https:\/\/staging.nbg.eu\/product\/bore-tech-friction-guard-xp-120ml\/"},"modified":"2025-02-16T16:55:07","modified_gmt":"2025-02-16T16:55:07","slug":"bore-tech-friction-guard-xp-120ml","status":"publish","type":"product","link":"https:\/\/staging.nbg.eu\/lt\/produktas\/bore-tech-friction-guard-xp-120ml\/","title":{"rendered":"Bore Tech Friction Guard XP 120ml"},"content":{"rendered":"<h2>Bore Tech Friction Guard XP ginklo alyva &#8211; 120ml<\/h2>\n<p>Bore Tech Friction Guard XP ginklo alyva yra sintetinis mi\u0161inys, atitinkantis MIL-PRF-63460E reikalavimus. Ji si\u016blo:<\/p>\n<ul>\n<li>Tepim\u0105 nuo -73\u00b0C iki 316\u00b0C<\/li>\n<li>95% trinties ir nusid\u0117v\u0117jimo suma\u017einim\u0105<\/li>\n<li>Apsaug\u0105 nuo korozijos<\/li>\n<li>\u012esiskverbim\u0105 ir sukibim\u0105 su metalo pavir\u0161iais<\/li>\n<li>Apsaug\u0105 nuo nusid\u0117v\u0117jimo<\/li>\n<li>Atsparum\u0105 ekstremalioms temperat\u016broms<\/li>\n<li>100+ valand\u0173 apsaug\u0105 druskos pur\u0161kimo teste<\/li>\n<li>Dr\u0117gm\u0117s pa\u0161alinim\u0105<\/li>\n<li>Dulki\u0173 ir ne\u0161varum\u0173 atst\u016bmim\u0105<\/li>\n<\/ul>\n<p>Tinka \u0161auliams, med\u017eiotojams ir ginkl\u0173 entuziastams. Friction Guard XP apsaugo ginklo vamzd\u012f naudojimo ir laikymo metu.<\/p>\n","protected":false},"excerpt":{"rendered":"<p>Auk\u0161tos kokyb\u0117s sintetin\u0117 ginkl\u0173 alyva, u\u017etikrinanti puik\u0173 tepim\u0105 ir apsaug\u0105.<\/p>\n","protected":false},"featured_media":150486,"template":"","meta":{"_acf_changed":false},"product_brand":[11158],"product_cat":[13722,13710],"product_tag":[],"class_list":{"0":"post-208659","1":"product","2":"type-product","3":"status-publish","4":"has-post-thumbnail","6":"product_brand-boretech","7":"product_cat-ginklu-valymas","8":"product_cat-tepalai","10":"first","11":"instock","12":"taxable","13":"shipping-taxable","14":"purchasable","15":"product-type-simple"},"acf":[],"_links":{"self":[{"href":"https:\/\/staging.nbg.eu\/lt\/wp-json\/wp\/v2\/product\/208659","targetHints":{"allow":["GET"]}}],"collection":[{"href":"https:\/\/staging.nbg.eu\/lt\/wp-json\/wp\/v2\/product"}],"about":[{"href":"https:\/\/staging.nbg.eu\/lt\/wp-json\/wp\/v2\/types\/product"}],"wp:featuredmedia":[{"embeddable":true,"href":"https:\/\/staging.nbg.eu\/lt\/wp-json\/wp\/v2\/media\/150486"}],"wp:attachment":[{"href":"https:\/\/staging.nbg.eu\/lt\/wp-json\/wp\/v2\/media?parent=208659"}],"wp:term":[{"taxonomy":"product_brand","embeddable":true,"href":"https:\/\/staging.nbg.eu\/lt\/wp-json\/wp\/v2\/product_brand?post=208659"},{"taxonomy":"product_cat","embeddable":true,"href":"https:\/\/staging.nbg.eu\/lt\/wp-json\/wp\/v2\/product_cat?post=208659"},{"taxonomy":"product_tag","embeddable":true,"href":"https:\/\/staging.nbg.eu\/lt\/wp-json\/wp\/v2\/product_tag?post=208659"}],"curies":[{"name":"wp","href":"https:\/\/api.w.org\/{rel}","templated":true}]}}