{"id":205383,"date":"2024-08-16T18:01:15","date_gmt":"2025-02-13T15:24:31","guid":{"rendered":"https:\/\/staging.nbg.eu\/product\/rhh-ipsc-holster-mount-509\/"},"modified":"2025-02-13T15:26:07","modified_gmt":"2025-02-13T15:26:07","slug":"rhh-ipsc-deklo-laikiklis-509","status":"publish","type":"product","link":"https:\/\/staging.nbg.eu\/lt\/produktas\/rhh-ipsc-deklo-laikiklis-509\/","title":{"rendered":"RHH IPSC D\u0117klo Laikiklis .509"},"content":{"rendered":"<div class=\"product-description\">\n<h2>RHH IPSC d\u0117klo laikiklis .509<\/h2>\n<p>RHH IPSC d\u0117klo laikiklis .509 suteikia galimyb\u0119 pritaikyti d\u0117klo nustatymus:<\/p>\n<ul>\n<li><strong>Reguliuojamas polinkis:<\/strong> Galima reguliuoti kamp\u0105 bet kuria kryptimi ir keisti bet kuriuo metu.<\/li>\n<li><strong>Keli\u0173 a\u0161i\u0173 konfig\u016bracija:<\/strong> Galima derinti su auk\u0161\u010dio reguliavimu, kei\u010diant iki trij\u0173 a\u0161i\u0173, i\u0161laikant norim\u0105 auk\u0161t\u012f.<\/li>\n<li><strong>\u0160oninio pakreipimo valdymas:<\/strong> D\u0117klo pakreipim\u0105 galima reguliuoti ver\u017eiant var\u017etus. Pridedami du var\u017et\u0173 ir pover\u017eli\u0173 rinkiniai skirtingiems atstumams nuo k\u016bno.<\/li>\n<li><strong>Lankstus auk\u0161\u010dio reguliavimas:<\/strong> Kelios var\u017et\u0173 skyl\u0117s leid\u017eia optimizuoti d\u0117klo auk\u0161t\u012f dir\u017eo at\u017evilgiu, siekiant sklandesnio ginklo i\u0161traukimo.<\/li>\n<\/ul>\n<p><strong>Svoris:<\/strong> 0,19 kg<\/p>\n<p>RHH IPSC d\u0117klo laikiklis .509 leid\u017eia pritaikyti \u0161audymo \u012frang\u0105 pagal asmeninius poreikius.<\/p>\n<\/div>\n","protected":false},"excerpt":{"rendered":"<p>Reguliuojamas IPSC d\u0117klo laikiklis: pritaikomas pasvirimas, auk\u0161tis ir kampas.<\/p>\n","protected":false},"featured_media":23136,"template":"","meta":{"_acf_changed":false},"product_brand":[11639],"product_cat":[13728,13733],"product_tag":[],"class_list":{"0":"post-205383","1":"product","2":"type-product","3":"status-publish","4":"has-post-thumbnail","6":"product_brand-rh-holsters","7":"product_cat-deklo-priedai","8":"product_cat-sportinis-deklas","10":"first","11":"instock","12":"taxable","13":"shipping-taxable","14":"purchasable","15":"product-type-simple"},"acf":[],"_links":{"self":[{"href":"https:\/\/staging.nbg.eu\/lt\/wp-json\/wp\/v2\/product\/205383","targetHints":{"allow":["GET"]}}],"collection":[{"href":"https:\/\/staging.nbg.eu\/lt\/wp-json\/wp\/v2\/product"}],"about":[{"href":"https:\/\/staging.nbg.eu\/lt\/wp-json\/wp\/v2\/types\/product"}],"wp:featuredmedia":[{"embeddable":true,"href":"https:\/\/staging.nbg.eu\/lt\/wp-json\/wp\/v2\/media\/23136"}],"wp:attachment":[{"href":"https:\/\/staging.nbg.eu\/lt\/wp-json\/wp\/v2\/media?parent=205383"}],"wp:term":[{"taxonomy":"product_brand","embeddable":true,"href":"https:\/\/staging.nbg.eu\/lt\/wp-json\/wp\/v2\/product_brand?post=205383"},{"taxonomy":"product_cat","embeddable":true,"href":"https:\/\/staging.nbg.eu\/lt\/wp-json\/wp\/v2\/product_cat?post=205383"},{"taxonomy":"product_tag","embeddable":true,"href":"https:\/\/staging.nbg.eu\/lt\/wp-json\/wp\/v2\/product_tag?post=205383"}],"curies":[{"name":"wp","href":"https:\/\/api.w.org\/{rel}","templated":true}]}}