{"id":205267,"date":"2024-09-02T10:50:03","date_gmt":"2025-02-13T15:10:15","guid":{"rendered":"https:\/\/staging.nbg.eu\/product\/badger-ordnance-c1-12-oclock-top-optical-platform-for-trijicon-rmr\/"},"modified":"2025-02-13T15:12:17","modified_gmt":"2025-02-13T15:12:17","slug":"badger-ordnance-c1-12-valandu-virsutine-optine-platforma-trijicon-rmr","status":"publish","type":"product","link":"https:\/\/staging.nbg.eu\/lt\/produktas\/badger-ordnance-c1-12-valandu-virsutine-optine-platforma-trijicon-rmr\/","title":{"rendered":"Badger Ordnance C1 12 Valand\u0173 Vir\u0161utin\u0117 Optin\u0117 Platforma Trijicon RMR"},"content":{"rendered":"<div class=\"product-description\">\n<h2>Badger Ordnance C1 12 valandos vir\u0161utin\u0117 optin\u0117 platforma Trijicon RMR<\/h2>\n<p>Badger Ordnance C1 12TOP yra tvirtinimo sprendimas, skirtas integruoti Trijicon RMR arba suderinam\u0105 optik\u0105 \u012f j\u016bs\u0173 C1 ARC sistem\u0105. \u0160i platforma si\u016blo 12 valand\u0173 pozicijoje montuojam\u0105 raudonojo ta\u0161ko konfig\u016bracij\u0105, u\u017etikrinan\u010di\u0105 greit\u0105 taikinio aptikim\u0105.<\/p>\n<h2>Pagrindin\u0117s savyb\u0117s:<\/h2>\n<ul>\n<li>Pagaminta i\u0161 6061 T6 aliuminio<\/li>\n<li>III tipo kietasis anodinis pavir\u0161ius ilgaam\u017ei\u0161kumui<\/li>\n<li>Lengvas dizainas, svoris tik 0,5 uncijos<\/li>\n<li>\u012eskaitant lipn\u0173 vandeniui atspar\u0173 tarpikl\u012f tvirtam montavimui<\/li>\n<li>Suderinama su \u012fvairia optika, naudojan\u010dia Trijicon RMR jungt\u012f<\/li>\n<\/ul>\n<h2>Suderinamumas:<\/h2>\n<p>C1 12TOP yra suderinama su \u012fvairia optika, \u012fskaitant:<\/p>\n<ul>\n<li>Trijicon RMR ir SRO<\/li>\n<li>Holosun HS407C, HS507C ir HS508T<\/li>\n<li>Swampfox Kingslayer, Liberty RMR 1&#215;22 ir Justice RMR 1&#215;27<\/li>\n<li>NcStar VISM FlipDot Pro<\/li>\n<li>Riton X3 Tactix PRD<\/li>\n<li>Vector Optics Frenzy 1x22x26<\/li>\n<\/ul>\n<p>Badger Ordnance C1 12 valandos vir\u0161utin\u0117 optin\u0117 platforma padidina tikslum\u0105 ir universalum\u0105 bet kokioje \u0161audymo situacijoje.<\/p>\n<\/div>\n","protected":false},"excerpt":{"rendered":"<p>Badger C1 12TOP: Lengvas RMR laikiklis 12 valandos optikai<\/p>\n","protected":false},"featured_media":35413,"template":"","meta":{"_acf_changed":false},"product_brand":[11089],"product_cat":[13718,13717],"product_tag":[],"class_list":{"0":"post-205267","1":"product","2":"type-product","3":"status-publish","4":"has-post-thumbnail","6":"product_brand-badger-ordnance","7":"product_cat-raudoni-taskai","8":"product_cat-taikymas","10":"first","11":"instock","12":"taxable","13":"shipping-taxable","14":"purchasable","15":"product-type-simple"},"acf":[],"_links":{"self":[{"href":"https:\/\/staging.nbg.eu\/lt\/wp-json\/wp\/v2\/product\/205267","targetHints":{"allow":["GET"]}}],"collection":[{"href":"https:\/\/staging.nbg.eu\/lt\/wp-json\/wp\/v2\/product"}],"about":[{"href":"https:\/\/staging.nbg.eu\/lt\/wp-json\/wp\/v2\/types\/product"}],"wp:featuredmedia":[{"embeddable":true,"href":"https:\/\/staging.nbg.eu\/lt\/wp-json\/wp\/v2\/media\/35413"}],"wp:attachment":[{"href":"https:\/\/staging.nbg.eu\/lt\/wp-json\/wp\/v2\/media?parent=205267"}],"wp:term":[{"taxonomy":"product_brand","embeddable":true,"href":"https:\/\/staging.nbg.eu\/lt\/wp-json\/wp\/v2\/product_brand?post=205267"},{"taxonomy":"product_cat","embeddable":true,"href":"https:\/\/staging.nbg.eu\/lt\/wp-json\/wp\/v2\/product_cat?post=205267"},{"taxonomy":"product_tag","embeddable":true,"href":"https:\/\/staging.nbg.eu\/lt\/wp-json\/wp\/v2\/product_tag?post=205267"}],"curies":[{"name":"wp","href":"https:\/\/api.w.org\/{rel}","templated":true}]}}